{"id":1117,"date":"2022-11-01T07:43:49","date_gmt":"2022-11-01T07:43:49","guid":{"rendered":"https:\/\/greenvet.sharecode.io.vn\/?page_id=1117"},"modified":"2022-11-10T13:27:36","modified_gmt":"2022-11-10T06:27:36","slug":"dich-vu","status":"publish","type":"page","link":"https:\/\/greenvet.sharecode.io.vn\/?page_id=1117","title":{"rendered":"D\u1ecbch v\u1ee5"},"content":{"rendered":"<p>C\u00f4ng ty c\u1ed5 ph\u1ea7n <a href=\"https:\/\/greenvet.sharecode.io.vn\/#\"><strong>Th\u00fa Y Xanh<\/strong><\/a> kh\u00f4ng nh\u1eefng n\u1ed5i ti\u1ebfng v\u1ec1 c\u00e1c s\u1ea3n ph\u1ea9m ch\u1ea5t l\u01b0\u1ee3ng nh\u1ea5t tr\u00ean th\u1ecb tr\u01b0\u1eddng, m\u00e0 ch\u1ea5t l\u01b0\u1ee3ng <a href=\"https:\/\/greenvet.sharecode.io.vn\/dich-vu\/#\"><strong>d\u1ecbch v\u1ee5<\/strong><\/a> c\u0169ng kh\u00f4ng k\u00e9m ph\u1ea7n. Khi tr\u1edf th\u00e0nh kh\u00e1ch h\u00e0ng c\u1ee7a Th\u00fa Y Xanh,Qu\u00fd kh\u00e1ch h\u00e0ng s\u1ebd \u0111\u01b0\u1ee3c tr\u1ea3i nghi\u1ec7m c\u00e1c d\u1ecbch v\u1ee5 sau:<\/p>\n<h2>1. D\u1ecbch v\u1ee5 th\u0103m kh\u00e1m v\u00e0 t\u01b0 v\u1ea5n k\u1ef9 thu\u1eadt<\/h2>\n<p>\u0110\u1ed9i ng\u0169 k\u1ef9 thu\u1eadt h\u1ed7 tr\u1ee3 t\u1ea1i tr\u1ea1i gi\u00e0u kinh nghi\u1ec7m, tr\u00ecnh \u0111\u1ed9 chuy\u00ean m\u00f4n cao v\u00e0 \u0111\u01b0\u1ee3c \u0111\u00e0o t\u1ea1o b\u00e0i b\u1ea3n t\u1eeb c\u00e1c tr\u01b0\u1eddng \u0110\u1ea1i h\u1ecdc tr\u00ean c\u1ea3 n\u01b0\u1edbc v\u00e0 c\u00e1c chuy\u00ean gia uy t\u00edn n\u01b0\u1edbc ngo\u00e0i; \u0111\u1ea3m b\u1ea3o quy tr\u00ecnh t\u01b0 v\u1ea5n, h\u1ed7 tr\u1ee3 \u0111i\u1ec1u tr\u1ecb, l\u00ean l\u1ecbch vaccine \u0111\u1ebfn c\u00e1c trang tr\u1ea1i l\u00e0 k\u1ecbp th\u1eddi, \u0111\u00fang v\u00e0 \u0111\u1ee7 nh\u1ea5t.<\/p>\n<p><img loading=\"lazy\" decoding=\"async\" class=\"wp-image-2221 aligncenter\" src=\"https:\/\/greenvet.sharecode.io.vn\/wp-content\/uploads\/2022\/11\/2c63a44bd264143a4d75.jpg\" alt=\"D\u1ecbch v\u1ee5 t\u01b0 v\u1ea5n k\u1ef9 thu\u1eadt v\u00e0 th\u0103m kh\u00e1m\" width=\"574\" height=\"423\" \/><\/p>\n<figure id=\"attachment_2197\" aria-describedby=\"caption-attachment-2197\" style=\"width: 571px\" class=\"wp-caption aligncenter\"><img loading=\"lazy\" decoding=\"async\" class=\"size-medium wp-image-2197\" src=\"https:\/\/greenvet.sharecode.io.vn\/wp-content\/uploads\/2022\/11\/Dich-vu-tue-van-ky-thuat-571x400.jpg\" alt=\"D\u1ecbch v\u1ee5 tue v\u1ea5n k\u1ef9 thu\u1eadt\" width=\"571\" height=\"400\" srcset=\"https:\/\/greenvet.sharecode.io.vn\/wp-content\/uploads\/2022\/11\/Dich-vu-tue-van-ky-thuat-571x400.jpg 571w, https:\/\/greenvet.sharecode.io.vn\/wp-content\/uploads\/2022\/11\/Dich-vu-tue-van-ky-thuat-600x420.jpg 600w, https:\/\/greenvet.sharecode.io.vn\/wp-content\/uploads\/2022\/11\/Dich-vu-tue-van-ky-thuat.jpg 700w\" sizes=\"auto, (max-width: 571px) 100vw, 571px\" \/><figcaption id=\"caption-attachment-2197\" class=\"wp-caption-text\">D\u1ecbch v\u1ee5 th\u0103m kh\u00e1m v\u00e0 t\u01b0 v\u1ea5n k\u1ef9 thu\u1eadt<\/figcaption><\/figure>\n<h2>2. D\u1ecbch v\u1ee5 x\u00e9t nghi\u1ec7m<\/h2>\n<p>\u0110i \u0111\u1ea7u trong l\u0129nh v\u1ef1c tri\u1ec3n khai h\u1ec7 th\u1ed1ng ph\u00f2ng x\u00e9t nghi\u1ec7m th\u00fa y c\u00f4ng ngh\u1ec7 cao, Greenlab c\u00f3 n\u0103ng l\u1ef1c th\u1ef1c hi\u1ec7n \u0111\u1ea7y \u0111\u1ee7 c\u00e1c x\u00e9t nghi\u1ec7m nh\u01b0 PCR, rtPCR huy\u1ebft thanh h\u1ecdc, HI, HA, ELISA,&#8230; t\u1ed1c \u0111\u1ed9 tr\u1ea3 k\u1ebft qu\u1ea3 nhanh ch\u00f3ng v\u00e0 ch\u00ednh x\u00e1c<\/p>\n<figure id=\"attachment_2443\" aria-describedby=\"caption-attachment-2443\" style=\"width: 571px\" class=\"wp-caption aligncenter\"><img loading=\"lazy\" decoding=\"async\" class=\"size-medium wp-image-2443\" src=\"https:\/\/greenvet.sharecode.io.vn\/wp-content\/uploads\/2022\/11\/Dich-vu-xet-nghiem-571x400.jpg\" alt=\"D\u1ecbch v\u1ee5 x\u00e9t nghi\u1ec7m\" width=\"571\" height=\"400\" srcset=\"https:\/\/greenvet.sharecode.io.vn\/wp-content\/uploads\/2022\/11\/Dich-vu-xet-nghiem-571x400.jpg 571w, https:\/\/greenvet.sharecode.io.vn\/wp-content\/uploads\/2022\/11\/Dich-vu-xet-nghiem-768x538.jpg 768w, https:\/\/greenvet.sharecode.io.vn\/wp-content\/uploads\/2022\/11\/Dich-vu-xet-nghiem-600x420.jpg 600w, https:\/\/greenvet.sharecode.io.vn\/wp-content\/uploads\/2022\/11\/Dich-vu-xet-nghiem.jpg 1080w\" sizes=\"auto, (max-width: 571px) 100vw, 571px\" \/><figcaption id=\"caption-attachment-2443\" class=\"wp-caption-text\">D\u1ecbch v\u1ee5 x\u00e9t nghi\u1ec7m<\/figcaption><\/figure>\n<h2>3. D\u1ecbch v\u1ee5 vaccinator<\/h2>\n<p>\u0110\u1ed9i ng\u0169 vaccinator \u0111\u01b0\u1ee3c \u0111\u00e0o t\u1ea1o chuy\u00ean s\u00e2u, h\u1ed7 tr\u1ee3 kh\u00e1ch h\u00e0ng l\u00ean l\u1ecbch, ti\u00eam vaccine \u0111\u00fang k\u1ef9 thu\u1eadt, \u0111\u1ea3m b\u1ea3o ch\u1ea5t l\u01b0\u1ee3ng, hi\u1ec7u qu\u1ea3 s\u1ea3n ph\u1ea9m. C\u00f9ng v\u1edbi \u0111\u00f3 \u0111\u1ed9i ng\u0169 k\u1ef9 thu\u1eadt th\u1ecb tr\u01b0\u1eddng gi\u00e0u kinh nghi\u1ec7m, tr\u00ecnh \u0111\u1ed9 chuy\u00ean m\u00f4n cao c\u1ee7a GreenGroup c\u0169ng lu\u00f4n \u0111\u1ea3m b\u1ea3o quy tr\u00ecnh t\u01b0 v\u1ea5n, h\u1ed7 tr\u1ee3 kh\u00e1m, \u0111i\u1ec1u tr\u1ecb, \u0111\u1ebfn c\u00e1c trang tr\u1ea1i k\u1ecbp th\u1eddi, \u0111\u00fang v\u00e0 \u0111\u1ee7 nh\u1ea5t \u0111\u1ed3ng th\u1eddi h\u1ed7 tr\u1ee3 cho c\u00e1c ho\u1ea1t \u0111\u1ed9ng m\u1edf r\u1ed9ng kinh doanh v\u00e0 h\u1ee3p t\u00e1c ph\u00e2n ph\u1ed1i.<\/p>\n<figure id=\"attachment_2406\" aria-describedby=\"caption-attachment-2406\" style=\"width: 571px\" class=\"wp-caption aligncenter\"><img loading=\"lazy\" decoding=\"async\" class=\"size-medium wp-image-2406\" src=\"https:\/\/greenvet.sharecode.io.vn\/wp-content\/uploads\/2022\/11\/Dich-vu-tiem-vaccine-571x400.jpg\" alt=\"D\u1ecbch v\u1ee5 vaccinator\" width=\"571\" height=\"400\" srcset=\"https:\/\/greenvet.sharecode.io.vn\/wp-content\/uploads\/2022\/11\/Dich-vu-tiem-vaccine-571x400.jpg 571w, https:\/\/greenvet.sharecode.io.vn\/wp-content\/uploads\/2022\/11\/Dich-vu-tiem-vaccine-1142x800.jpg 1142w, https:\/\/greenvet.sharecode.io.vn\/wp-content\/uploads\/2022\/11\/Dich-vu-tiem-vaccine-768x538.jpg 768w, https:\/\/greenvet.sharecode.io.vn\/wp-content\/uploads\/2022\/11\/Dich-vu-tiem-vaccine-1536x1076.jpg 1536w, https:\/\/greenvet.sharecode.io.vn\/wp-content\/uploads\/2022\/11\/Dich-vu-tiem-vaccine-2048x1435.jpg 2048w, https:\/\/greenvet.sharecode.io.vn\/wp-content\/uploads\/2022\/11\/Dich-vu-tiem-vaccine-600x420.jpg 600w\" sizes=\"auto, (max-width: 571px) 100vw, 571px\" \/><figcaption id=\"caption-attachment-2406\" class=\"wp-caption-text\">D\u1ecbch v\u1ee5 vaccinator<\/figcaption><\/figure>\n<h2>4. \u0110\u1ed9i ng\u0169 ch\u0103m s\u00f3c kh\u00e1ch h\u00e0ng<\/h2>\n<p>Trung t\u00e2m ch\u0103m s\u00f3c kh\u00e1ch h\u00e0ng \u0111\u01b0\u1ee3c d\u1eabn d\u1eaft b\u1edfi \u0111\u1ed9i ng\u0169 B\u00e1c s\u0129 Th\u00fa y, K\u1ef9 s\u01b0 ch\u0103n nu\u00f4i t\u01b0 v\u1ea5n mi\u1ec5n ph\u00ed 24\/7; H\u1ed7 tr\u1ee3 kh\u00e1ch h\u00e0ng g\u1eb7p v\u1ea5n \u0111\u1ec1 trong qu\u00e1 tr\u00ecnh ch\u0103n nu\u00f4i kh\u00f4ng k\u1ec3 th\u1eddi gian v\u00e0 kho\u1ea3ng c\u00e1ch<\/p>\n<figure id=\"attachment_2440\" aria-describedby=\"caption-attachment-2440\" style=\"width: 571px\" class=\"wp-caption aligncenter\"><img loading=\"lazy\" decoding=\"async\" class=\"size-medium wp-image-2440\" src=\"https:\/\/greenvet.sharecode.io.vn\/wp-content\/uploads\/2022\/11\/2-01-571x400.jpg\" alt=\"\u0110\u1ed9i Ng\u0169 Ch\u0103m S\u00f3c Kh\u00e1ch H\u00e0ng Th\u00fa Y Xanh\" width=\"571\" height=\"400\" srcset=\"https:\/\/greenvet.sharecode.io.vn\/wp-content\/uploads\/2022\/11\/2-01-571x400.jpg 571w, https:\/\/greenvet.sharecode.io.vn\/wp-content\/uploads\/2022\/11\/2-01-768x538.jpg 768w, https:\/\/greenvet.sharecode.io.vn\/wp-content\/uploads\/2022\/11\/2-01-600x420.jpg 600w, https:\/\/greenvet.sharecode.io.vn\/wp-content\/uploads\/2022\/11\/2-01.jpg 1080w\" sizes=\"auto, (max-width: 571px) 100vw, 571px\" \/><figcaption id=\"caption-attachment-2440\" class=\"wp-caption-text\">\u0110\u1ed9i Ng\u0169 Ch\u0103m S\u00f3c Kh\u00e1ch H\u00e0ng Th\u00fa Y Xanh<\/figcaption><\/figure>\n<p>\u00a0<\/p>\n","protected":false},"excerpt":{"rendered":"<p>C\u00f4ng ty c\u1ed5 ph\u1ea7n Th\u00fa Y Xanh kh\u00f4ng nh\u1eefng n\u1ed5i ti\u1ebfng v\u1ec1 c\u00e1c s\u1ea3n ph\u1ea9m ch\u1ea5t l\u01b0\u1ee3ng nh\u1ea5t tr\u00ean th\u1ecb tr\u01b0\u1eddng, m\u00e0 ch\u1ea5t l\u01b0\u1ee3ng d\u1ecbch v\u1ee5 c\u0169ng kh\u00f4ng k\u00e9m ph\u1ea7n.<\/p>\n","protected":false},"author":0,"featured_media":2221,"parent":0,"menu_order":0,"comment_status":"closed","ping_status":"closed","template":"page-right-sidebar.php","meta":{"footnotes":""},"class_list":["post-1117","page","type-page","status-publish","has-post-thumbnail","hentry"],"acf":[],"_links":{"self":[{"href":"https:\/\/greenvet.sharecode.io.vn\/index.php?rest_route=\/wp\/v2\/pages\/1117","targetHints":{"allow":["GET"]}}],"collection":[{"href":"https:\/\/greenvet.sharecode.io.vn\/index.php?rest_route=\/wp\/v2\/pages"}],"about":[{"href":"https:\/\/greenvet.sharecode.io.vn\/index.php?rest_route=\/wp\/v2\/types\/page"}],"replies":[{"embeddable":true,"href":"https:\/\/greenvet.sharecode.io.vn\/index.php?rest_route=%2Fwp%2Fv2%2Fcomments&post=1117"}],"version-history":[{"count":18,"href":"https:\/\/greenvet.sharecode.io.vn\/index.php?rest_route=\/wp\/v2\/pages\/1117\/revisions"}],"predecessor-version":[{"id":2724,"href":"https:\/\/greenvet.sharecode.io.vn\/index.php?rest_route=\/wp\/v2\/pages\/1117\/revisions\/2724"}],"wp:featuredmedia":[{"embeddable":true,"href":"https:\/\/greenvet.sharecode.io.vn\/index.php?rest_route=\/wp\/v2\/media\/2221"}],"wp:attachment":[{"href":"https:\/\/greenvet.sharecode.io.vn\/index.php?rest_route=%2Fwp%2Fv2%2Fmedia&parent=1117"}],"curies":[{"name":"wp","href":"https:\/\/api.w.org\/{rel}","templated":true}]}}