{"id":1730,"date":"2022-11-05T15:24:44","date_gmt":"2022-11-05T08:24:44","guid":{"rendered":"https:\/\/greenvet.sharecode.io.vn\/?post_type=product&#038;p=1730"},"modified":"2022-11-07T22:01:43","modified_gmt":"2022-11-07T15:01:43","slug":"vaccine-medivac-nd-ib","status":"publish","type":"product","link":"https:\/\/greenvet.sharecode.io.vn\/?product=vaccine-medivac-nd-ib","title":{"rendered":"Vaccine Medivac ND-IB"},"content":{"rendered":"<p><strong>TH\u00c0NH PH\u1ea6N:<\/strong><\/p>\n<p>Ch\u1ee9a virus Newcastle ch\u1ee7ng Clone 45 v\u00e0 virus IB ch\u1ee7ng H-120 Masachusetts<\/p>\n<p><strong>C\u00d4NG D\u1ee4NG:<\/strong><\/p>\n<p>Vaccin s\u1ed1ng\/\u0111\u00f4ng kh\u00f4 ph\u00f2ng b\u1ec7nh Vi\u00eam ph\u1ebf qu\u1ea3n truy\u1ec1n nhi\u1ec5m v\u00e0 b\u1ec7nh Newcastle<\/p>\n<p><strong>C\u00c1CH D\u00d9NG:<\/strong><\/p>\n<p>Nh\u1ecf m\u1eaft, nh\u1ecf m\u0169i, pha n\u01b0\u1edbc u\u1ed1ng ho\u1eb7c phun s\u01b0\u01a1ng<br \/>\nL\u1ea7n 1: 3-5 ng\u00e0y tu\u1ed5i<br \/>\nL\u1ea7n 2: 18-21 ng\u00e0y tu\u1ed5i<\/p>\n<p><strong>QUY C\u00c1CH:<\/strong><\/p>\n<p>Chai 200, 500 1000, 2000 li\u1ec1u<\/p>\n<p><strong>B\u1ea2O QU\u1ea2N:<\/strong><br \/>\nB\u1ea3o qu\u1ea3n n\u01a1i kh\u00f4 r\u00e1o, tho\u00e1ng m\u00e1t, nhi\u1ec7t \u0111\u1ed9 2 \u2013 8 \u0111\u1ed9 C, tr\u00e1nh \u00e1nh s\u00e1ng m\u1eb7t tr\u1eddi, tra\u0301nh \u0111\u00f4ng \u0111a\u0301.<br \/>\n<strong>S\u1ea2N XU\u1ea4T T\u1ea0I:<\/strong><br \/>\nC\u00f4ng ty Medion-Bandung \u2013 West Java, INDONESIA<\/p>\n","protected":false},"excerpt":{"rendered":"<p>Vaccine s\u1ed1ng \u0111\u00f4ng kh\u00f4 ph\u00f2ng b\u1ec7nh Newcastle v\u00e0 IB (vi\u00eam ph\u1ebf qu\u1ea3n truy\u1ec1n nhi\u1ec5m)<\/p>\n","protected":false},"featured_media":2353,"comment_status":"open","ping_status":"closed","template":"","meta":[],"dang_san_pham":[117],"product_brand":[],"product_cat":[59,91],"product_tag":[163,161,162],"class_list":{"0":"post-1730","1":"product","2":"type-product","3":"status-publish","4":"has-post-thumbnail","6":"dang_san_pham-dang-dung-dich","7":"product_cat-san-pham-cho-ga","8":"product_cat-vaccine","9":"product_tag-nd-ib","10":"product_tag-vaccine-medivac-nd-ib","11":"product_tag-vaccine-nd-ib","13":"first","14":"instock","15":"shipping-taxable","16":"product-type-simple"},"acf":[],"_links":{"self":[{"href":"https:\/\/greenvet.sharecode.io.vn\/index.php?rest_route=\/wp\/v2\/product\/1730","targetHints":{"allow":["GET"]}}],"collection":[{"href":"https:\/\/greenvet.sharecode.io.vn\/index.php?rest_route=\/wp\/v2\/product"}],"about":[{"href":"https:\/\/greenvet.sharecode.io.vn\/index.php?rest_route=\/wp\/v2\/types\/product"}],"replies":[{"embeddable":true,"href":"https:\/\/greenvet.sharecode.io.vn\/index.php?rest_route=%2Fwp%2Fv2%2Fcomments&post=1730"}],"wp:featuredmedia":[{"embeddable":true,"href":"https:\/\/greenvet.sharecode.io.vn\/index.php?rest_route=\/wp\/v2\/media\/2353"}],"wp:attachment":[{"href":"https:\/\/greenvet.sharecode.io.vn\/index.php?rest_route=%2Fwp%2Fv2%2Fmedia&parent=1730"}],"wp:term":[{"taxonomy":"dang_san_pham","embeddable":true,"href":"https:\/\/greenvet.sharecode.io.vn\/index.php?rest_route=%2Fwp%2Fv2%2Fdang_san_pham&post=1730"},{"taxonomy":"product_brand","embeddable":true,"href":"https:\/\/greenvet.sharecode.io.vn\/index.php?rest_route=%2Fwp%2Fv2%2Fproduct_brand&post=1730"},{"taxonomy":"product_cat","embeddable":true,"href":"https:\/\/greenvet.sharecode.io.vn\/index.php?rest_route=%2Fwp%2Fv2%2Fproduct_cat&post=1730"},{"taxonomy":"product_tag","embeddable":true,"href":"https:\/\/greenvet.sharecode.io.vn\/index.php?rest_route=%2Fwp%2Fv2%2Fproduct_tag&post=1730"}],"curies":[{"name":"wp","href":"https:\/\/api.w.org\/{rel}","templated":true}]}}