{"id":1738,"date":"2022-11-05T15:29:14","date_gmt":"2022-11-05T08:29:14","guid":{"rendered":"https:\/\/greenvet.sharecode.io.vn\/?post_type=product&#038;p=1738"},"modified":"2022-11-07T22:01:17","modified_gmt":"2022-11-07T15:01:17","slug":"vaccine-medivac-pox","status":"publish","type":"product","link":"https:\/\/greenvet.sharecode.io.vn\/?product=vaccine-medivac-pox","title":{"rendered":"Vaccine Medivac Pox"},"content":{"rendered":"<p><strong>TH\u00c0NH PH\u1ea6N:<\/strong><\/p>\n<p>Medivac Pox c\u00f3 ch\u1ee9a virus \u0111\u1eadu ch\u1ee7ng M92 v\u00e0 n\u01b0\u1edbc pha chuy\u00ean d\u1ee5ng<\/p>\n<p><strong>C\u00d4NG D\u1ee4NG:<\/strong><\/p>\n<p>Vaccin ph\u00f2ng b\u1ec7nh \u0111\u1eadu g\u00e0<\/p>\n<p><strong>C\u00c1CH D\u00d9NG:<\/strong><\/p>\n<p>Ch\u1ee7ng m\u00e0ng c\u00e1nh<br \/>\n+ \u0110\u1ed1i v\u1edbi v\u00f9ng nguy c\u01a1 x\u1ea3y ra d\u1ecbch \u0111\u1eadu g\u00e0 th\u1ea5p: Ch\u1ee7ng sau 10 tu\u1ea7n tu\u1ed5i.<br \/>\n+ \u0110\u1ed1i v\u1edbi v\u00f9ng nguy c\u01a1 x\u1ea3y ra d\u1ecbch \u0111\u1eadu g\u00e0 cao: Ch\u1ee7ng l\u00fac 2 tu\u1ea7n tr\u01b0\u1edbc khi x\u1ea3y ra d\u1ecbch v\u00e0 nh\u1eafc l\u1ea1i \u1edf 10 tu\u1ea7n tu\u1ed5i.<br \/>\n+ G\u00e0 \u0111\u1ebb l\u1ee9a hai c\u1ea7n \u0111\u01b0\u1ee3c t\u00e1i ch\u1ee7ng sau khi thay l\u00f4ng<\/p>\n<p><strong>QUY C\u00c1CH:<\/strong><\/p>\n<p>Chai 500 1000 li\u1ec1u<\/p>\n<p><strong>B\u1ea2O QU\u1ea2N:<\/strong><br \/>\nB\u1ea3o qu\u1ea3n n\u01a1i kh\u00f4 r\u00e1o, tho\u00e1ng m\u00e1t, nhi\u1ec7t \u0111\u1ed9 2 \u2013 8 \u0111\u1ed9 C, tr\u00e1nh \u00e1nh s\u00e1ng m\u1eb7t tr\u1eddi, tra\u0301nh \u0111\u00f4ng \u0111a\u0301.<br \/>\n<strong>S\u1ea2N XU\u1ea4T T\u1ea0I:<\/strong><br \/>\nC\u00f4ng ty Medion-Bandung \u2013 West Java, INDONESIA<\/p>\n","protected":false},"excerpt":{"rendered":"<p>Vaccine s\u1ed1ng \u0111\u00f4ng kh\u00f4 ph\u00f2ng b\u1ec7nh cho gia c\u1ea7m<\/p>\n","protected":false},"featured_media":1740,"comment_status":"open","ping_status":"closed","template":"","meta":[],"dang_san_pham":[119],"product_brand":[],"product_cat":[59,91],"product_tag":[166,164,165],"class_list":{"0":"post-1738","1":"product","2":"type-product","3":"status-publish","4":"has-post-thumbnail","6":"dang_san_pham-dang-tiem","7":"product_cat-san-pham-cho-ga","8":"product_cat-vaccine","9":"product_tag-pox","10":"product_tag-vaccine-medivac-pox","11":"product_tag-vaccine-pox","13":"first","14":"instock","15":"shipping-taxable","16":"product-type-simple"},"acf":[],"_links":{"self":[{"href":"https:\/\/greenvet.sharecode.io.vn\/index.php?rest_route=\/wp\/v2\/product\/1738","targetHints":{"allow":["GET"]}}],"collection":[{"href":"https:\/\/greenvet.sharecode.io.vn\/index.php?rest_route=\/wp\/v2\/product"}],"about":[{"href":"https:\/\/greenvet.sharecode.io.vn\/index.php?rest_route=\/wp\/v2\/types\/product"}],"replies":[{"embeddable":true,"href":"https:\/\/greenvet.sharecode.io.vn\/index.php?rest_route=%2Fwp%2Fv2%2Fcomments&post=1738"}],"wp:featuredmedia":[{"embeddable":true,"href":"https:\/\/greenvet.sharecode.io.vn\/index.php?rest_route=\/wp\/v2\/media\/1740"}],"wp:attachment":[{"href":"https:\/\/greenvet.sharecode.io.vn\/index.php?rest_route=%2Fwp%2Fv2%2Fmedia&parent=1738"}],"wp:term":[{"taxonomy":"dang_san_pham","embeddable":true,"href":"https:\/\/greenvet.sharecode.io.vn\/index.php?rest_route=%2Fwp%2Fv2%2Fdang_san_pham&post=1738"},{"taxonomy":"product_brand","embeddable":true,"href":"https:\/\/greenvet.sharecode.io.vn\/index.php?rest_route=%2Fwp%2Fv2%2Fproduct_brand&post=1738"},{"taxonomy":"product_cat","embeddable":true,"href":"https:\/\/greenvet.sharecode.io.vn\/index.php?rest_route=%2Fwp%2Fv2%2Fproduct_cat&post=1738"},{"taxonomy":"product_tag","embeddable":true,"href":"https:\/\/greenvet.sharecode.io.vn\/index.php?rest_route=%2Fwp%2Fv2%2Fproduct_tag&post=1738"}],"curies":[{"name":"wp","href":"https:\/\/api.w.org\/{rel}","templated":true}]}}