{"id":1752,"date":"2022-11-05T16:11:39","date_gmt":"2022-11-05T09:11:39","guid":{"rendered":"https:\/\/greenvet.sharecode.io.vn\/?post_type=product&#038;p=1752"},"modified":"2022-11-10T17:12:54","modified_gmt":"2022-11-10T10:12:54","slug":"vaccine-medivac-ilt-lowstress","status":"publish","type":"product","link":"https:\/\/greenvet.sharecode.io.vn\/?product=vaccine-medivac-ilt-lowstress","title":{"rendered":"Vaccine Medivac ILT (Lowstress)"},"content":{"rendered":"<p><strong>TH\u00c0NH PH\u1ea6N:<\/strong><\/p>\n<p>Virus vi\u00eam thanh kh\u00ed qu\u1ea3n truy\u1ec1n nhi\u1ec5m (ILT) ch\u1ee7ng A96<\/p>\n<p><strong>C\u00d4NG D\u1ee4NG:<\/strong><\/p>\n<p>Vaccin nh\u01b0\u1ee3c \u0111\u1ed9c \u0111\u00f4ng kh\u00f4 ph\u00f2ng b\u1ec7nh vi\u00eam thanh kh\u00ed qu\u1ea3n truy\u1ec1n nhi\u1ec5m tr\u00ean g\u00e0, c\u00f4ng ngh\u1ec7 m\u1edbi gi\u00fap gi\u1ea3m stress sau ch\u1ee7ng tr\u00ean gia c\u1ea7m<\/p>\n<p><strong>C\u00c1CH D\u00d9NG:<\/strong><\/p>\n<p>Nh\u1ecf m\u1eaft\/m\u0169i, nh\u1ecf 1 gi\u1ecdt vaccine v\u00e0o m\u1eaft\/m\u0169i cho m\u1ed7i g\u00e0<br \/>\nG\u00e0 th\u1ecbt v\u00e0 tr\u1ed1ng: Ch\u1ee7ng khi gia c\u1ea7m 2 &#8211; 3 tu\u1ea7n tu\u1ed5i.<br \/>\nG\u00e0 \u0111\u1ebb v\u00e0 g\u00e0 gi\u1ed1ng:<br \/>\n&#8211; \u1ede nh\u1eefng v\u00f9ng \u00edt nguy c\u01a1 x\u1ea3y ra d\u1ecbch ILT, ch\u1ee7ng vaccine khi g\u00e0 10 &#8211; 16 tu\u1ea7n tu\u1ed5i.<br \/>\n&#8211; \u1ede nh\u1eefng v\u00f9ng c\u00f3 nguy c\u01a1 m\u1eafc b\u1ec7nh ILT cao, ch\u1ee7ng vaccine khi gia c\u1ea7m 6 &#8211; 7 tu\u1ea7n tu\u1ed5i v\u00e0 t\u00e1i ch\u1ee7ng khi<br \/>\ngia c\u1ea7m 16 &#8211; 17 tu\u1ea7n tu\u1ed5i<\/p>\n<p><strong>QUY C\u00c1CH:<\/strong><\/p>\n<p>Chai 1000 li\u1ec1u<\/p>\n<p><strong>B\u1ea2O QU\u1ea2N:<\/strong><br \/>\nB\u1ea3o qu\u1ea3n n\u01a1i kh\u00f4 r\u00e1o, tho\u00e1ng m\u00e1t, nhi\u1ec7t \u0111\u1ed9 2 \u2013 8 \u0111\u1ed9 C, tr\u00e1nh \u00e1nh s\u00e1ng m\u1eb7t tr\u1eddi, tra\u0301nh \u0111\u00f4ng \u0111a\u0301.<br \/>\n<strong>S\u1ea2N XU\u1ea4T T\u1ea0I:<\/strong><br \/>\nC\u00f4ng ty Medion-Bandung \u2013 West Java, INDONESIA<\/p>\n","protected":false},"excerpt":{"rendered":"<p>Vaccine s\u1ed1ng \u0111\u00f4ng kh\u00f4 ph\u00f2ng b\u1ec7nh vi\u00eam thanh kh\u00ed qu\u1ea3n truy\u1ec1n nhi\u1ec5m (ILT) cho gia c\u1ea7m<\/p>\n","protected":false},"featured_media":1753,"comment_status":"open","ping_status":"closed","template":"","meta":[],"dang_san_pham":[117,119],"product_brand":[],"product_cat":[93,98,100],"product_tag":[173,171,169,172,170],"class_list":{"0":"post-1752","1":"product","2":"type-product","3":"status-publish","4":"has-post-thumbnail","6":"dang_san_pham-dang-dung-dich","7":"dang_san_pham-dang-tiem","8":"product_cat-vaccine-cho-ga","9":"product_cat-vaccine-cho-thuy-cam","10":"product_cat-vaccine-cho-vat-nuoi-khac","11":"product_tag-ilt-lowstress","12":"product_tag-lowstress","13":"product_tag-vaccine-ilt","14":"product_tag-vaccine-ilt-lowstress","15":"product_tag-vaccine-medivac-ilt-lowstress","17":"first","18":"instock","19":"shipping-taxable","20":"product-type-simple"},"acf":[],"_links":{"self":[{"href":"https:\/\/greenvet.sharecode.io.vn\/index.php?rest_route=\/wp\/v2\/product\/1752","targetHints":{"allow":["GET"]}}],"collection":[{"href":"https:\/\/greenvet.sharecode.io.vn\/index.php?rest_route=\/wp\/v2\/product"}],"about":[{"href":"https:\/\/greenvet.sharecode.io.vn\/index.php?rest_route=\/wp\/v2\/types\/product"}],"replies":[{"embeddable":true,"href":"https:\/\/greenvet.sharecode.io.vn\/index.php?rest_route=%2Fwp%2Fv2%2Fcomments&post=1752"}],"wp:featuredmedia":[{"embeddable":true,"href":"https:\/\/greenvet.sharecode.io.vn\/index.php?rest_route=\/wp\/v2\/media\/1753"}],"wp:attachment":[{"href":"https:\/\/greenvet.sharecode.io.vn\/index.php?rest_route=%2Fwp%2Fv2%2Fmedia&parent=1752"}],"wp:term":[{"taxonomy":"dang_san_pham","embeddable":true,"href":"https:\/\/greenvet.sharecode.io.vn\/index.php?rest_route=%2Fwp%2Fv2%2Fdang_san_pham&post=1752"},{"taxonomy":"product_brand","embeddable":true,"href":"https:\/\/greenvet.sharecode.io.vn\/index.php?rest_route=%2Fwp%2Fv2%2Fproduct_brand&post=1752"},{"taxonomy":"product_cat","embeddable":true,"href":"https:\/\/greenvet.sharecode.io.vn\/index.php?rest_route=%2Fwp%2Fv2%2Fproduct_cat&post=1752"},{"taxonomy":"product_tag","embeddable":true,"href":"https:\/\/greenvet.sharecode.io.vn\/index.php?rest_route=%2Fwp%2Fv2%2Fproduct_tag&post=1752"}],"curies":[{"name":"wp","href":"https:\/\/api.w.org\/{rel}","templated":true}]}}