{"id":1793,"date":"2022-11-05T16:33:20","date_gmt":"2022-11-05T09:33:20","guid":{"rendered":"https:\/\/greenvet.sharecode.io.vn\/?post_type=product&#038;p=1793"},"modified":"2022-11-10T11:36:26","modified_gmt":"2022-11-10T04:36:26","slug":"vaccine-medivac-nd-g7-emulsion","status":"publish","type":"product","link":"https:\/\/greenvet.sharecode.io.vn\/?product=vaccine-medivac-nd-g7-emulsion","title":{"rendered":"Vaccine Medivac ND G7 Emulsion"},"content":{"rendered":"<p><strong>TH\u00c0NH PH\u1ea6N:<\/strong><\/p>\n<p>ND vaccine c\u00f3 ch\u1ee9a Newcastle disease<\/p>\n<p>(ND) virus. Ch\u1ee7ng strain MD 15<\/p>\n<p>(Newcastle Virus Genotype 7)<\/p>\n<p><strong>C\u00d4NG D\u1ee4NG:<\/strong><\/p>\n<p>Vaccine v\u00f4 ho\u1ea1t d\u1ea1ng nh\u0169 d\u1ea7u ph\u00f2ng b\u1ec7nh Newcastle ch\u1ee7ng lasota v\u00e0 bi\u1ebfn ch\u1ee7ng \u0111\u1ed9c l\u1ef1c cao G7<\/p>\n<p><strong>C\u00c1CH D\u00d9NG:<\/strong><\/p>\n<p>Ti\u00eam b\u1eafp ho\u1eb7c ti\u00eam d\u01b0\u1edbi da. Ti\u00eam l\u1ea7n \u0111\u1ea7u v\u00e0o 4 ng\u00e0y tu\u1ed5i v\u00e0 nh\u1eafc l\u1ea1i sau 16-18 tu\u1ea7n ho\u1eb7c tu\u1ea7n tr\u01b0\u1edbc khi \u0111\u1ebb b\u00f3i.<br \/>\nG\u00e0 con: 0.2ml<br \/>\nG\u00e0 l\u1edbn: 0.5ml<\/p>\n<p><strong>QUY C\u00c1CH:<\/strong><\/p>\n<p>Chai 200, 500 1000 li\u1ec1u<\/p>\n<p><strong>B\u1ea2O QU\u1ea2N:<\/strong><br \/>\nB\u1ea3o qu\u1ea3n n\u01a1i kh\u00f4 r\u00e1o, tho\u00e1ng m\u00e1t, nhi\u1ec7t \u0111\u1ed9 2 \u2013 8 \u0111\u1ed9 C, tr\u00e1nh \u00e1nh s\u00e1ng m\u1eb7t tr\u1eddi, tra\u0301nh \u0111\u00f4ng \u0111a\u0301.<br \/>\n<strong>S\u1ea2N XU\u1ea4T T\u1ea0I:<\/strong><br \/>\nC\u00f4ng ty Medion-Bandung \u2013 West Java, INDONESIA<\/p>\n","protected":false},"excerpt":{"rendered":"<p>Vaccine v\u00f4 ho\u1ea1t ch\u1ee7ng MD15, nh\u0169 d\u1ea7u ph\u00f2ng b\u1ec7nh Newcastle<\/p>\n","protected":false},"featured_media":1802,"comment_status":"open","ping_status":"closed","template":"","meta":[],"dang_san_pham":[119],"product_brand":[],"product_cat":[59,91],"product_tag":[183,181,180,182],"class_list":{"0":"post-1793","1":"product","2":"type-product","3":"status-publish","4":"has-post-thumbnail","6":"dang_san_pham-dang-tiem","7":"product_cat-san-pham-cho-ga","8":"product_cat-vaccine","9":"product_tag-nd-g7","10":"product_tag-nd-g7-emulsion","11":"product_tag-vaccine-medivac-nd-g7-emulsion","12":"product_tag-vaccine-nd-g7-emulsion","14":"first","15":"instock","16":"shipping-taxable","17":"product-type-simple"},"acf":[],"_links":{"self":[{"href":"https:\/\/greenvet.sharecode.io.vn\/index.php?rest_route=\/wp\/v2\/product\/1793","targetHints":{"allow":["GET"]}}],"collection":[{"href":"https:\/\/greenvet.sharecode.io.vn\/index.php?rest_route=\/wp\/v2\/product"}],"about":[{"href":"https:\/\/greenvet.sharecode.io.vn\/index.php?rest_route=\/wp\/v2\/types\/product"}],"replies":[{"embeddable":true,"href":"https:\/\/greenvet.sharecode.io.vn\/index.php?rest_route=%2Fwp%2Fv2%2Fcomments&post=1793"}],"wp:featuredmedia":[{"embeddable":true,"href":"https:\/\/greenvet.sharecode.io.vn\/index.php?rest_route=\/wp\/v2\/media\/1802"}],"wp:attachment":[{"href":"https:\/\/greenvet.sharecode.io.vn\/index.php?rest_route=%2Fwp%2Fv2%2Fmedia&parent=1793"}],"wp:term":[{"taxonomy":"dang_san_pham","embeddable":true,"href":"https:\/\/greenvet.sharecode.io.vn\/index.php?rest_route=%2Fwp%2Fv2%2Fdang_san_pham&post=1793"},{"taxonomy":"product_brand","embeddable":true,"href":"https:\/\/greenvet.sharecode.io.vn\/index.php?rest_route=%2Fwp%2Fv2%2Fproduct_brand&post=1793"},{"taxonomy":"product_cat","embeddable":true,"href":"https:\/\/greenvet.sharecode.io.vn\/index.php?rest_route=%2Fwp%2Fv2%2Fproduct_cat&post=1793"},{"taxonomy":"product_tag","embeddable":true,"href":"https:\/\/greenvet.sharecode.io.vn\/index.php?rest_route=%2Fwp%2Fv2%2Fproduct_tag&post=1793"}],"curies":[{"name":"wp","href":"https:\/\/api.w.org\/{rel}","templated":true}]}}