{"id":1823,"date":"2022-11-05T17:23:33","date_gmt":"2022-11-05T10:23:33","guid":{"rendered":"https:\/\/greenvet.sharecode.io.vn\/?post_type=product&#038;p=1823"},"modified":"2022-11-07T22:13:12","modified_gmt":"2022-11-07T15:13:12","slug":"vaccine-medivac-nd-g7-ib-3ib-emulsion","status":"publish","type":"product","link":"https:\/\/greenvet.sharecode.io.vn\/?product=vaccine-medivac-nd-g7-ib-3ib-emulsion","title":{"rendered":"Vaccine Medivac ND G7-IB (3IB) Emulsion"},"content":{"rendered":"<p><strong>TH\u00c0NH PH\u1ea6N:<\/strong><\/p>\n<p>Medivac NDG7-IB emulsion ch\u1ee9a virus Newcastle disease (ND) genotype VII, virus vi\u00eam ph\u1ebf qu\u1ea3n truy\u1ec1n nhi\u1ec5m (IBV) ch\u1ee7ng Massachusetts 41 (th\u1ec3 h\u00f4 h\u1ea5p) v\u00e0 bi\u1ebfn ch\u1ee7ng V2\/ 793B (th\u1ec3 th\u1eadn) v\u00e0 ch\u1ee7ng L01\/ QX-like (th\u1ec3 t\u00edch n\u01b0\u1edbc \u1ed1ng d\u1eabn tr\u1ee9ng).<\/p>\n<p><strong>C\u00d4NG D\u1ee4NG:<\/strong><\/p>\n<p>Vaccin v\u00f4 ho\u1ea1t nh\u0169 d\u1ea7u ph\u00f2ng b\u1ec7nh Newcastle G7 v\u00e0 b\u1ec7nh Vi\u00eam ph\u1ebf qu\u1ea3n truy\u1ec1n nhi\u1ec5m (IB) th\u1ec3 h\u00f4 h\u1ea5p, bi\u1ebfn ch\u1ee7ng th\u1ec3 th\u1eadn v\u00e0 th\u1ec3 t\u00edch n\u01b0\u1edbc \u1ed1ng d\u1eabn tr\u1ee9ng.<\/p>\n<p><strong>C\u00c1CH D\u00d9NG:<\/strong><\/p>\n<p>Ti\u00eam c\u01a1 \u0111\u00f9i, c\u01a1 l\u01b0\u1eddn ho\u1eb7c ti\u00eam d\u01b0\u1edbi da c\u1ed5.<br \/>\nLi\u1ec1u: 0.5 ml\/con.<\/p>\n<p><strong>QUY C\u00c1CH:<\/strong><\/p>\n<p>Chai 500,1000 li\u1ec1u<\/p>\n<p><strong>B\u1ea2O QU\u1ea2N:<\/strong><br \/>\nB\u1ea3o qu\u1ea3n n\u01a1i kh\u00f4 r\u00e1o, tho\u00e1ng m\u00e1t, nhi\u1ec7t \u0111\u1ed9 2 \u2013 8 \u0111\u1ed9 C, tr\u00e1nh \u00e1nh s\u00e1ng m\u1eb7t tr\u1eddi, tra\u0301nh \u0111\u00f4ng \u0111a\u0301.<br \/>\n<strong>S\u1ea2N XU\u1ea4T T\u1ea0I:<\/strong><br \/>\nC\u00f4ng ty Medion-Bandung \u2013 West Java, INDONESIA<\/p>\n","protected":false},"excerpt":{"rendered":"<p>Vaccine v\u00f4 ho\u1ea1t ph\u00f2ng b\u1ec7nh Newcastle (ND) v\u00e0 b\u1ec7nh vi\u00eam ph\u1ebf qu\u1ea3n truy\u1ec1n nhi\u1ec5m (IB)<\/p>\n","protected":false},"featured_media":1824,"comment_status":"open","ping_status":"closed","template":"","meta":[],"dang_san_pham":[119],"product_brand":[],"product_cat":[59,91],"product_tag":[194,193,196,192,195],"class_list":{"0":"post-1823","1":"product","2":"type-product","3":"status-publish","4":"has-post-thumbnail","6":"dang_san_pham-dang-tiem","7":"product_cat-san-pham-cho-ga","8":"product_cat-vaccine","9":"product_tag-g7-ib","10":"product_tag-g7-ib-3ib-emulsion","11":"product_tag-vaccine-g7-ib","12":"product_tag-vaccine-medivac-nd-g7-ib-3ib-emulsion","13":"product_tag-vaccine-nd-g7-ib-3ib-emulsion","15":"first","16":"instock","17":"shipping-taxable","18":"product-type-simple"},"acf":[],"_links":{"self":[{"href":"https:\/\/greenvet.sharecode.io.vn\/index.php?rest_route=\/wp\/v2\/product\/1823","targetHints":{"allow":["GET"]}}],"collection":[{"href":"https:\/\/greenvet.sharecode.io.vn\/index.php?rest_route=\/wp\/v2\/product"}],"about":[{"href":"https:\/\/greenvet.sharecode.io.vn\/index.php?rest_route=\/wp\/v2\/types\/product"}],"replies":[{"embeddable":true,"href":"https:\/\/greenvet.sharecode.io.vn\/index.php?rest_route=%2Fwp%2Fv2%2Fcomments&post=1823"}],"wp:featuredmedia":[{"embeddable":true,"href":"https:\/\/greenvet.sharecode.io.vn\/index.php?rest_route=\/wp\/v2\/media\/1824"}],"wp:attachment":[{"href":"https:\/\/greenvet.sharecode.io.vn\/index.php?rest_route=%2Fwp%2Fv2%2Fmedia&parent=1823"}],"wp:term":[{"taxonomy":"dang_san_pham","embeddable":true,"href":"https:\/\/greenvet.sharecode.io.vn\/index.php?rest_route=%2Fwp%2Fv2%2Fdang_san_pham&post=1823"},{"taxonomy":"product_brand","embeddable":true,"href":"https:\/\/greenvet.sharecode.io.vn\/index.php?rest_route=%2Fwp%2Fv2%2Fproduct_brand&post=1823"},{"taxonomy":"product_cat","embeddable":true,"href":"https:\/\/greenvet.sharecode.io.vn\/index.php?rest_route=%2Fwp%2Fv2%2Fproduct_cat&post=1823"},{"taxonomy":"product_tag","embeddable":true,"href":"https:\/\/greenvet.sharecode.io.vn\/index.php?rest_route=%2Fwp%2Fv2%2Fproduct_tag&post=1823"}],"curies":[{"name":"wp","href":"https:\/\/api.w.org\/{rel}","templated":true}]}}