{"id":1827,"date":"2022-11-05T17:35:33","date_gmt":"2022-11-05T10:35:33","guid":{"rendered":"https:\/\/greenvet.sharecode.io.vn\/?post_type=product&#038;p=1827"},"modified":"2022-11-10T17:16:49","modified_gmt":"2022-11-10T10:16:49","slug":"vaccine-rokovac-neo","status":"publish","type":"product","link":"https:\/\/greenvet.sharecode.io.vn\/?product=vaccine-rokovac-neo","title":{"rendered":"Vaccine Rokovac Neo"},"content":{"rendered":"<p><strong>TH\u00c0NH PH\u1ea6N:<\/strong><\/p>\n<p>Rotavirus, Escherichia coli v\u00f4 hoa\u0323t. 0101:K99,0147:K88 ;0149:K88 K85:987P<\/p>\n<p><strong>C\u00d4NG D\u1ee4NG:<\/strong><\/p>\n<p>T\u1ea1o kh\u00e1ng th\u1ec3 mi\u1ec5n d\u1ecbch ph\u00f2ng b\u1ec7nh ti\u00eau ch\u1ea3y do rotavirus v\u00e0 c\u00e1c ch\u1ee7ng c\u1ee7a E.coli cho heo n\u00e1i c\u00f3 trong s\u1eefa \u0111\u1ea7u \u0111\u1ec3 ph\u00f2ng b\u1ec7nh cho heo con \u0111\u1ebfn l\u00fac cai s\u1eefa.<\/p>\n<p><strong>C\u00c1CH D\u00d9NG:<\/strong><\/p>\n<p>Ti\u00eam b\u0103\u0301p: 2 ml\/heo<br \/>\nNa\u0301i t\u01a1 va\u0300 na\u0301i l\u1ea7n \u0111\u1ea7u ch\u1ee7ng: L\u1ea7n 1: 6 tu\u1ea7n tr\u01b0\u01a1\u0301c sinh; L\u1ea7n 2: 2 tu\u1ea7n tr\u01b0\u01a1\u0301c sinh<br \/>\nNa\u0301i ra\u0323 ho\u0103\u0323c na\u0301i \u0111a\u0303 ch\u1ee7ng : 3 tu\u1ea7n tr\u01b0\u01a1\u0301c sinh<\/p>\n<p><strong>QUY C\u00c1CH:<\/strong><\/p>\n<p>Chai 1, 5, 10 ds<\/p>\n<p><strong>B\u1ea2O QU\u1ea2N:<\/strong><br \/>\nB\u1ea3o qu\u1ea3n n\u01a1i kh\u00f4 r\u00e1o, tho\u00e1ng m\u00e1t, nhi\u1ec7t \u0111\u1ed9 2 \u2013 8 \u0111\u1ed9 C, tr\u00e1nh \u00e1nh s\u00e1ng m\u1eb7t tr\u1eddi, tra\u0301nh \u0111\u00f4ng \u0111a\u0301.<br \/>\n<strong>S\u1ea2N XU\u1ea4T T\u1ea0I:<\/strong><br \/>\nC\u00f4ng ty nh\u00e0 m\u00e1y Bioveta &#8211; C\u1ed9ng H\u00f2a S\u00e9c<\/p>\n","protected":false},"excerpt":{"rendered":"<p>ph\u00f2ng b\u1ec7nh ti\u00eau ch\u1ea3y do rotavirus v\u00e0 c\u00e1c ch\u1ee7ng c\u1ee7a E.coli cho heo n\u00e1i<\/p>\n","protected":false},"featured_media":1830,"comment_status":"open","ping_status":"closed","template":"","meta":[],"dang_san_pham":[119],"product_brand":[],"product_cat":[60,91],"product_tag":[198,197],"class_list":{"0":"post-1827","1":"product","2":"type-product","3":"status-publish","4":"has-post-thumbnail","6":"dang_san_pham-dang-tiem","7":"product_cat-san-pham-cho-heo","8":"product_cat-vaccine","9":"product_tag-rokovac-neo","10":"product_tag-vaccine-rokovac-neo","12":"first","13":"instock","14":"shipping-taxable","15":"product-type-simple"},"acf":[],"_links":{"self":[{"href":"https:\/\/greenvet.sharecode.io.vn\/index.php?rest_route=\/wp\/v2\/product\/1827","targetHints":{"allow":["GET"]}}],"collection":[{"href":"https:\/\/greenvet.sharecode.io.vn\/index.php?rest_route=\/wp\/v2\/product"}],"about":[{"href":"https:\/\/greenvet.sharecode.io.vn\/index.php?rest_route=\/wp\/v2\/types\/product"}],"replies":[{"embeddable":true,"href":"https:\/\/greenvet.sharecode.io.vn\/index.php?rest_route=%2Fwp%2Fv2%2Fcomments&post=1827"}],"wp:featuredmedia":[{"embeddable":true,"href":"https:\/\/greenvet.sharecode.io.vn\/index.php?rest_route=\/wp\/v2\/media\/1830"}],"wp:attachment":[{"href":"https:\/\/greenvet.sharecode.io.vn\/index.php?rest_route=%2Fwp%2Fv2%2Fmedia&parent=1827"}],"wp:term":[{"taxonomy":"dang_san_pham","embeddable":true,"href":"https:\/\/greenvet.sharecode.io.vn\/index.php?rest_route=%2Fwp%2Fv2%2Fdang_san_pham&post=1827"},{"taxonomy":"product_brand","embeddable":true,"href":"https:\/\/greenvet.sharecode.io.vn\/index.php?rest_route=%2Fwp%2Fv2%2Fproduct_brand&post=1827"},{"taxonomy":"product_cat","embeddable":true,"href":"https:\/\/greenvet.sharecode.io.vn\/index.php?rest_route=%2Fwp%2Fv2%2Fproduct_cat&post=1827"},{"taxonomy":"product_tag","embeddable":true,"href":"https:\/\/greenvet.sharecode.io.vn\/index.php?rest_route=%2Fwp%2Fv2%2Fproduct_tag&post=1827"}],"curies":[{"name":"wp","href":"https:\/\/api.w.org\/{rel}","templated":true}]}}