{"id":2354,"date":"2022-11-06T21:48:02","date_gmt":"2022-11-06T14:48:02","guid":{"rendered":"https:\/\/greenvet.sharecode.io.vn\/?post_type=product&#038;p=2354"},"modified":"2022-11-10T17:17:30","modified_gmt":"2022-11-10T10:17:30","slug":"vaccine-parvoerysin-inj-ad-us-vet","status":"publish","type":"product","link":"https:\/\/greenvet.sharecode.io.vn\/?product=vaccine-parvoerysin-inj-ad-us-vet","title":{"rendered":"Vaccine Parvoerysin"},"content":{"rendered":"<p><strong>TH\u00c0NH PH\u1ea6N:<\/strong><\/p>\n<p>Parvovirus suis v\u00f4 ho\u1ea1t (min-max) 512 HA &#8211; 2048 HA; Erysipelothrix rhusiopathiae v\u00f4 ho\u1ea1t (min-max) 2 x 1010 &#8211; 2 x 1011 (3 ch\u1ee7ng c\u1ee7a type 2, 1 ch\u1ee7ng c\u1ee7a type 1) B\u1ed5 tr\u1ee3 d\u1ea7u, 35% formaldehyde solution, merthiolate.<\/p>\n<p><strong>C\u00d4NG D\u1ee4NG:<\/strong><\/p>\n<p>Vaccine v\u00f4 ho\u1ea1t ph\u00f2ng b\u1ec7nh kh\u00f4 thai v\u00e0 \u0111\u00f3ng d\u1ea5u heo<\/p>\n<p><strong>C\u00c1CH D\u00d9NG:<\/strong><\/p>\n<p>Li\u1ec1u: 2ml\/ li\u1ec1u.<br \/>\nHeo h\u1eadu b\u1ecb v\u00e0 n\u00e1i: L\u1ea7n \u0111\u1ea7u ch\u1ee7ng v\u1eafc xin: 1 li\u1ec1u l\u00fac heo 2 &#8211; 4 tu\u1ea7n tr\u01b0\u1edbc khi ph\u1ed1i gi\u1ed1ng.<br \/>\n\u0110\u1ef1c gi\u1ed1ng: L\u1ea7n \u0111\u1ea7u ch\u1ee7ng v\u1eafc xin: 1 li\u1ec1u kh\u00f4ng mu\u1ed9n h\u01a1n 2 tu\u1ea7n tr\u01b0\u1edbc khi khai th\u00e1c tinh. Sau li\u1ec1u \u0111\u1ea7u, t\u00e1i ch\u1ee7ng cho t\u1ea5t c\u1ea3 c\u00e1c heo \u0111\u1ecbnh k\u1ef3 6 th\u00e1ng 1 l\u1ea7n ho\u1eb7c 2 &#8211; 3 tu\u1ea7n tr\u01b0\u1edbc m\u1ed7i l\u1ea7n ph\u1ed1i gi\u1ed1ng, v\u1edbi li\u1ec1u 2ml \u0111\u1ec3 duy tr\u00ec \u0111\u00e1p \u1ee9ng mi\u1ec5n d\u1ecbch.<\/p>\n<p><strong>QUY C\u00c1CH:<\/strong><\/p>\n<p>Chai 1, 5, 10 ds<\/p>\n<p><strong>S\u1ea2N XU\u1ea4T T\u1ea0I:<\/strong><\/p>\n<p>Nh\u00e0 m\u00e1y\u00a0 Bioveta \u2013 C\u1ed9ng h\u00f2a S\u00e9c<\/p>\n","protected":false},"excerpt":{"rendered":"<p>Vaccine v\u00f4 ho\u1ea1t ph\u00f2ng b\u1ec7nh kh\u00f4 thai v\u00e0 \u0111\u00f3ng d\u1ea5u heo<\/p>\n","protected":false},"featured_media":2356,"comment_status":"open","ping_status":"closed","template":"","meta":[],"dang_san_pham":[119],"product_brand":[],"product_cat":[60,91],"product_tag":[130,199],"class_list":{"0":"post-2354","1":"product","2":"type-product","3":"status-publish","4":"has-post-thumbnail","6":"dang_san_pham-dang-tiem","7":"product_cat-san-pham-cho-heo","8":"product_cat-vaccine","9":"product_tag-parvoerysin","10":"product_tag-vaccine-parvoerysin","12":"first","13":"instock","14":"shipping-taxable","15":"product-type-simple"},"acf":[],"_links":{"self":[{"href":"https:\/\/greenvet.sharecode.io.vn\/index.php?rest_route=\/wp\/v2\/product\/2354","targetHints":{"allow":["GET"]}}],"collection":[{"href":"https:\/\/greenvet.sharecode.io.vn\/index.php?rest_route=\/wp\/v2\/product"}],"about":[{"href":"https:\/\/greenvet.sharecode.io.vn\/index.php?rest_route=\/wp\/v2\/types\/product"}],"replies":[{"embeddable":true,"href":"https:\/\/greenvet.sharecode.io.vn\/index.php?rest_route=%2Fwp%2Fv2%2Fcomments&post=2354"}],"wp:featuredmedia":[{"embeddable":true,"href":"https:\/\/greenvet.sharecode.io.vn\/index.php?rest_route=\/wp\/v2\/media\/2356"}],"wp:attachment":[{"href":"https:\/\/greenvet.sharecode.io.vn\/index.php?rest_route=%2Fwp%2Fv2%2Fmedia&parent=2354"}],"wp:term":[{"taxonomy":"dang_san_pham","embeddable":true,"href":"https:\/\/greenvet.sharecode.io.vn\/index.php?rest_route=%2Fwp%2Fv2%2Fdang_san_pham&post=2354"},{"taxonomy":"product_brand","embeddable":true,"href":"https:\/\/greenvet.sharecode.io.vn\/index.php?rest_route=%2Fwp%2Fv2%2Fproduct_brand&post=2354"},{"taxonomy":"product_cat","embeddable":true,"href":"https:\/\/greenvet.sharecode.io.vn\/index.php?rest_route=%2Fwp%2Fv2%2Fproduct_cat&post=2354"},{"taxonomy":"product_tag","embeddable":true,"href":"https:\/\/greenvet.sharecode.io.vn\/index.php?rest_route=%2Fwp%2Fv2%2Fproduct_tag&post=2354"}],"curies":[{"name":"wp","href":"https:\/\/api.w.org\/{rel}","templated":true}]}}