{"id":2358,"date":"2022-11-06T22:07:14","date_gmt":"2022-11-06T15:07:14","guid":{"rendered":"https:\/\/greenvet.sharecode.io.vn\/?post_type=product&#038;p=2358"},"modified":"2022-11-10T11:49:18","modified_gmt":"2022-11-10T04:49:18","slug":"biosuis-respi-e","status":"publish","type":"product","link":"https:\/\/greenvet.sharecode.io.vn\/?product=biosuis-respi-e","title":{"rendered":"Biosuis Respi E"},"content":{"rendered":"<p><strong>TH\u00c0NH PH\u1ea6N:<\/strong><\/p>\n<p>Actinobacillus pleuropneumoniae serovar 2, 9, 11 v\u00e0 Toxoids APX APX and II and APX III; Erysipelothrix: 3 ch\u1ee7ng &#8211; type 2, 1 ch\u1ee7ng &#8211; type 1; Haemophilus parasuis: serovars 1, 5, 13.<\/p>\n<p><strong>C\u00d4NG D\u1ee4NG:<\/strong><\/p>\n<p>V\u1eafc xin v\u00f4 ho\u1ea1t ph\u00f2ng b\u1ec7nh vi\u00eam ph\u1ed5i m\u00e0ng ph\u1ed5i (APP) , Glasser v\u00e0 \u0111\u00f3ng d\u1ea5u tr\u00ean heo<\/p>\n<p><strong>C\u00c1CH D\u00d9NG:<\/strong><\/p>\n<p>Heo con: ti\u00eam b\u1eafp v\u1edbi li\u1ec1u 1 ml. Ti\u00eam l\u1ea7n \u0111\u1ea7u l\u00fac 6 tu\u1ea7n tu\u1ed5i, t\u00e1i ch\u1ee7ng sau 3 tu\u1ea7n<br \/>\nHeo n\u00e1i: ti\u00eam b\u1eafp v\u1edbi li\u1ec1u 2 ml. Ti\u00eam l\u1ea7n \u0111\u1ea7u: 6 tu\u1ea7n tr\u01b0\u1edbc sinh, t\u00e1i ch\u1ee7ng sau 3 tu\u1ea7n, mu\u1ed9n nh\u1ea5t l\u00e0 2 tu\u1ea7n tr\u01b0\u1edbc sinh<\/p>\n<p><strong>QUY C\u00c1CH: <\/strong>10x 10ml<\/p>\n<p><strong>S\u1ea2N XU\u1ea4T T\u1ea0I:<\/strong><\/p>\n<p>Nh\u00e0 m\u00e1y\u00a0 Bioveta \u2013 C\u1ed9ng h\u00f2a S\u00e9c<\/p>\n","protected":false},"excerpt":{"rendered":"<p>ph\u00f2ng b\u1ec7nh vi\u00eam ph\u1ed5i m\u00e0ng ph\u1ed5i (APP) , Glasser v\u00e0 \u0111\u00f3ng d\u1ea5u tr\u00ean heo<\/p>\n","protected":false},"featured_media":2359,"comment_status":"open","ping_status":"closed","template":"","meta":[],"dang_san_pham":[119],"product_brand":[],"product_cat":[60,91,92],"product_tag":[200,218],"class_list":{"0":"post-2358","1":"product","2":"type-product","3":"status-publish","4":"has-post-thumbnail","6":"dang_san_pham-dang-tiem","7":"product_cat-san-pham-cho-heo","8":"product_cat-vaccine","9":"product_cat-vaccine-cho-heo","10":"product_tag-biosuis-respi-e","11":"product_tag-respi-e","13":"first","14":"instock","15":"shipping-taxable","16":"product-type-simple"},"acf":[],"_links":{"self":[{"href":"https:\/\/greenvet.sharecode.io.vn\/index.php?rest_route=\/wp\/v2\/product\/2358","targetHints":{"allow":["GET"]}}],"collection":[{"href":"https:\/\/greenvet.sharecode.io.vn\/index.php?rest_route=\/wp\/v2\/product"}],"about":[{"href":"https:\/\/greenvet.sharecode.io.vn\/index.php?rest_route=\/wp\/v2\/types\/product"}],"replies":[{"embeddable":true,"href":"https:\/\/greenvet.sharecode.io.vn\/index.php?rest_route=%2Fwp%2Fv2%2Fcomments&post=2358"}],"wp:featuredmedia":[{"embeddable":true,"href":"https:\/\/greenvet.sharecode.io.vn\/index.php?rest_route=\/wp\/v2\/media\/2359"}],"wp:attachment":[{"href":"https:\/\/greenvet.sharecode.io.vn\/index.php?rest_route=%2Fwp%2Fv2%2Fmedia&parent=2358"}],"wp:term":[{"taxonomy":"dang_san_pham","embeddable":true,"href":"https:\/\/greenvet.sharecode.io.vn\/index.php?rest_route=%2Fwp%2Fv2%2Fdang_san_pham&post=2358"},{"taxonomy":"product_brand","embeddable":true,"href":"https:\/\/greenvet.sharecode.io.vn\/index.php?rest_route=%2Fwp%2Fv2%2Fproduct_brand&post=2358"},{"taxonomy":"product_cat","embeddable":true,"href":"https:\/\/greenvet.sharecode.io.vn\/index.php?rest_route=%2Fwp%2Fv2%2Fproduct_cat&post=2358"},{"taxonomy":"product_tag","embeddable":true,"href":"https:\/\/greenvet.sharecode.io.vn\/index.php?rest_route=%2Fwp%2Fv2%2Fproduct_tag&post=2358"}],"curies":[{"name":"wp","href":"https:\/\/api.w.org\/{rel}","templated":true}]}}