{"id":2363,"date":"2022-11-06T22:22:29","date_gmt":"2022-11-06T15:22:29","guid":{"rendered":"https:\/\/greenvet.sharecode.io.vn\/?post_type=product&#038;p=2363"},"modified":"2022-11-10T17:20:02","modified_gmt":"2022-11-10T10:20:02","slug":"lincospectoject","status":"publish","type":"product","link":"https:\/\/greenvet.sharecode.io.vn\/?product=lincospectoject","title":{"rendered":"Lincospectoject"},"content":{"rendered":"<p><strong>TH\u00c0NH PH\u1ea6N:<\/strong><\/p>\n<p>Trong 1 ml ch\u1ee9a:<br \/>\nLincomycin base &#8230;&#8230;&#8230;&#8230;&#8230;&#8230;&#8230;&#8230;&#8230;50 mg<br \/>\nSpectomycin base &#8230;&#8230;&#8230;&#8230;&#8230;&#8230;&#8230;..100 mg<\/p>\n<p><strong>C\u00d4NG D\u1ee4NG:<\/strong><\/p>\n<ul>\n<li>D\u00f9ng cho gia c\u1ea7m v\u00e0 gia s\u00fac nh\u1ecf<\/li>\n<li>Tr\u00ean gia s\u00fac: Vi\u00eam ph\u1ed5i, th\u1ed1i m\u00f3ng<\/li>\n<li>Tr\u00ean ch\u00f3 v\u00e0 m\u00e8o: B\u1ec7nh nhi\u1ec5m khu\u1ea9n \u0111\u01b0\u1eddng h\u00f4 h\u1ea5p v\u00e0 ti\u1ebft ni\u1ec7u, vi\u00eam t\u1eed cung, vi\u00eam d\u1ea1 d\u00e0y ru\u1ed9t v\u00e0 \u00e1p se.<\/li>\n<li>Tr\u00ean g\u00e0 v\u00e0 g\u00e0 t\u00e2y: \u0110i\u1ec3u tr\u1ecb b\u1ec7nh CRD (vi\u00eam t\u00fai kh\u00ed), t\u1ee5 huy\u1ebft tr\u00f9ng, vi\u00eam xoang, b\u1ec7nh s\u1ed5 m\u0169i tuy\u1ec1n nhi\u1ec5m (Coryza) v\u00e0 nhi\u1ec5m t\u1ee5 c\u1ea7u khu\u1ea9n.<\/li>\n<\/ul>\n<p><strong>C\u00c1CH D\u00d9NG:<\/strong><\/p>\n<ul>\n<li>Gia s\u00fac: 1ml\/10 kg TT ti\u00eam b\u1eafp,d\u00f9ng trong 2-4 ng\u00e0y<\/li>\n<li>Ch\u00f3 v\u00e0 m\u00e8o: 1ml\/5kg TT, ti\u00eam b\u1eafp<\/li>\n<li>Li\u1ec1u n\u00e0y c\u00f3 th\u1ec3 \u0111i\u1ec1u tr\u1ecb l\u1eb7p l\u1ea1i c\u1ee9 24h m\u1ed9t l\u1ea7n cho \u0111\u1ebfn 15 ng\u00e0y<\/li>\n<li>Gia c\u1ea7m v\u00e0 g\u00e0 t\u00e2y: 0.2 ml\/kg TT, ti\u00eam d\u01b0\u1edbi da, d\u00f9ng trong 3 ng\u00e0y<\/li>\n<\/ul>\n<p><strong>QUY C\u00c1CH:<\/strong><\/p>\n<p>Chai 100ml<\/p>\n<p><strong>S\u1ea2N XU\u1ea4T T\u1ea0I:<\/strong><\/p>\n<p>Nh\u00e0 m\u00e1y Adwia &#8211; \u1ea4n \u0110\u1ed9<\/p>\n","protected":false},"excerpt":{"rendered":"<p>\u0110i\u1ec1u tr\u1ecb c\u00e1c b\u1ec7nh nhi\u1ec5m khu\u1ea9n tr\u00ean tr\u00e2u, b\u00f2, g\u00e0, heo, ch\u00f3 m\u00e8o<\/p>\n","protected":false},"featured_media":2367,"comment_status":"open","ping_status":"closed","template":"","meta":[],"dang_san_pham":[119],"product_brand":[],"product_cat":[74,62,59,60,64,61,65],"product_tag":[135],"class_list":{"0":"post-2363","1":"product","2":"type-product","3":"status-publish","4":"has-post-thumbnail","6":"dang_san_pham-dang-tiem","7":"product_cat-khang-sinh","8":"product_cat-san-pham-cho-dai-gia-suc","9":"product_cat-san-pham-cho-ga","10":"product_cat-san-pham-cho-heo","11":"product_cat-san-pham-cho-thu-cung","12":"product_cat-san-pham-cho-thuy-cam","13":"product_cat-san-pham-cho-vat-nuoi-khac","14":"product_tag-lincospectoject","16":"first","17":"instock","18":"shipping-taxable","19":"product-type-simple"},"acf":[],"_links":{"self":[{"href":"https:\/\/greenvet.sharecode.io.vn\/index.php?rest_route=\/wp\/v2\/product\/2363","targetHints":{"allow":["GET"]}}],"collection":[{"href":"https:\/\/greenvet.sharecode.io.vn\/index.php?rest_route=\/wp\/v2\/product"}],"about":[{"href":"https:\/\/greenvet.sharecode.io.vn\/index.php?rest_route=\/wp\/v2\/types\/product"}],"replies":[{"embeddable":true,"href":"https:\/\/greenvet.sharecode.io.vn\/index.php?rest_route=%2Fwp%2Fv2%2Fcomments&post=2363"}],"wp:featuredmedia":[{"embeddable":true,"href":"https:\/\/greenvet.sharecode.io.vn\/index.php?rest_route=\/wp\/v2\/media\/2367"}],"wp:attachment":[{"href":"https:\/\/greenvet.sharecode.io.vn\/index.php?rest_route=%2Fwp%2Fv2%2Fmedia&parent=2363"}],"wp:term":[{"taxonomy":"dang_san_pham","embeddable":true,"href":"https:\/\/greenvet.sharecode.io.vn\/index.php?rest_route=%2Fwp%2Fv2%2Fdang_san_pham&post=2363"},{"taxonomy":"product_brand","embeddable":true,"href":"https:\/\/greenvet.sharecode.io.vn\/index.php?rest_route=%2Fwp%2Fv2%2Fproduct_brand&post=2363"},{"taxonomy":"product_cat","embeddable":true,"href":"https:\/\/greenvet.sharecode.io.vn\/index.php?rest_route=%2Fwp%2Fv2%2Fproduct_cat&post=2363"},{"taxonomy":"product_tag","embeddable":true,"href":"https:\/\/greenvet.sharecode.io.vn\/index.php?rest_route=%2Fwp%2Fv2%2Fproduct_tag&post=2363"}],"curies":[{"name":"wp","href":"https:\/\/api.w.org\/{rel}","templated":true}]}}