{"id":2370,"date":"2022-11-06T22:34:10","date_gmt":"2022-11-06T15:34:10","guid":{"rendered":"https:\/\/greenvet.sharecode.io.vn\/?post_type=product&#038;p=2370"},"modified":"2022-11-10T17:22:15","modified_gmt":"2022-11-10T10:22:15","slug":"f-300-inj","status":"publish","type":"product","link":"https:\/\/greenvet.sharecode.io.vn\/?product=f-300-inj","title":{"rendered":"F-300 inj"},"content":{"rendered":"<p><strong>TH\u00c0NH PH\u1ea6N:<\/strong><\/p>\n<p>Trong 1ml c\u00f3:<br \/>\nFlorfenicol\u2026\u2026\u2026\u2026\u2026\u2026..300 mg<\/p>\n<p><strong>C\u00d4NG D\u1ee4NG:<\/strong><\/p>\n<p>\u0110i\u1ec1u tr\u1ecb d\u1ef1 ph\u00f2ng v\u00e0 \u0111i\u1ec1u tr\u1ecb c\u00e1c b\u1ec7nh nhi\u1ec5m tr\u00f9ng \u0111\u01b0\u1eddng h\u00f4 h\u1ea5p nh\u01b0 suy\u1ec5n heo, vi\u00eam ph\u1ed5i d\u00ednh s\u01b0\u1eddn, t\u1ee5 huy\u1ebft tr\u00f9ng, Glasser, s\u01b0ng ph\u00f9 \u0111\u1ea7u, vi\u00eam ru\u1ed9t, k\u1ebf ph\u00e1t tai xanh PRRS\u2026<\/p>\n<p><strong>C\u00c1CH D\u00d9NG:<\/strong><\/p>\n<p>Ti\u00eam d\u01b0\u1edbi da ho\u1eb7c ti\u00eam b\u1eafp.<\/p>\n<ul>\n<li>Heo: li\u1ec1u 1 ml\/20 kg th\u1ec3 tr\u1ecdng, ti\u00eam nh\u1eafc l\u1ea1i sau 48 gi\u1edd.<\/li>\n<li>Gia s\u00fac: Li\u1ec1u 1 ml\/15 kg th\u1ec3 tr\u1ecdng, ti\u00eam nh\u1eafc l\u1ea1i sau 48 gi\u1edd N\u00ean chia thu\u1ed1c v\u00e0 ti\u00eam t\u1ea1i nhi\u1ec1u v\u1ecb tr\u00ed khi l\u01b0\u1ee3ng thu\u1ed1c l\u1edbn<\/li>\n<\/ul>\n<p><strong>QUY C\u00c1CH:<\/strong><\/p>\n<p>Chai 20, 100 ml<\/p>\n<p><strong>S\u1ea2N XU\u1ea4T T\u1ea0I:<\/strong><\/p>\n<p>C\u00f4ng ty Medion Vi\u1ec7t Nam<\/p>\n","protected":false},"excerpt":{"rendered":"<p>\u0110\u1eb7c tr\u1ecb vi\u00eam ph\u1ed5i, t\u00e1c d\u1ee5ng k\u00e9o d\u00e0i<\/p>\n","protected":false},"featured_media":2371,"comment_status":"open","ping_status":"closed","template":"","meta":[],"dang_san_pham":[119],"product_brand":[],"product_cat":[74,62,60],"product_tag":[208,137],"class_list":{"0":"post-2370","1":"product","2":"type-product","3":"status-publish","4":"has-post-thumbnail","6":"dang_san_pham-dang-tiem","7":"product_cat-khang-sinh","8":"product_cat-san-pham-cho-dai-gia-suc","9":"product_cat-san-pham-cho-heo","10":"product_tag-f-300","11":"product_tag-f-300-inj","13":"first","14":"instock","15":"shipping-taxable","16":"product-type-simple"},"acf":[],"_links":{"self":[{"href":"https:\/\/greenvet.sharecode.io.vn\/index.php?rest_route=\/wp\/v2\/product\/2370","targetHints":{"allow":["GET"]}}],"collection":[{"href":"https:\/\/greenvet.sharecode.io.vn\/index.php?rest_route=\/wp\/v2\/product"}],"about":[{"href":"https:\/\/greenvet.sharecode.io.vn\/index.php?rest_route=\/wp\/v2\/types\/product"}],"replies":[{"embeddable":true,"href":"https:\/\/greenvet.sharecode.io.vn\/index.php?rest_route=%2Fwp%2Fv2%2Fcomments&post=2370"}],"wp:featuredmedia":[{"embeddable":true,"href":"https:\/\/greenvet.sharecode.io.vn\/index.php?rest_route=\/wp\/v2\/media\/2371"}],"wp:attachment":[{"href":"https:\/\/greenvet.sharecode.io.vn\/index.php?rest_route=%2Fwp%2Fv2%2Fmedia&parent=2370"}],"wp:term":[{"taxonomy":"dang_san_pham","embeddable":true,"href":"https:\/\/greenvet.sharecode.io.vn\/index.php?rest_route=%2Fwp%2Fv2%2Fdang_san_pham&post=2370"},{"taxonomy":"product_brand","embeddable":true,"href":"https:\/\/greenvet.sharecode.io.vn\/index.php?rest_route=%2Fwp%2Fv2%2Fproduct_brand&post=2370"},{"taxonomy":"product_cat","embeddable":true,"href":"https:\/\/greenvet.sharecode.io.vn\/index.php?rest_route=%2Fwp%2Fv2%2Fproduct_cat&post=2370"},{"taxonomy":"product_tag","embeddable":true,"href":"https:\/\/greenvet.sharecode.io.vn\/index.php?rest_route=%2Fwp%2Fv2%2Fproduct_tag&post=2370"}],"curies":[{"name":"wp","href":"https:\/\/api.w.org\/{rel}","templated":true}]}}