{"id":2372,"date":"2022-11-06T22:38:17","date_gmt":"2022-11-06T15:38:17","guid":{"rendered":"https:\/\/greenvet.sharecode.io.vn\/?post_type=product&#038;p=2372"},"modified":"2022-11-10T11:57:37","modified_gmt":"2022-11-10T04:57:37","slug":"gentamox-inj","status":"publish","type":"product","link":"https:\/\/greenvet.sharecode.io.vn\/?product=gentamox-inj","title":{"rendered":"Gentamox inj"},"content":{"rendered":"<p><strong>TH\u00c0NH PH\u1ea6N:<\/strong><\/p>\n<p>Trong 1 ml c\u00f3:<br \/>\nAmoxycillin trihydrate&#8230;&#8230;..150 mg<br \/>\nGentamycin base&#8230;&#8230;&#8230;&#8230;&#8230;&#8230;.40 mg<\/p>\n<p><strong>C\u00d4NG D\u1ee4NG:<\/strong><\/p>\n<p>\u0110\u1eb7c tr\u1ecb c\u00e1c b\u1ec7nh vi\u00eam ph\u1ed5i, hen suy\u1ec5n, vi\u00eam ru\u1ed9t, E.coli, Salmonella, vi\u00eam v\u00fa, vi\u00eam t\u1eed cung, nhi\u1ec5m khu\u1ea9n k\u1ebf ph\u00e1t, s\u1ed1t b\u1ecf \u0103n kh\u00f4ng r\u00f5. nguy\u00ean nh\u00e2n.<\/p>\n<p><strong>C\u00c1CH D\u00d9NG:<\/strong><\/p>\n<p>Ti\u00eam b\u1eafp.<br \/>\nLi\u1ec1u: 1 ml\/ 10 kg th\u1ec3 tr\u1ecdng\/ng\u00e0y, li\u00ean t\u1ee5c 03 ng\u00e0y<\/p>\n<p><strong>QUY C\u00c1CH:<\/strong><\/p>\n<p>Chai 20, 100 ml<\/p>\n<p><strong>S\u1ea2N XU\u1ea4T T\u1ea0I:<\/strong><\/p>\n<p>C\u00f4ng ty Medion Vi\u1ec7t Nam<\/p>\n","protected":false},"excerpt":{"rendered":"<p>\u0110\u1eb7c tr\u1ecb c\u00e1c b\u1ec7nh h\u00f4 h\u1ea5p, ti\u00eau h\u00f3a<\/p>\n","protected":false},"featured_media":2373,"comment_status":"open","ping_status":"closed","template":"","meta":[],"dang_san_pham":[119],"product_brand":[],"product_cat":[74,62,60],"product_tag":[210,209],"class_list":{"0":"post-2372","1":"product","2":"type-product","3":"status-publish","4":"has-post-thumbnail","6":"dang_san_pham-dang-tiem","7":"product_cat-khang-sinh","8":"product_cat-san-pham-cho-dai-gia-suc","9":"product_cat-san-pham-cho-heo","10":"product_tag-gentamox","11":"product_tag-gentamox-inj","13":"first","14":"instock","15":"shipping-taxable","16":"product-type-simple"},"acf":[],"_links":{"self":[{"href":"https:\/\/greenvet.sharecode.io.vn\/index.php?rest_route=\/wp\/v2\/product\/2372","targetHints":{"allow":["GET"]}}],"collection":[{"href":"https:\/\/greenvet.sharecode.io.vn\/index.php?rest_route=\/wp\/v2\/product"}],"about":[{"href":"https:\/\/greenvet.sharecode.io.vn\/index.php?rest_route=\/wp\/v2\/types\/product"}],"replies":[{"embeddable":true,"href":"https:\/\/greenvet.sharecode.io.vn\/index.php?rest_route=%2Fwp%2Fv2%2Fcomments&post=2372"}],"wp:featuredmedia":[{"embeddable":true,"href":"https:\/\/greenvet.sharecode.io.vn\/index.php?rest_route=\/wp\/v2\/media\/2373"}],"wp:attachment":[{"href":"https:\/\/greenvet.sharecode.io.vn\/index.php?rest_route=%2Fwp%2Fv2%2Fmedia&parent=2372"}],"wp:term":[{"taxonomy":"dang_san_pham","embeddable":true,"href":"https:\/\/greenvet.sharecode.io.vn\/index.php?rest_route=%2Fwp%2Fv2%2Fdang_san_pham&post=2372"},{"taxonomy":"product_brand","embeddable":true,"href":"https:\/\/greenvet.sharecode.io.vn\/index.php?rest_route=%2Fwp%2Fv2%2Fproduct_brand&post=2372"},{"taxonomy":"product_cat","embeddable":true,"href":"https:\/\/greenvet.sharecode.io.vn\/index.php?rest_route=%2Fwp%2Fv2%2Fproduct_cat&post=2372"},{"taxonomy":"product_tag","embeddable":true,"href":"https:\/\/greenvet.sharecode.io.vn\/index.php?rest_route=%2Fwp%2Fv2%2Fproduct_tag&post=2372"}],"curies":[{"name":"wp","href":"https:\/\/api.w.org\/{rel}","templated":true}]}}