{"id":2374,"date":"2022-11-06T22:44:02","date_gmt":"2022-11-06T15:44:02","guid":{"rendered":"https:\/\/greenvet.sharecode.io.vn\/?post_type=product&#038;p=2374"},"modified":"2022-11-10T11:59:21","modified_gmt":"2022-11-10T04:59:21","slug":"ceftifen-inj","status":"publish","type":"product","link":"https:\/\/greenvet.sharecode.io.vn\/?product=ceftifen-inj","title":{"rendered":"Ceftifen inj"},"content":{"rendered":"<p><strong>TH\u00c0NH PH\u1ea6N:<\/strong><\/p>\n<p>M\u1ed7i ml ch\u1ee9a:<br \/>\nCeftiofur base\u2026&#8230;&#8230;&#8230;&#8230;&#8230;&#8230;&#8230;&#8230;&#8230;.50 mg<\/p>\n<p><strong>C\u00d4NG D\u1ee4NG:<\/strong><\/p>\n<ul>\n<li>Heo: Ph\u00f2ng v\u00e0 tr\u1ecb hi\u1ec7u qu\u1ea3 hen, suy\u1ec5n, APP, glasser, t\u1ee5 huy\u1ebft tr\u00f9ng, ph\u00f3 th\u01b0\u01a1ng h\u00e0n, s\u01b0ng ph\u00f9 \u0111\u1ea7u v\u00e0 li\u00ean c\u1ea7u khu\u1ea9n.<\/li>\n<li>Tr\u00e2u, b\u00f2, g\u00e0, v\u1ecbt: \u0110\u1eb7c tr\u1ecb t\u1ee5 huy\u1ebft tr\u00f9ng, vi\u00eam ph\u1ed5i, th\u1ed1i m\u00f3ng, h\u00e0 m\u00f3ng, s\u01b0ng ph\u00f9 \u0111\u1ea7u, hen ng\u00e1p (ORT), Coryza, hen, hen gh\u00e9p E.coli (CCRD), E.coli dung huy\u1ebft, b\u1ea1i huy\u1ebft.<\/li>\n<\/ul>\n<p><strong>C\u00c1CH D\u00d9NG:<\/strong><\/p>\n<ul>\n<li>Heo: Ti\u00eam b\u1eafp, li\u1ec1u 1ml\/16 kg th\u1ec3 tr\u1ecdng, d\u00f9ng trong 3 ng\u00e0y.<\/li>\n<li>Tr\u00e2u, b\u00f2: Ti\u00eam d\u01b0\u1edbi da, 1ml\/50 kg th\u1ec3 tr\u1ecdng\/ng\u00e0y, d\u00f9ng trong 3-5 ng\u00e0y<\/li>\n<li>G\u00e0, v\u1ecbt, ngan v\u00e0 gia s\u00fac kh\u00e1c: Ti\u00eam d\u01b0\u1edbi da li\u1ec1u 1 ml\/5 kg TT\/ng\u00e0y, d\u00f9ng trong 3-5 ng\u00e0y.<br \/>\n=&gt; L\u1eafc \u0111\u1ec1u tr\u01b0\u1edbc khi s\u1eed d\u1ee5ng, n\u00ean ti\u00eam t\u1ea1i nhi\u1ec1u v\u1ecb tr\u00ed ti\u00eam khi l\u01b0\u1ee3ng thu\u1ed1c ti\u00eam v\u01b0\u1ee3t qu\u00e1 10-15 ml<\/li>\n<\/ul>\n<p><strong>QUY C\u00c1CH:<\/strong><\/p>\n<p>Chai 20, 100 ml<\/p>\n<p><strong>S\u1ea2N XU\u1ea4T T\u1ea0I:<\/strong><\/p>\n<p>C\u00f4ng ty Medion Vi\u1ec7t Nam<\/p>\n","protected":false},"excerpt":{"rendered":"<p>Kh\u00e1ng sinh th\u1ebf h\u1ec7 m\u1edbi, ph\u1ed5 r\u1ed9ng, \u00edt nh\u1eddn<\/p>\n","protected":false},"featured_media":2376,"comment_status":"open","ping_status":"closed","template":"","meta":[],"dang_san_pham":[119],"product_brand":[],"product_cat":[74,62,59,60,61],"product_tag":[217,138],"class_list":{"0":"post-2374","1":"product","2":"type-product","3":"status-publish","4":"has-post-thumbnail","6":"dang_san_pham-dang-tiem","7":"product_cat-khang-sinh","8":"product_cat-san-pham-cho-dai-gia-suc","9":"product_cat-san-pham-cho-ga","10":"product_cat-san-pham-cho-heo","11":"product_cat-san-pham-cho-thuy-cam","12":"product_tag-ceftifen","13":"product_tag-ceftifen-inj","15":"first","16":"instock","17":"shipping-taxable","18":"product-type-simple"},"acf":[],"_links":{"self":[{"href":"https:\/\/greenvet.sharecode.io.vn\/index.php?rest_route=\/wp\/v2\/product\/2374","targetHints":{"allow":["GET"]}}],"collection":[{"href":"https:\/\/greenvet.sharecode.io.vn\/index.php?rest_route=\/wp\/v2\/product"}],"about":[{"href":"https:\/\/greenvet.sharecode.io.vn\/index.php?rest_route=\/wp\/v2\/types\/product"}],"replies":[{"embeddable":true,"href":"https:\/\/greenvet.sharecode.io.vn\/index.php?rest_route=%2Fwp%2Fv2%2Fcomments&post=2374"}],"wp:featuredmedia":[{"embeddable":true,"href":"https:\/\/greenvet.sharecode.io.vn\/index.php?rest_route=\/wp\/v2\/media\/2376"}],"wp:attachment":[{"href":"https:\/\/greenvet.sharecode.io.vn\/index.php?rest_route=%2Fwp%2Fv2%2Fmedia&parent=2374"}],"wp:term":[{"taxonomy":"dang_san_pham","embeddable":true,"href":"https:\/\/greenvet.sharecode.io.vn\/index.php?rest_route=%2Fwp%2Fv2%2Fdang_san_pham&post=2374"},{"taxonomy":"product_brand","embeddable":true,"href":"https:\/\/greenvet.sharecode.io.vn\/index.php?rest_route=%2Fwp%2Fv2%2Fproduct_brand&post=2374"},{"taxonomy":"product_cat","embeddable":true,"href":"https:\/\/greenvet.sharecode.io.vn\/index.php?rest_route=%2Fwp%2Fv2%2Fproduct_cat&post=2374"},{"taxonomy":"product_tag","embeddable":true,"href":"https:\/\/greenvet.sharecode.io.vn\/index.php?rest_route=%2Fwp%2Fv2%2Fproduct_tag&post=2374"}],"curies":[{"name":"wp","href":"https:\/\/api.w.org\/{rel}","templated":true}]}}