{"id":2377,"date":"2022-11-06T22:59:52","date_gmt":"2022-11-06T15:59:52","guid":{"rendered":"https:\/\/greenvet.sharecode.io.vn\/?post_type=product&#038;p=2377"},"modified":"2022-11-10T12:00:38","modified_gmt":"2022-11-10T05:00:38","slug":"g-mox-15-la-inj","status":"publish","type":"product","link":"https:\/\/greenvet.sharecode.io.vn\/?product=g-mox-15-la-inj","title":{"rendered":"G-mox 15% LA inj"},"content":{"rendered":"<p><strong>TH\u00c0NH PH\u1ea6N:<\/strong><\/p>\n<p>Trong 1 ml c\u00f3:<br \/>\nAmoxycillin base\u2026\u2026\u2026\u2026\u2026\u2026. 150 mg<\/p>\n<p><strong>C\u00d4NG D\u1ee4NG:<\/strong><\/p>\n<p>\u0110\u1eb7c tr\u1ecb vi\u00eam ph\u1ed5i, vi\u00eam \u0111a xoang (glasser), vi\u00eam v\u00fa, vi\u00eam t\u1eed cung, \u0111\u00f3ng d\u1ea5u l\u1ee3n, vi\u00eam teo m\u0169i truy\u1ec1n nhi\u1ec5m, ph\u00f3 th\u01b0\u01a1ng h\u00e0n, E.coli, b\u1ec7nh nhi\u1ec5m khu\u1ea9n g\u00e2y s\u1ed1t, b\u1ecf \u0103n kh\u00f4ng r\u00f5 nguy\u00ean nh\u00e2n.<\/p>\n<p><strong>C\u00c1CH D\u00d9NG:<\/strong><\/p>\n<p>Ti\u00eam b\u1eafp ho\u1eb7c ti\u00eam d\u01b0\u1edbi da.<br \/>\nLi\u1ec1u chung: 1ml\/10kg th\u1ec3 tr\u1ecdng\/48 gi\u1edd.<br \/>\nL\u1eafc \u0111\u1ec1u tr\u01b0\u1edbc khi s\u1eed d\u1ee5ng.<br \/>\nN\u00ean chia thu\u1ed1c v\u00e0 ti\u00eam l\u1ea1i nhi\u1ec1u v\u1ecb tr\u00ed, khi l\u01b0\u1ee3ng thu\u1ed1c l\u1edbn<\/p>\n<p><strong>QUY C\u00c1CH:<\/strong><\/p>\n<p>Chai 20, 100 ml<\/p>\n<p><strong>S\u1ea2N XU\u1ea4T T\u1ea0I:<\/strong><\/p>\n<p>C\u00f4ng ty Medion Vi\u1ec7t Nam<\/p>\n","protected":false},"excerpt":{"rendered":"<p>\u0110\u1eb7c tr\u1ecb c\u00e1c b\u1ec7nh nhi\u1ec5m tr\u00f9ng \u0111\u01b0\u1eddng ti\u00eau h\u00f3a, h\u00f4 h\u1ea5p<\/p>\n","protected":false},"featured_media":2378,"comment_status":"open","ping_status":"closed","template":"","meta":[],"dang_san_pham":[119],"product_brand":[],"product_cat":[74,62,60],"product_tag":[139],"class_list":{"0":"post-2377","1":"product","2":"type-product","3":"status-publish","4":"has-post-thumbnail","6":"dang_san_pham-dang-tiem","7":"product_cat-khang-sinh","8":"product_cat-san-pham-cho-dai-gia-suc","9":"product_cat-san-pham-cho-heo","10":"product_tag-g-mox-15-la-inj","12":"first","13":"instock","14":"shipping-taxable","15":"product-type-simple"},"acf":[],"_links":{"self":[{"href":"https:\/\/greenvet.sharecode.io.vn\/index.php?rest_route=\/wp\/v2\/product\/2377","targetHints":{"allow":["GET"]}}],"collection":[{"href":"https:\/\/greenvet.sharecode.io.vn\/index.php?rest_route=\/wp\/v2\/product"}],"about":[{"href":"https:\/\/greenvet.sharecode.io.vn\/index.php?rest_route=\/wp\/v2\/types\/product"}],"replies":[{"embeddable":true,"href":"https:\/\/greenvet.sharecode.io.vn\/index.php?rest_route=%2Fwp%2Fv2%2Fcomments&post=2377"}],"wp:featuredmedia":[{"embeddable":true,"href":"https:\/\/greenvet.sharecode.io.vn\/index.php?rest_route=\/wp\/v2\/media\/2378"}],"wp:attachment":[{"href":"https:\/\/greenvet.sharecode.io.vn\/index.php?rest_route=%2Fwp%2Fv2%2Fmedia&parent=2377"}],"wp:term":[{"taxonomy":"dang_san_pham","embeddable":true,"href":"https:\/\/greenvet.sharecode.io.vn\/index.php?rest_route=%2Fwp%2Fv2%2Fdang_san_pham&post=2377"},{"taxonomy":"product_brand","embeddable":true,"href":"https:\/\/greenvet.sharecode.io.vn\/index.php?rest_route=%2Fwp%2Fv2%2Fproduct_brand&post=2377"},{"taxonomy":"product_cat","embeddable":true,"href":"https:\/\/greenvet.sharecode.io.vn\/index.php?rest_route=%2Fwp%2Fv2%2Fproduct_cat&post=2377"},{"taxonomy":"product_tag","embeddable":true,"href":"https:\/\/greenvet.sharecode.io.vn\/index.php?rest_route=%2Fwp%2Fv2%2Fproduct_tag&post=2377"}],"curies":[{"name":"wp","href":"https:\/\/api.w.org\/{rel}","templated":true}]}}