{"id":2379,"date":"2022-11-06T23:04:16","date_gmt":"2022-11-06T16:04:16","guid":{"rendered":"https:\/\/greenvet.sharecode.io.vn\/?post_type=product&#038;p=2379"},"modified":"2022-11-10T17:26:40","modified_gmt":"2022-11-10T10:26:40","slug":"coliamcin-inj","status":"publish","type":"product","link":"https:\/\/greenvet.sharecode.io.vn\/?product=coliamcin-inj","title":{"rendered":"Coliamcin inj"},"content":{"rendered":"<p><strong>TH\u00c0NH PH\u1ea6N:<\/strong><\/p>\n<p>Trong 1 ml c\u00f3 ch\u1ee9a:<br \/>\nAmpicillin base (d\u1ea1ng trihydrate) \u2026.100 mg<br \/>\nColistin sulphate \u2026\u2026\u2026..250,000 IU<\/p>\n<p><strong>C\u00d4NG D\u1ee4NG:<\/strong><\/p>\n<p>\u0110\u1eb7c tr\u1ecb c\u00e1c b\u1ec7nh ti\u00eau ch\u1ea3y, vi\u00eam ru\u1ed9t, th\u01b0\u01a1ng h\u00e0n, ph\u00f3 th\u01b0\u01a1ng h\u00e0n, ph\u00e2n tr\u1eafng, ph\u00e2n v\u00e0ng, ph\u00e2n b\u00f9n, ph\u00e2n xi m\u0103ng, ti\u00eau ch\u1ea3y m\u00e3n t\u00ednh, nhi\u1ec1u ng\u00e0y kh\u00f4ng kh\u1ecfi, s\u01b0ng ph\u00f9 \u0111\u1ea7u, E.coli dung huy\u1ebft, vi\u00eam ph\u1ed5i, vi\u00eam ph\u1ebf qu\u1ea3, vi\u00eam v\u00fa, vi\u00eam t\u1eed cung, s\u1ed1t b\u1ecf \u0103n, t\u1ee5 huy\u1ebft tr\u00f9ng, \u0111\u00f3ng d\u1ea5u, vi\u00eam da, \u00e1p xe, ph\u00f2ng b\u1ed9i nhi\u1ec5m, v\u00e0 c\u00e1c nhi\u1ec5m tr\u00f9ng ti\u1ebft ni\u1ec7u, h\u00f4 h\u1ea5p, ti\u00eau h\u00f3a kh\u00e1c.<\/p>\n<p><strong>C\u00c1CH D\u00d9NG:<\/strong><\/p>\n<p>Ti\u00eam b\u1eafp ho\u1eb7c ti\u00eam d\u01b0\u1edbi da.<br \/>\nLi\u1ec1u chung: 1ml\/10kg th\u1ec3 tr\u1ecdng\/ng\u00e0y. B\u1ec7nh n\u1eb7ng ti\u00eam 2 l\u1ea7n\/ng\u00e0y, li\u00ean t\u1ee5c 3-5 ng\u00e0y.<br \/>\nL\u1eafc \u0111\u1ec1u tr\u01b0\u1edbc khi s\u1eed d\u1ee5ng.<br \/>\nN\u00ean chia thu\u1ed1c v\u00e0 ti\u00eam l\u1ea1i nhi\u1ec1u v\u1ecb tr\u00ed, khi l\u01b0\u1ee3ng thu\u1ed1c<\/p>\n<p><strong>QUY C\u00c1CH:<\/strong><\/p>\n<p>Chai 20, 100 ml<\/p>\n<p><strong>S\u1ea2N XU\u1ea4T T\u1ea0I:<\/strong><\/p>\n<p>C\u00f4ng ty Medion Vi\u1ec7t Nam<\/p>\n","protected":false},"excerpt":{"rendered":"<p>\u0110\u1eb7c tr\u1ecb ti\u00eau ch\u1ea3y tr\u00ean heo<\/p>\n","protected":false},"featured_media":2380,"comment_status":"open","ping_status":"closed","template":"","meta":[],"dang_san_pham":[119],"product_brand":[],"product_cat":[74,62,60],"product_tag":[216,140],"class_list":{"0":"post-2379","1":"product","2":"type-product","3":"status-publish","4":"has-post-thumbnail","6":"dang_san_pham-dang-tiem","7":"product_cat-khang-sinh","8":"product_cat-san-pham-cho-dai-gia-suc","9":"product_cat-san-pham-cho-heo","10":"product_tag-coliamcin","11":"product_tag-coliamcin-inj","13":"first","14":"instock","15":"shipping-taxable","16":"product-type-simple"},"acf":[],"_links":{"self":[{"href":"https:\/\/greenvet.sharecode.io.vn\/index.php?rest_route=\/wp\/v2\/product\/2379","targetHints":{"allow":["GET"]}}],"collection":[{"href":"https:\/\/greenvet.sharecode.io.vn\/index.php?rest_route=\/wp\/v2\/product"}],"about":[{"href":"https:\/\/greenvet.sharecode.io.vn\/index.php?rest_route=\/wp\/v2\/types\/product"}],"replies":[{"embeddable":true,"href":"https:\/\/greenvet.sharecode.io.vn\/index.php?rest_route=%2Fwp%2Fv2%2Fcomments&post=2379"}],"wp:featuredmedia":[{"embeddable":true,"href":"https:\/\/greenvet.sharecode.io.vn\/index.php?rest_route=\/wp\/v2\/media\/2380"}],"wp:attachment":[{"href":"https:\/\/greenvet.sharecode.io.vn\/index.php?rest_route=%2Fwp%2Fv2%2Fmedia&parent=2379"}],"wp:term":[{"taxonomy":"dang_san_pham","embeddable":true,"href":"https:\/\/greenvet.sharecode.io.vn\/index.php?rest_route=%2Fwp%2Fv2%2Fdang_san_pham&post=2379"},{"taxonomy":"product_brand","embeddable":true,"href":"https:\/\/greenvet.sharecode.io.vn\/index.php?rest_route=%2Fwp%2Fv2%2Fproduct_brand&post=2379"},{"taxonomy":"product_cat","embeddable":true,"href":"https:\/\/greenvet.sharecode.io.vn\/index.php?rest_route=%2Fwp%2Fv2%2Fproduct_cat&post=2379"},{"taxonomy":"product_tag","embeddable":true,"href":"https:\/\/greenvet.sharecode.io.vn\/index.php?rest_route=%2Fwp%2Fv2%2Fproduct_tag&post=2379"}],"curies":[{"name":"wp","href":"https:\/\/api.w.org\/{rel}","templated":true}]}}