{"id":2382,"date":"2022-11-06T23:21:04","date_gmt":"2022-11-06T16:21:04","guid":{"rendered":"https:\/\/greenvet.sharecode.io.vn\/?post_type=product&#038;p=2382"},"modified":"2022-11-10T17:27:58","modified_gmt":"2022-11-10T10:27:58","slug":"cef-q","status":"publish","type":"product","link":"https:\/\/greenvet.sharecode.io.vn\/?product=cef-q","title":{"rendered":"Cef Q"},"content":{"rendered":"<p><strong>TH\u00c0NH PH\u1ea6N:<\/strong><\/p>\n<p>&#8211; L\u1ecd Cef Q 1g+NP100ml:<\/p>\n<p>Chai thu\u1ed1c b\u1ed9t Cefquinome (sulfate) \u2026.1 g<br \/>\nChai n\u01b0\u1edbc pha \u2026\u2026.\u2026..100 ml<\/p>\n<p>&#8211; L\u1ecd Cef Q 2g:<\/p>\n<p>Chai thu\u1ed1c b\u1ed9t Cefquinome (sulfate) \u2026.2 g<\/p>\n<p><strong>C\u00d4NG D\u1ee4NG:<\/strong><\/p>\n<p>-V\u1ecbt, g\u00e0, ngan, c\u00fat: \u0110\u1eb7c tr\u1ecb b\u1ea1i huy\u1ebft, hen kh\u1eb9c, v\u1ea9y m\u1ecf, kh\u00f2 kh\u00e8, s\u01b0ng m\u1eb7t, vi\u00eam kh\u1edbp, li\u1ec7t ch\u00e2n, li\u1ec7t c\u00e1nh, ngh\u1eb9o \u0111\u1ea7u, ti\u00eau ch\u1ea3y ph\u00e2n s\u00e1p, n\u00e2u, ph\u00e2n xanh, ph\u00e2n tr\u1eafng, ph\u00e2n nh\u1edbt, THT, coryza, ORT, E.coli gh\u00e9p, th\u01b0\u01a1ng h\u00e0n, vi\u00eam kh\u1edbp, CCRD, nhi\u1ec5m khu\u1ea9n c\u1ea5p t\u00ednh.<\/p>\n<p>-Heo, tr\u00e2u, b\u00f2, d\u00ea, c\u1eebu, ch\u00f3, m\u00e8o: \u0110\u1eb7c tr\u1ecb vi\u00eam ph\u1ed5i, hen, suy\u1ec5n, vi\u00eam m\u00f3ng, th\u1ed1i m\u00f3ng ho\u1ea1i t\u1eed, \u00e1p xe, nhi\u1ec5m khu\u1ea9n m\u00f4 m\u1ec1m, vi\u00eam v\u00fa, vi\u00eam t\u1eed cung c\u1ea5p, nhi\u1ec5m tr\u00f9ng m\u00e1u, ph\u00f2ng nhi\u1ec5m tr\u00f9ng k\u1ebf ph\u00e1t v\u00e0 h\u1eadu ph\u1eabu.<\/p>\n<p><strong>C\u00c1CH D\u00d9NG:<\/strong><\/p>\n<p>C\u00e1ch pha: R\u00fat 20 ml n\u01b0\u1edbc pha t\u1eeb chai dung m\u00f4i b\u01a1m v\u00e0o chai thu\u1ed1c b\u1ed9t, l\u1eafc \u0111\u1ec1u. Sau \u0111\u00f3 h\u00fat ph\u1ea7n dung d\u1ecbch n\u00e0y b\u01a1m v\u00e0o ph\u1ea7n dung m\u00f4i c\u00f2n l\u1ea1i trong chai n\u01b0\u1edbc pha \u0111\u1ec3 \u0111\u01b0\u1ee3c 100ml, l\u1eafc \u0111\u1ec1u cho \u0111\u1ebfn khi tan ho\u00e0n to\u00e0n.<br \/>\nLi\u1ec1u l\u01b0\u1ee3ng:<br \/>\n&#8211; V\u1ecbt, g\u00e0, ngan, c\u00fat: 1 ml\/2 kg TT, 3-5 ng\u00e0y li\u00ean ti\u1ebfp (G\u00e0, v\u1ecbt 1 ng\u00e0y tu\u1ed5i: Ti\u00eam d\u01b0\u1edbi da) \u0111\u1ec3 d\u1ec5 ti\u00eam c\u00f3 th\u1ec3 pha th\u00eam v\u1edbi n\u01b0\u1edbc sinh l\u00fd ho\u1eb7c n\u01b0\u1edbc c\u1ea5t (v\u00ed d\u1ee5 1ml Cef-Q \u0111\u00e3 pha + ml n\u01b0\u1edbc c\u1ea5t ho\u1eb7c sinh l\u00fd m\u1eb7n = 10ml, dung d\u1ecbch n\u00e0y ti\u00eam t\u1eeb 0,1-0,25 ml\/con).<br \/>\n&#8211; Heo tr\u00e2u, b\u00f2, ng\u1ef1a: Ti\u00eam b\u1eafp, 1 ml\/10 kg TT\/ng\u00e0y, 4-5 ng\u00e0y li\u00ean ti\u1ebfp.<br \/>\n&#8211; B\u00ea, ngh\u00e9: Ti\u00eam b\u1eafp, 2 ml\/10 kg TT\/ng\u00e0y, d\u00f9ng 3-5 ng\u00e0y li\u00ean ti\u1ebfp.<br \/>\n&#8211; Ch\u00f3, m\u00e8o: Ti\u00eam b\u1eafp 1 mg Cefquinome\/12,5 kg TT\/ng\u00e0y d\u00f9ng 3-5 ng\u00e0y li\u00ean ti\u1ebfp.<br \/>\n* Ch\u00fa \u00fd: L\u1eafc k\u1ef9 tr\u01b0\u1edbc khi s\u1eed d\u1ee5ng. Ch\u1ec9 pha thu\u1ed1c b\u1ed9t v\u1edbi chai n\u01b0\u1edbc pha t\u1eb7ng k\u00e8m<\/p>\n<p><strong>QUY C\u00c1CH:<\/strong><\/p>\n<p>L\u1ecd 1g+ n\u01b0\u1edbc pha, L\u1ecd 2g, n\u01b0\u1edbc pha 200ml<\/p>\n<p><strong>S\u1ea2N XU\u1ea4T T\u1ea0I:<\/strong><\/p>\n<p>C\u00f4ng ty Medion Vi\u1ec7t Nam<\/p>\n","protected":false},"excerpt":{"rendered":"<p>\u0110\u1eb7c tr\u1ecb E.coli k\u00e9o m\u00e0ng, b\u1ea1i huy\u1ebft, t\u1ee5 huy\u1ebft tr\u00f9ng, th\u01b0\u01a1ng h\u00e0n, Coryza, ORT tr\u00ean v\u1ecbt, ngan, g\u00e0<\/p>\n","protected":false},"featured_media":2383,"comment_status":"open","ping_status":"closed","template":"","meta":[],"dang_san_pham":[118],"product_brand":[],"product_cat":[74,62,59,60,64,61,65],"product_tag":[141],"class_list":{"0":"post-2382","1":"product","2":"type-product","3":"status-publish","4":"has-post-thumbnail","6":"dang_san_pham-dang-bot-tan","7":"product_cat-khang-sinh","8":"product_cat-san-pham-cho-dai-gia-suc","9":"product_cat-san-pham-cho-ga","10":"product_cat-san-pham-cho-heo","11":"product_cat-san-pham-cho-thu-cung","12":"product_cat-san-pham-cho-thuy-cam","13":"product_cat-san-pham-cho-vat-nuoi-khac","14":"product_tag-cef-q","16":"first","17":"instock","18":"shipping-taxable","19":"product-type-simple"},"acf":[],"_links":{"self":[{"href":"https:\/\/greenvet.sharecode.io.vn\/index.php?rest_route=\/wp\/v2\/product\/2382","targetHints":{"allow":["GET"]}}],"collection":[{"href":"https:\/\/greenvet.sharecode.io.vn\/index.php?rest_route=\/wp\/v2\/product"}],"about":[{"href":"https:\/\/greenvet.sharecode.io.vn\/index.php?rest_route=\/wp\/v2\/types\/product"}],"replies":[{"embeddable":true,"href":"https:\/\/greenvet.sharecode.io.vn\/index.php?rest_route=%2Fwp%2Fv2%2Fcomments&post=2382"}],"wp:featuredmedia":[{"embeddable":true,"href":"https:\/\/greenvet.sharecode.io.vn\/index.php?rest_route=\/wp\/v2\/media\/2383"}],"wp:attachment":[{"href":"https:\/\/greenvet.sharecode.io.vn\/index.php?rest_route=%2Fwp%2Fv2%2Fmedia&parent=2382"}],"wp:term":[{"taxonomy":"dang_san_pham","embeddable":true,"href":"https:\/\/greenvet.sharecode.io.vn\/index.php?rest_route=%2Fwp%2Fv2%2Fdang_san_pham&post=2382"},{"taxonomy":"product_brand","embeddable":true,"href":"https:\/\/greenvet.sharecode.io.vn\/index.php?rest_route=%2Fwp%2Fv2%2Fproduct_brand&post=2382"},{"taxonomy":"product_cat","embeddable":true,"href":"https:\/\/greenvet.sharecode.io.vn\/index.php?rest_route=%2Fwp%2Fv2%2Fproduct_cat&post=2382"},{"taxonomy":"product_tag","embeddable":true,"href":"https:\/\/greenvet.sharecode.io.vn\/index.php?rest_route=%2Fwp%2Fv2%2Fproduct_tag&post=2382"}],"curies":[{"name":"wp","href":"https:\/\/api.w.org\/{rel}","templated":true}]}}