{"id":2386,"date":"2022-11-06T23:25:57","date_gmt":"2022-11-06T16:25:57","guid":{"rendered":"https:\/\/greenvet.sharecode.io.vn\/?post_type=product&#038;p=2386"},"modified":"2022-11-10T17:28:51","modified_gmt":"2022-11-10T10:28:51","slug":"drafovet","status":"publish","type":"product","link":"https:\/\/greenvet.sharecode.io.vn\/?product=drafovet","title":{"rendered":"Drafovet"},"content":{"rendered":"<p><strong>TH\u00c0NH PH\u1ea6N:<\/strong><\/p>\n<p>Trong 1 ml c\u00f3 ch\u1ee9a:<br \/>\nTulathromycin\u2026\u2026.. \u2026\u2026..100 mg<\/p>\n<p><strong>C\u00d4NG D\u1ee4NG:<\/strong><\/p>\n<p>-Tr\u00ean heo: Kh\u00e1ng sinh cao c\u1ea5p ph\u00f2ng c\u00e1c b\u1ec7nh c\u01a1 h\u1ed9i g\u00e2y ra trong c\u00e1c giai \u0111o\u1ea1n nh\u1ea1y c\u1ea3m c\u1ee7a heo (b\u1ea5m nanh, c\u1eaft \u0111u\u00f4i, thi\u1ebfn&#8230;) v\u00e0 ph\u00f2ng c\u00e1c b\u1ec7nh h\u00f4 h\u1ea5p nh\u01b0 suy\u1ec5n heo, vi\u00eam ph\u1ed5i m\u00e0ng ph\u1ed5i (APP), t\u1ee5 huy\u1ebft tr\u00f9ng, glasser.<br \/>\n-Tr\u00ean tr\u00e2u, b\u00f2 v\u00e0 c\u00e1c gia s\u00fac kh\u00e1c: Vi\u00eam ph\u1ed5i, t\u1ee5 huy\u1ebft tr\u00f9ng, vi\u00eam n\u00e3o-m\u00e0ng n\u00e3o, vi\u00eam kh\u1edbp, vi\u00eam c\u01a1 tim v\u00e0 nhi\u1ec5m tr\u00f9ng m\u00e1u (do Histophilus somni), vi\u00eam v\u00fa, vi\u00eam k\u1ebft-gi\u00e1c m\u1ea1c.<\/p>\n<p><strong>C\u00c1CH D\u00d9NG:<\/strong><\/p>\n<p>-Heo: Ti\u00eam b\u1eafp c\u1ed5 1 li\u1ec1u duy nh\u1ea5t: 1 ml\/40 kg th\u1ec3 tr\u1ecdng<br \/>\nkh\u00f4ng n\u00ean ti\u00eam qu\u00e1 2ml t\u1ea1i 1 v\u1ecb tr\u00ed ti\u00eam.<br \/>\n-Tr\u00e2u, b\u00f2 v\u00e0 c\u00e1c gia s\u00fac kh\u00e1c: Ti\u00eam d\u01b0\u1edbi da duy nh\u1ea5t 1 l\u1ea7n: 1 ml\/40 kg tr\u1ecdng l\u01b0\u1ee3ng .kh\u00f4ng n\u00ean ti\u00eam qu\u00e1 7,5 ml t\u1ea1i 1 v\u1ecb tr\u00ed ti\u00eam<\/p>\n<p><strong>QUY C\u00c1CH:<\/strong><\/p>\n<p>Chai 20ml<\/p>\n<p><strong>S\u1ea2N XU\u1ea4T T\u1ea0I:<\/strong><\/p>\n<p>C\u00f4ng ty Medion Vi\u1ec7t Nam<\/p>\n","protected":false},"excerpt":{"rendered":"<p>\u0110\u1eb7c tr\u1ecb c\u00e1c b\u1ec7nh h\u00f4 h\u1ea5p tr\u00ean gia s\u00fac, gia c\u1ea7m<\/p>\n","protected":false},"featured_media":2387,"comment_status":"open","ping_status":"closed","template":"","meta":[],"dang_san_pham":[119],"product_brand":[],"product_cat":[74,62,60,65],"product_tag":[142],"class_list":{"0":"post-2386","1":"product","2":"type-product","3":"status-publish","4":"has-post-thumbnail","6":"dang_san_pham-dang-tiem","7":"product_cat-khang-sinh","8":"product_cat-san-pham-cho-dai-gia-suc","9":"product_cat-san-pham-cho-heo","10":"product_cat-san-pham-cho-vat-nuoi-khac","11":"product_tag-drafovet","13":"first","14":"instock","15":"shipping-taxable","16":"product-type-simple"},"acf":[],"_links":{"self":[{"href":"https:\/\/greenvet.sharecode.io.vn\/index.php?rest_route=\/wp\/v2\/product\/2386","targetHints":{"allow":["GET"]}}],"collection":[{"href":"https:\/\/greenvet.sharecode.io.vn\/index.php?rest_route=\/wp\/v2\/product"}],"about":[{"href":"https:\/\/greenvet.sharecode.io.vn\/index.php?rest_route=\/wp\/v2\/types\/product"}],"replies":[{"embeddable":true,"href":"https:\/\/greenvet.sharecode.io.vn\/index.php?rest_route=%2Fwp%2Fv2%2Fcomments&post=2386"}],"wp:featuredmedia":[{"embeddable":true,"href":"https:\/\/greenvet.sharecode.io.vn\/index.php?rest_route=\/wp\/v2\/media\/2387"}],"wp:attachment":[{"href":"https:\/\/greenvet.sharecode.io.vn\/index.php?rest_route=%2Fwp%2Fv2%2Fmedia&parent=2386"}],"wp:term":[{"taxonomy":"dang_san_pham","embeddable":true,"href":"https:\/\/greenvet.sharecode.io.vn\/index.php?rest_route=%2Fwp%2Fv2%2Fdang_san_pham&post=2386"},{"taxonomy":"product_brand","embeddable":true,"href":"https:\/\/greenvet.sharecode.io.vn\/index.php?rest_route=%2Fwp%2Fv2%2Fproduct_brand&post=2386"},{"taxonomy":"product_cat","embeddable":true,"href":"https:\/\/greenvet.sharecode.io.vn\/index.php?rest_route=%2Fwp%2Fv2%2Fproduct_cat&post=2386"},{"taxonomy":"product_tag","embeddable":true,"href":"https:\/\/greenvet.sharecode.io.vn\/index.php?rest_route=%2Fwp%2Fv2%2Fproduct_tag&post=2386"}],"curies":[{"name":"wp","href":"https:\/\/api.w.org\/{rel}","templated":true}]}}