{"id":2388,"date":"2022-11-06T23:29:02","date_gmt":"2022-11-06T16:29:02","guid":{"rendered":"https:\/\/greenvet.sharecode.io.vn\/?post_type=product&#038;p=2388"},"modified":"2022-11-10T17:30:14","modified_gmt":"2022-11-10T10:30:14","slug":"ultra-flor-400-inj","status":"publish","type":"product","link":"https:\/\/greenvet.sharecode.io.vn\/?product=ultra-flor-400-inj","title":{"rendered":"Ultra flor 400 Inj"},"content":{"rendered":"<p><strong>TH\u00c0NH PH\u1ea6N:<\/strong><\/p>\n<p>Trong 1 ml c\u00f3 ch\u1ee9a:<br \/>\nFlorfenicol\u2026\u2026\u2026\u2026\u2026\u2026\u2026.400mg<\/p>\n<p><strong>C\u00d4NG D\u1ee4NG:<\/strong><\/p>\n<p>\u0110\u0103\u0323c tri\u0323 ph\u00f3 th\u01b0\u01a1ng H\u00e0n, E.coli, s\u01b0ng ph\u00f9 \u0111\u1ea7u, vi\u00eam ru\u1ed9t, c\u00e1c b\u1ec7nh h\u00f4 h\u1ea5p phwucs h\u1ee3p nh\u01b0 vi\u00eam ph\u1ed5i m\u00e0ng ph\u1ed5i (APP), vi\u00eam ph\u1ed5i d\u00ednh s\u01b0\u1eddn, s\u1ed1t, ho, kh\u00f3 th\u1edf, b\u1ecf \u0103n kh\u00f4ng r\u00f5 nguy\u00ean nh\u00e2n v\u00e0 c\u00e1c nhi\u1ec5m khu\u1ea9n k\u1ebf ph\u00e1t v\u1edbi b\u1ec7nh tai xanh (PRRS), d\u1ecbch t\u1ea3, l\u1edf m\u1ed3m long m\u00f3ng.<\/p>\n<p><strong>C\u00c1CH D\u00d9NG:<\/strong><\/p>\n<p>Ti\u00eam b\u0103\u0301p ho\u0103\u0323c ti\u00eam d\u01b0\u01a1\u0301i da.<br \/>\n-Heo: Ti\u00eam b\u1eafp 1ml\/25-30 kg th\u1ec3 tr\u1ecdng.<br \/>\n-Gia s\u00fac: Ti\u00eam b\u1eafp 1ml\/20kg th\u1ec3 tr\u1ecdng. L\u1eb7p l\u1ea1i sau 48 gi\u1edd.<\/p>\n<p><strong>QUY C\u00c1CH:<\/strong><\/p>\n<p>Chai 20, 100 ml<\/p>\n<p><strong>S\u1ea2N XU\u1ea4T T\u1ea0I:<\/strong><\/p>\n<p>C\u00f4ng ty Medion Vi\u1ec7t Nam<\/p>\n","protected":false},"excerpt":{"rendered":"<p>\u0110\u1eb7c tr\u1ecb ph\u00f3 th\u01b0\u01a1ng h\u00e0n v\u00e0 h\u00f4 h\u1ea5p ph\u1ee9c h\u1ee3p<\/p>\n","protected":false},"featured_media":2389,"comment_status":"open","ping_status":"closed","template":"","meta":[],"dang_san_pham":[119],"product_brand":[],"product_cat":[74,62,60],"product_tag":[341,342,143],"class_list":{"0":"post-2388","1":"product","2":"type-product","3":"status-publish","4":"has-post-thumbnail","6":"dang_san_pham-dang-tiem","7":"product_cat-khang-sinh","8":"product_cat-san-pham-cho-dai-gia-suc","9":"product_cat-san-pham-cho-heo","10":"product_tag-ultra-flor","11":"product_tag-ultra-flor-400","12":"product_tag-ultra-flor-400-inj","14":"first","15":"instock","16":"shipping-taxable","17":"product-type-simple"},"acf":[],"_links":{"self":[{"href":"https:\/\/greenvet.sharecode.io.vn\/index.php?rest_route=\/wp\/v2\/product\/2388","targetHints":{"allow":["GET"]}}],"collection":[{"href":"https:\/\/greenvet.sharecode.io.vn\/index.php?rest_route=\/wp\/v2\/product"}],"about":[{"href":"https:\/\/greenvet.sharecode.io.vn\/index.php?rest_route=\/wp\/v2\/types\/product"}],"replies":[{"embeddable":true,"href":"https:\/\/greenvet.sharecode.io.vn\/index.php?rest_route=%2Fwp%2Fv2%2Fcomments&post=2388"}],"wp:featuredmedia":[{"embeddable":true,"href":"https:\/\/greenvet.sharecode.io.vn\/index.php?rest_route=\/wp\/v2\/media\/2389"}],"wp:attachment":[{"href":"https:\/\/greenvet.sharecode.io.vn\/index.php?rest_route=%2Fwp%2Fv2%2Fmedia&parent=2388"}],"wp:term":[{"taxonomy":"dang_san_pham","embeddable":true,"href":"https:\/\/greenvet.sharecode.io.vn\/index.php?rest_route=%2Fwp%2Fv2%2Fdang_san_pham&post=2388"},{"taxonomy":"product_brand","embeddable":true,"href":"https:\/\/greenvet.sharecode.io.vn\/index.php?rest_route=%2Fwp%2Fv2%2Fproduct_brand&post=2388"},{"taxonomy":"product_cat","embeddable":true,"href":"https:\/\/greenvet.sharecode.io.vn\/index.php?rest_route=%2Fwp%2Fv2%2Fproduct_cat&post=2388"},{"taxonomy":"product_tag","embeddable":true,"href":"https:\/\/greenvet.sharecode.io.vn\/index.php?rest_route=%2Fwp%2Fv2%2Fproduct_tag&post=2388"}],"curies":[{"name":"wp","href":"https:\/\/api.w.org\/{rel}","templated":true}]}}