{"id":2390,"date":"2022-11-06T23:34:52","date_gmt":"2022-11-06T16:34:52","guid":{"rendered":"https:\/\/greenvet.sharecode.io.vn\/?post_type=product&#038;p=2390"},"modified":"2022-11-10T17:31:19","modified_gmt":"2022-11-10T10:31:19","slug":"linco-spect-inj","status":"publish","type":"product","link":"https:\/\/greenvet.sharecode.io.vn\/?product=linco-spect-inj","title":{"rendered":"Linco-spect inj"},"content":{"rendered":"<p><strong>TH\u00c0NH PH\u1ea6N:<\/strong><\/p>\n<p>Trong 1ml c\u00f3 ch\u1ee9a:<br \/>\nSpectomycin (sulfate)\u2026\u2026.. 150 mg<br \/>\nLicomycin (hydrochloride)\u2026.\u2026\u202675 mg<\/p>\n<p><strong>C\u00d4NG D\u1ee4NG:<\/strong><\/p>\n<p>-Heo: \u0110\u1eb7c tr\u1ecb c\u00e1c b\u1ec7nh nhi\u1ec5m khu\u1ea9n \u0111\u01b0\u1eddng h\u00f4 h\u1ea5p nh\u01b0 E.coli, vi\u00eam ph\u1ed5i, sung kh\u1edbp, salmonella v\u00e0 b\u1ec7nh ly.<br \/>\n-C\u1eebu v\u00e0 gia s\u00fac : \u0110\u1eb7c tr\u1ecb b\u1ec7nh vi\u00eam ph\u1ed5i v\u00e0 E.coli.<\/p>\n<p><strong>C\u00c1CH D\u00d9NG:<\/strong><\/p>\n<p>Ti\u00eam b\u1eafp trong 4 ng\u00e0y<br \/>\nLi\u1ec1u chung: 0.6-1.3 ml\/10 kg th\u1ec3 tr\u1ecdng<br \/>\n-Heo: 15-18 ml\/n\u00e1i\/ng\u00e0y; 2-9 ml\/heo v\u1ed7 b\u00e9o\/ng\u00e0y; 0.3-1.2 ml\/heo con\/ng\u00e0y.<br \/>\n-Gia s\u00fac: 30-40 ml\/gia s\u00fac l\u1edbn\/ng\u00e0y; 5-15 ml\/ gia s\u00fac nh\u1ecf\/ng\u00e0y.<br \/>\n-C\u1eebu: 4-6 ml\/c\u1eebu l\u1edbn\/ng\u00e0y; 0.5-2 ml\/c\u1eebu nh\u1ecf\/ng\u00e0y.<\/p>\n<p><strong>QUY C\u00c1CH:<\/strong><\/p>\n<p>Chai 20, 100 ml<\/p>\n<p><strong>S\u1ea2N XU\u1ea4T T\u1ea0I:<\/strong><\/p>\n<p>C\u00f4ng ty Medion Vi\u1ec7t Nam<\/p>\n","protected":false},"excerpt":{"rendered":"<p>\u0110\u1eb7c tr\u1ecb nhi\u1ec5m khu\u1ea9n \u0111\u01b0\u1eddng h\u00f4 h\u1ea5p, ti\u00eau ho\u00e1, ti\u1ebft ni\u1ec7u v\u00e0 vi\u00eam kh\u1edbp tr\u00ean gia s\u00fac, gia c\u1ea7m<\/p>\n","protected":false},"featured_media":2391,"comment_status":"open","ping_status":"closed","template":"","meta":[],"dang_san_pham":[119],"product_brand":[],"product_cat":[74,62,59,60],"product_tag":[212,211,144],"class_list":{"0":"post-2390","1":"product","2":"type-product","3":"status-publish","4":"has-post-thumbnail","6":"dang_san_pham-dang-tiem","7":"product_cat-khang-sinh","8":"product_cat-san-pham-cho-dai-gia-suc","9":"product_cat-san-pham-cho-ga","10":"product_cat-san-pham-cho-heo","11":"product_tag-linco","12":"product_tag-linco-spect","13":"product_tag-linco-spect-inj","15":"first","16":"instock","17":"shipping-taxable","18":"product-type-simple"},"acf":[],"_links":{"self":[{"href":"https:\/\/greenvet.sharecode.io.vn\/index.php?rest_route=\/wp\/v2\/product\/2390","targetHints":{"allow":["GET"]}}],"collection":[{"href":"https:\/\/greenvet.sharecode.io.vn\/index.php?rest_route=\/wp\/v2\/product"}],"about":[{"href":"https:\/\/greenvet.sharecode.io.vn\/index.php?rest_route=\/wp\/v2\/types\/product"}],"replies":[{"embeddable":true,"href":"https:\/\/greenvet.sharecode.io.vn\/index.php?rest_route=%2Fwp%2Fv2%2Fcomments&post=2390"}],"wp:featuredmedia":[{"embeddable":true,"href":"https:\/\/greenvet.sharecode.io.vn\/index.php?rest_route=\/wp\/v2\/media\/2391"}],"wp:attachment":[{"href":"https:\/\/greenvet.sharecode.io.vn\/index.php?rest_route=%2Fwp%2Fv2%2Fmedia&parent=2390"}],"wp:term":[{"taxonomy":"dang_san_pham","embeddable":true,"href":"https:\/\/greenvet.sharecode.io.vn\/index.php?rest_route=%2Fwp%2Fv2%2Fdang_san_pham&post=2390"},{"taxonomy":"product_brand","embeddable":true,"href":"https:\/\/greenvet.sharecode.io.vn\/index.php?rest_route=%2Fwp%2Fv2%2Fproduct_brand&post=2390"},{"taxonomy":"product_cat","embeddable":true,"href":"https:\/\/greenvet.sharecode.io.vn\/index.php?rest_route=%2Fwp%2Fv2%2Fproduct_cat&post=2390"},{"taxonomy":"product_tag","embeddable":true,"href":"https:\/\/greenvet.sharecode.io.vn\/index.php?rest_route=%2Fwp%2Fv2%2Fproduct_tag&post=2390"}],"curies":[{"name":"wp","href":"https:\/\/api.w.org\/{rel}","templated":true}]}}