{"id":2392,"date":"2022-11-06T23:40:21","date_gmt":"2022-11-06T16:40:21","guid":{"rendered":"https:\/\/greenvet.sharecode.io.vn\/?post_type=product&#038;p=2392"},"modified":"2022-11-10T17:32:05","modified_gmt":"2022-11-10T10:32:05","slug":"fendox-inj","status":"publish","type":"product","link":"https:\/\/greenvet.sharecode.io.vn\/?product=fendox-inj","title":{"rendered":"Fendox inj"},"content":{"rendered":"<p><strong>TH\u00c0NH PH\u1ea6N:<\/strong><\/p>\n<p>Trong 1 ml c\u00f3 ch\u1ee9a:<br \/>\nDoxycycline (d\u1ea1ng doxycycline hyclate) 100 mg<br \/>\nFlorfenicol &#8230;&#8230;&#8230;&#8230;&#8230;&#8230;&#8230;&#8230;&#8230;100 mg<\/p>\n<p><strong>C\u00d4NG D\u1ee4NG:<\/strong><\/p>\n<p>-Heo, gia s\u00fac: \u0110\u1eb7c tr\u1ecb ph\u00f3 th\u01b0\u01a1ng h\u00e0n, t\u1ee5 huy\u1ebft tr\u00f9ng, suy\u1ec5n, vi\u00eam ph\u1ed5i, lepto (l\u1ee3n ngh\u1ec7), s\u01b0ng ph\u00f9 \u0111\u1ea7u, E.coli, vi\u00eam v\u00fa, vi\u00eam t\u1eed cung, nhi\u1ec5m tr\u00f9ng n\u1eb7ng, k\u1ebf ph\u00e1t, s\u1ed1t b\u1ecf \u0103n kh\u00f4ng r\u00f5 nguy\u00ean nh\u00e2n<br \/>\n-G\u00e0, v\u1ecbt: \u0110\u1eb7c tr\u1ecb Coryza, hen ng\u00e1p (ORT), hen (CRD), hen gh\u00e9p (CCRD), kh\u1eb9c v\u1ecbt, E.coli k\u00e9o m\u00e0ng<\/p>\n<p><strong>C\u00c1CH D\u00d9NG:<\/strong><\/p>\n<p>Ti\u00eam s\u00e2u b\u1eafp th\u1ecbt, d\u00f9ng 3-5 ng\u00e0y.<br \/>\n-Heo, tr\u00e2u, b\u00f2, d\u00ea, c\u1eebu: 1 ml\/10 &#8211; 15 kg th\u1ec3 tr\u1ecdng\/ng\u00e0y.<br \/>\n-Ch\u00f3, m\u00e8o: 1 ml\/3,5 kg th\u1ec3 tr\u1ecdng\/ng\u00e0y.<br \/>\n-Gia c\u1ea7m: 1 ml\/4-5 kg th\u1ec3 tr\u1ecdng\/ng\u00e0y.<\/p>\n<p><strong>QUY C\u00c1CH:<\/strong><\/p>\n<p>Chai 100ml<\/p>\n<p><strong>S\u1ea2N XU\u1ea4T T\u1ea0I:<\/strong><\/p>\n<p>C\u00f4ng ty Medion Vi\u1ec7t Nam<\/p>\n","protected":false},"excerpt":{"rendered":"<p>\u0110\u1eb7c tr\u1ecb vi\u00eam ph\u1ed5i, suy\u1ec5n heo, hen g\u00e0, kh\u1eb9c v\u1ecbt, coryza, ORT<\/p>\n","protected":false},"featured_media":2393,"comment_status":"open","ping_status":"closed","template":"","meta":[],"dang_san_pham":[119],"product_brand":[],"product_cat":[74,62,59,60,64,61],"product_tag":[213,145],"class_list":{"0":"post-2392","1":"product","2":"type-product","3":"status-publish","4":"has-post-thumbnail","6":"dang_san_pham-dang-tiem","7":"product_cat-khang-sinh","8":"product_cat-san-pham-cho-dai-gia-suc","9":"product_cat-san-pham-cho-ga","10":"product_cat-san-pham-cho-heo","11":"product_cat-san-pham-cho-thu-cung","12":"product_cat-san-pham-cho-thuy-cam","13":"product_tag-fendox","14":"product_tag-fendox-inj","16":"first","17":"instock","18":"shipping-taxable","19":"product-type-simple"},"acf":[],"_links":{"self":[{"href":"https:\/\/greenvet.sharecode.io.vn\/index.php?rest_route=\/wp\/v2\/product\/2392","targetHints":{"allow":["GET"]}}],"collection":[{"href":"https:\/\/greenvet.sharecode.io.vn\/index.php?rest_route=\/wp\/v2\/product"}],"about":[{"href":"https:\/\/greenvet.sharecode.io.vn\/index.php?rest_route=\/wp\/v2\/types\/product"}],"replies":[{"embeddable":true,"href":"https:\/\/greenvet.sharecode.io.vn\/index.php?rest_route=%2Fwp%2Fv2%2Fcomments&post=2392"}],"wp:featuredmedia":[{"embeddable":true,"href":"https:\/\/greenvet.sharecode.io.vn\/index.php?rest_route=\/wp\/v2\/media\/2393"}],"wp:attachment":[{"href":"https:\/\/greenvet.sharecode.io.vn\/index.php?rest_route=%2Fwp%2Fv2%2Fmedia&parent=2392"}],"wp:term":[{"taxonomy":"dang_san_pham","embeddable":true,"href":"https:\/\/greenvet.sharecode.io.vn\/index.php?rest_route=%2Fwp%2Fv2%2Fdang_san_pham&post=2392"},{"taxonomy":"product_brand","embeddable":true,"href":"https:\/\/greenvet.sharecode.io.vn\/index.php?rest_route=%2Fwp%2Fv2%2Fproduct_brand&post=2392"},{"taxonomy":"product_cat","embeddable":true,"href":"https:\/\/greenvet.sharecode.io.vn\/index.php?rest_route=%2Fwp%2Fv2%2Fproduct_cat&post=2392"},{"taxonomy":"product_tag","embeddable":true,"href":"https:\/\/greenvet.sharecode.io.vn\/index.php?rest_route=%2Fwp%2Fv2%2Fproduct_tag&post=2392"}],"curies":[{"name":"wp","href":"https:\/\/api.w.org\/{rel}","templated":true}]}}