{"id":2394,"date":"2022-11-06T23:46:17","date_gmt":"2022-11-06T16:46:17","guid":{"rendered":"https:\/\/greenvet.sharecode.io.vn\/?post_type=product&#038;p=2394"},"modified":"2022-11-10T17:33:18","modified_gmt":"2022-11-10T10:33:18","slug":"dexavet-inj","status":"publish","type":"product","link":"https:\/\/greenvet.sharecode.io.vn\/?product=dexavet-inj","title":{"rendered":"Dexavet inj"},"content":{"rendered":"<p><strong>TH\u00c0NH PH\u1ea6N:<\/strong><\/p>\n<p>Trong 1ml c\u00f3 ch\u1ee9a:<br \/>\nDexamethasone ( Dexamethasone sodium phosphate)\u2026\u2026\u20262 mg7P<\/p>\n<p><strong>C\u00d4NG D\u1ee4NG:<\/strong><\/p>\n<p>D\u00f9ng kh\u00e1ng vi\u00eam, ch\u1ed1ng d\u1ecb \u1ee9ng trong c\u00e1c tr\u01b0\u1eddng h\u1ee3p vi\u00eam v\u00fa, vi\u00eam t\u1eed cung s\u1ed1t s\u1eefa, vi\u00eam kh\u1edbp, vi\u00eam bao kh\u1edbp, vi\u00eam ph\u1ebf qu\u1ea3n ph\u1ed5i, hen, suy\u1ec5n, vi\u00eam g\u00e2n, vi\u00eam da d\u1ecb \u1ee9ng, stress, ph\u00f9 \u0111\u1ea7u tr\u00ean heo, tr\u00e2u, b\u00f2, ng\u1ef1a.<\/p>\n<p>D\u00f9ng ch\u1ed1ng s\u1ed1c, ch\u1ed1ng nhi\u1ec5m \u0111\u1ed9c huy\u1ebft trong c\u00e1c tr\u01b0\u1eddng h\u1ee3p nh\u01b0 ketosis (xeton huy\u1ebft), r\u1ed1i lo\u1ea1n c\u01a1 x\u01b0\u01a1ng kh\u1edbp, nhi\u1ec5m \u0111\u1ed9c n\u1ed9i sinh tr\u00ean \u0111\u1ea1i gia s\u00fac.<\/p>\n<p><strong>C\u00c1CH D\u00d9NG:<\/strong><\/p>\n<p>Ti\u00eam b\u1eafp, ti\u00eam t\u0129nh m\u1ea1ch, ti\u00eam bao kh\u1edbp.<br \/>\n&#8211; D\u00f9ng kh\u00e1ng vi\u00eam, ch\u1ed1ng d\u1ecb \u1ee9ng tr\u00ean heo, tr\u00e2u b\u00f2, ng\u1ef1a v\u1edbi li\u1ec1u 1,5 ml\/ 50kg th\u1ec3 tr\u1ecdng; Tr\u00ean ch\u00f3, m\u00e8o v\u1edbi li\u1ec1u 0,5 ml\/ 10 kg th\u1ec3 tr\u1ecdng.<br \/>\n&#8211; D\u00f9ng ch\u1ed1ng s\u1ed1c, ch\u1ed1ng nhi\u1ec5m \u0111\u1ed9c huy\u1ebft tr\u00ean \u0111\u1ea1i gia s\u00fac v\u1edbi li\u1ec1u 5-10 ml\/con.<\/p>\n<p><strong>QUY C\u00c1CH:<\/strong><\/p>\n<p>Chai 100ml<\/p>\n<p><strong>S\u1ea2N XU\u1ea4T T\u1ea0I:<\/strong><\/p>\n<p>C\u00f4ng ty Medion Vi\u1ec7t Nam<\/p>\n","protected":false},"excerpt":{"rendered":"<p>\u0110i\u1ec1u tr\u1ecb vi\u00eam kh\u1edbp, bao kh\u1edbp, vi\u00eam g\u00e2n, co gi\u1eadt. \u0110i\u1ec1u tr\u1ecb b\u1ec7nh Ketosis<\/p>\n","protected":false},"featured_media":2395,"comment_status":"open","ping_status":"closed","template":"","meta":[],"dang_san_pham":[119],"product_brand":[],"product_cat":[74,62,60,64,65],"product_tag":[214,146],"class_list":{"0":"post-2394","1":"product","2":"type-product","3":"status-publish","4":"has-post-thumbnail","6":"dang_san_pham-dang-tiem","7":"product_cat-khang-sinh","8":"product_cat-san-pham-cho-dai-gia-suc","9":"product_cat-san-pham-cho-heo","10":"product_cat-san-pham-cho-thu-cung","11":"product_cat-san-pham-cho-vat-nuoi-khac","12":"product_tag-dexavet","13":"product_tag-dexavet-inj","15":"first","16":"instock","17":"shipping-taxable","18":"product-type-simple"},"acf":[],"_links":{"self":[{"href":"https:\/\/greenvet.sharecode.io.vn\/index.php?rest_route=\/wp\/v2\/product\/2394","targetHints":{"allow":["GET"]}}],"collection":[{"href":"https:\/\/greenvet.sharecode.io.vn\/index.php?rest_route=\/wp\/v2\/product"}],"about":[{"href":"https:\/\/greenvet.sharecode.io.vn\/index.php?rest_route=\/wp\/v2\/types\/product"}],"replies":[{"embeddable":true,"href":"https:\/\/greenvet.sharecode.io.vn\/index.php?rest_route=%2Fwp%2Fv2%2Fcomments&post=2394"}],"wp:featuredmedia":[{"embeddable":true,"href":"https:\/\/greenvet.sharecode.io.vn\/index.php?rest_route=\/wp\/v2\/media\/2395"}],"wp:attachment":[{"href":"https:\/\/greenvet.sharecode.io.vn\/index.php?rest_route=%2Fwp%2Fv2%2Fmedia&parent=2394"}],"wp:term":[{"taxonomy":"dang_san_pham","embeddable":true,"href":"https:\/\/greenvet.sharecode.io.vn\/index.php?rest_route=%2Fwp%2Fv2%2Fdang_san_pham&post=2394"},{"taxonomy":"product_brand","embeddable":true,"href":"https:\/\/greenvet.sharecode.io.vn\/index.php?rest_route=%2Fwp%2Fv2%2Fproduct_brand&post=2394"},{"taxonomy":"product_cat","embeddable":true,"href":"https:\/\/greenvet.sharecode.io.vn\/index.php?rest_route=%2Fwp%2Fv2%2Fproduct_cat&post=2394"},{"taxonomy":"product_tag","embeddable":true,"href":"https:\/\/greenvet.sharecode.io.vn\/index.php?rest_route=%2Fwp%2Fv2%2Fproduct_tag&post=2394"}],"curies":[{"name":"wp","href":"https:\/\/api.w.org\/{rel}","templated":true}]}}