{"id":2551,"date":"2022-11-07T22:52:40","date_gmt":"2022-11-07T15:52:40","guid":{"rendered":"https:\/\/greenvet.sharecode.io.vn\/?post_type=product&#038;p=2551"},"modified":"2022-11-10T13:49:58","modified_gmt":"2022-11-10T06:49:58","slug":"mg-200","status":"publish","type":"product","link":"https:\/\/greenvet.sharecode.io.vn\/?product=mg-200","title":{"rendered":"MG &#8211; 200"},"content":{"rendered":"<p><strong>TH\u00c0NH PH\u1ea6N:<\/strong><\/p>\n<p>Trong 1g c\u00f3:<br \/>\nTylosin Tartrate\u2026\u2026\u2026\u2026\u2026&#8230;.100 mg<br \/>\nDoxycycline HCl\u2026\u2026&#8230;\u2026\u2026&#8230;200 mg<\/p>\n<p><strong>C\u00d4NG D\u1ee4NG:<\/strong><\/p>\n<p>\u0110\u1eb7c tr\u1ecb (CRD), kh\u1eb9c v\u1ecbt, s\u01b0ng ph\u00f9 \u0111\u1ea7u (coryza), suy\u1ec5n heo, t\u1ee5 huy\u1ebft tr\u00f9ng (Pasteurella), vi\u00eam m\u00e0ng ph\u1ed5i c\u00f3 d\u1ecbch (Haemophilus), vi\u00eam ph\u1ed5i. Gi\u1ea3m c\u01a1n hen nhanh ch\u00f3ng, gi\u00fap g\u00e0 d\u1ec5 th\u1edf v\u00e0 r\u00fat ng\u1eafn th\u1eddi gian \u0111i\u1ec1u tr\u1ecb ngay c\u1ea3 trong tr\u01b0\u1eddng h\u1ee3p b\u1ec7nh n\u1eb7ng v\u00e0 b\u1ec7nh gh\u00e9p.<\/p>\n<p><strong>C\u00c1CH D\u00d9NG:<\/strong><\/p>\n<p>Pha n\u01b0\u1edbc u\u1ed1ng ho\u1eb7c tr\u1ed9n th\u1ee9c \u0103n<br \/>\n-G\u00e0, v\u1ecbt, ngan,c\u00fat: Li\u1ec1u tr\u1ecb: 1g\/2 l\u00edt n\u01b0\u1edbc u\u1ed1ng t\u01b0\u01a1ng \u0111\u01b0\u01a1ng 100g\/1 t\u1ea5n th\u1ec3 tr\u1ecdng\/ng\u00e0y. Li\u1ec1u ph\u00f2ng b\u1eb1ng 1\/2 li\u1ec1u tr\u1ecb<br \/>\n-Heo: Li\u1ec1u tr\u1ecb 1 kg\/t\u1ea5n th\u1ee9c \u0103n d\u00f9ng trong 1-2 tu\u1ea7n, d\u00f9ng trong 1-2 tu\u1ea7n. Li\u1ec1u ph\u00f2ng b\u1eb1ng 1\/2 li\u1ec1u tr\u1ecb<\/p>\n<p><strong>QUY C\u00c1CH:<\/strong><\/p>\n<p>G\u00f3i 10g, 100g, 1 kg (10x100g)<\/p>\n<p><strong>S\u1ea2N XU\u1ea4T T\u1ea0I:<\/strong><\/p>\n<p>C\u00f4ng ty Medion Vi\u1ec7t Nam<\/p>\n","protected":false},"excerpt":{"rendered":"<p>\u0110\u1eb7c tr\u1ecb suy\u1ec5n heo, ho th\u1edf, ph\u00f2ng b\u1ec7nh tr\u00ean n\u00e1i<\/p>\n","protected":false},"featured_media":2554,"comment_status":"open","ping_status":"closed","template":"","meta":[],"dang_san_pham":[118],"product_brand":[],"product_cat":[74,59,60,61],"product_tag":[219],"class_list":{"0":"post-2551","1":"product","2":"type-product","3":"status-publish","4":"has-post-thumbnail","6":"dang_san_pham-dang-bot-tan","7":"product_cat-khang-sinh","8":"product_cat-san-pham-cho-ga","9":"product_cat-san-pham-cho-heo","10":"product_cat-san-pham-cho-thuy-cam","11":"product_tag-mg-200","13":"first","14":"instock","15":"shipping-taxable","16":"product-type-simple"},"acf":[],"_links":{"self":[{"href":"https:\/\/greenvet.sharecode.io.vn\/index.php?rest_route=\/wp\/v2\/product\/2551","targetHints":{"allow":["GET"]}}],"collection":[{"href":"https:\/\/greenvet.sharecode.io.vn\/index.php?rest_route=\/wp\/v2\/product"}],"about":[{"href":"https:\/\/greenvet.sharecode.io.vn\/index.php?rest_route=\/wp\/v2\/types\/product"}],"replies":[{"embeddable":true,"href":"https:\/\/greenvet.sharecode.io.vn\/index.php?rest_route=%2Fwp%2Fv2%2Fcomments&post=2551"}],"wp:featuredmedia":[{"embeddable":true,"href":"https:\/\/greenvet.sharecode.io.vn\/index.php?rest_route=\/wp\/v2\/media\/2554"}],"wp:attachment":[{"href":"https:\/\/greenvet.sharecode.io.vn\/index.php?rest_route=%2Fwp%2Fv2%2Fmedia&parent=2551"}],"wp:term":[{"taxonomy":"dang_san_pham","embeddable":true,"href":"https:\/\/greenvet.sharecode.io.vn\/index.php?rest_route=%2Fwp%2Fv2%2Fdang_san_pham&post=2551"},{"taxonomy":"product_brand","embeddable":true,"href":"https:\/\/greenvet.sharecode.io.vn\/index.php?rest_route=%2Fwp%2Fv2%2Fproduct_brand&post=2551"},{"taxonomy":"product_cat","embeddable":true,"href":"https:\/\/greenvet.sharecode.io.vn\/index.php?rest_route=%2Fwp%2Fv2%2Fproduct_cat&post=2551"},{"taxonomy":"product_tag","embeddable":true,"href":"https:\/\/greenvet.sharecode.io.vn\/index.php?rest_route=%2Fwp%2Fv2%2Fproduct_tag&post=2551"}],"curies":[{"name":"wp","href":"https:\/\/api.w.org\/{rel}","templated":true}]}}