{"id":2555,"date":"2022-11-07T22:59:04","date_gmt":"2022-11-07T15:59:04","guid":{"rendered":"https:\/\/greenvet.sharecode.io.vn\/?post_type=product&#038;p=2555"},"modified":"2022-11-10T17:34:58","modified_gmt":"2022-11-10T10:34:58","slug":"neocin-700","status":"publish","type":"product","link":"https:\/\/greenvet.sharecode.io.vn\/?product=neocin-700","title":{"rendered":"Neocin 700"},"content":{"rendered":"<p><strong>TH\u00c0NH PH\u1ea6N:<\/strong><\/p>\n<p>Trong 1 g c\u00f3 ch\u1ee9a<br \/>\nNeomycin sulphate . \u2026700 mg<\/p>\n<p><strong>C\u00d4NG D\u1ee4NG:<\/strong><\/p>\n<p>Ph\u00f2ng v\u00e0 tr\u1ecb nhi\u1ec5m khu\u1ea9n \u0111\u01b0\u1eddng ru\u1ed9t nh\u1ea1y c\u1ea3m v\u1edbi Neomycin: Vi\u00eam ru\u1ed9t-ti\u00eau ch\u1ea3y, Hen (CRD), Hen gh\u00e9p E.coli (CCRD), E.coli k\u00e9o m\u00e0ng, th\u01b0\u01a1ng h\u00e0n, b\u1ea1ch l\u1ef5, ph\u00e2n tr\u1eafng, v\u00e0ng nh\u1edbt, g\u00e0 \u00fam ch\u01b0\u1edbng b\u1ee5ng, kh\u00f4 ch\u00e2n, l\u00f2ng \u0111\u1ecf kh\u00f4ng ti\u00eau, nhi\u1ec5m khu\u1ea9n huy\u1ebft do E.coli, g\u00e0 \u0111\u1ebb vi\u00eam \u1ed1ng d\u1eabn tr\u1ee9ng, heo con ph\u00e2n tr\u1eafng, s\u01b0ng ph\u00f9 \u0111\u1ea7u, vi\u00eam kh\u1edbp do Staphylococcus, t\u1ee5 huy\u1ebft tr\u00f9ng, l\u1ee3n ngh\u1ec7 (lepto), vi\u00eam ru\u1ed9t ti\u00eau ch\u1ea3y \u1edf b\u00ea ngh\u00e9. Kh\u00e1ng sinh an to\u00e0n d\u00f9ng ph\u00f2ng b\u1ec7nh \u0111\u1ecbnh k\u1ef3 v\u00e0 ph\u00f2ng k\u1ebf ph\u00e1t trong b\u1ec7nh virus.<\/p>\n<p><strong>C\u00c1CH D\u00d9NG:<\/strong><\/p>\n<p>Pha n\u01b0\u1edbc u\u1ed1ng ho\u1eb7c tr\u1ed9n th\u1ee9c \u0103n<br \/>\n-B\u00ea ngh\u00e9, d\u00ea, c\u1eebu: 14 g\/t\u1ea5n th\u1ec3 tr\u1ecdng trong 3-5 ng\u00e0y.<br \/>\n-Gia c\u1ea7m v\u00e0 heo: Tr\u1ecb b\u1ec7nh: 300 g\/t\u1ea5n th\u1ee9c \u0103n\/ng\u00e0y ho\u1eb7c 3 g\/20 l\u00edt n\u01b0\u1edbc u\u1ed1ng\/ng\u00e0y. Ph\u00f2ng b\u1ec7nh: 100 g\/t\u1ea5n th\u1ee9c \u0103n, d\u00f9ng trong 3-5 ng\u00e0y<\/p>\n<p><strong>QUY C\u00c1CH:<\/strong><\/p>\n<p>G\u00f3i 1kg (10x100g)<\/p>\n<p><strong>S\u1ea2N XU\u1ea4T T\u1ea0I:<\/strong><\/p>\n<p>C\u00f4ng ty Medion Vi\u1ec7t Nam<\/p>\n","protected":false},"excerpt":{"rendered":"<p>An to\u00e0n ph\u1ed5 r\u1ed9ng, chuy\u00ean d\u00f9ng ph\u00f2ng b\u1ec7nh \u0111\u1ecbnh k\u1ef3<\/p>\n","protected":false},"featured_media":2556,"comment_status":"open","ping_status":"closed","template":"","meta":[],"dang_san_pham":[118],"product_brand":[],"product_cat":[74,62,59,60,61,65],"product_tag":[221,220],"class_list":{"0":"post-2555","1":"product","2":"type-product","3":"status-publish","4":"has-post-thumbnail","6":"dang_san_pham-dang-bot-tan","7":"product_cat-khang-sinh","8":"product_cat-san-pham-cho-dai-gia-suc","9":"product_cat-san-pham-cho-ga","10":"product_cat-san-pham-cho-heo","11":"product_cat-san-pham-cho-thuy-cam","12":"product_cat-san-pham-cho-vat-nuoi-khac","13":"product_tag-neocin","14":"product_tag-neocin-700","16":"first","17":"instock","18":"shipping-taxable","19":"product-type-simple"},"acf":[],"_links":{"self":[{"href":"https:\/\/greenvet.sharecode.io.vn\/index.php?rest_route=\/wp\/v2\/product\/2555","targetHints":{"allow":["GET"]}}],"collection":[{"href":"https:\/\/greenvet.sharecode.io.vn\/index.php?rest_route=\/wp\/v2\/product"}],"about":[{"href":"https:\/\/greenvet.sharecode.io.vn\/index.php?rest_route=\/wp\/v2\/types\/product"}],"replies":[{"embeddable":true,"href":"https:\/\/greenvet.sharecode.io.vn\/index.php?rest_route=%2Fwp%2Fv2%2Fcomments&post=2555"}],"wp:featuredmedia":[{"embeddable":true,"href":"https:\/\/greenvet.sharecode.io.vn\/index.php?rest_route=\/wp\/v2\/media\/2556"}],"wp:attachment":[{"href":"https:\/\/greenvet.sharecode.io.vn\/index.php?rest_route=%2Fwp%2Fv2%2Fmedia&parent=2555"}],"wp:term":[{"taxonomy":"dang_san_pham","embeddable":true,"href":"https:\/\/greenvet.sharecode.io.vn\/index.php?rest_route=%2Fwp%2Fv2%2Fdang_san_pham&post=2555"},{"taxonomy":"product_brand","embeddable":true,"href":"https:\/\/greenvet.sharecode.io.vn\/index.php?rest_route=%2Fwp%2Fv2%2Fproduct_brand&post=2555"},{"taxonomy":"product_cat","embeddable":true,"href":"https:\/\/greenvet.sharecode.io.vn\/index.php?rest_route=%2Fwp%2Fv2%2Fproduct_cat&post=2555"},{"taxonomy":"product_tag","embeddable":true,"href":"https:\/\/greenvet.sharecode.io.vn\/index.php?rest_route=%2Fwp%2Fv2%2Fproduct_tag&post=2555"}],"curies":[{"name":"wp","href":"https:\/\/api.w.org\/{rel}","templated":true}]}}