{"id":2557,"date":"2022-11-07T23:03:33","date_gmt":"2022-11-07T16:03:33","guid":{"rendered":"https:\/\/greenvet.sharecode.io.vn\/?post_type=product&#038;p=2557"},"modified":"2022-11-10T13:53:08","modified_gmt":"2022-11-10T06:53:08","slug":"ampicol","status":"publish","type":"product","link":"https:\/\/greenvet.sharecode.io.vn\/?product=ampicol","title":{"rendered":"Ampicol"},"content":{"rendered":"<p><strong>TH\u00c0NH PH\u1ea6N:<\/strong><\/p>\n<p>Trong 1 kg c\u00f3 ch\u1ee9a<br \/>\nAmpicillin \u2026\u2026\u2026\u2026\u2026\u2026\u2026..100 g<br \/>\nColistin sulfate \u2026.250.000.000 UI<\/p>\n<p><strong>C\u00d4NG D\u1ee4NG:<\/strong><\/p>\n<p>\u0110\u1eb7c tr\u1ecb c\u00e1c b\u1ec7nh g\u00e2y ra b\u1edfi E.coli, Salmonella, Pasteurella nh\u01b0<br \/>\n\u2022 Ti\u00eau ch\u1ea3y ph\u00e2n tr\u1eafng, xanh, nhi\u1ec5m khu\u1ea9n huy\u1ebft, s\u01b0ng ph\u00f9 \u0111\u1ea7u, ph\u1ee7 m\u00e0ng fibrin tr\u00ean gan, tim, t\u00fai kh\u00ed c\u00f3 b\u00e3 \u0111\u1eadu,&#8230;<br \/>\n\u2022 T\u1ee5 huy\u1ebft tr\u00f9ng tr\u00ean g\u00e0 (Ph\u00e2n xanh, kh\u00f3 th\u1edf, m\u00e0o v\u00e0 \u0111\u1ea7u s\u01b0ng).<br \/>\n\u2022 Nhi\u1ec5m khu\u1ea9n k\u1ebf ph\u00e1t c\u00e1c b\u1ec7nh do virus nh\u01b0 Gumboro, Newcastle, IB,&#8230;<\/p>\n<p><strong>C\u00c1CH D\u00d9NG:<\/strong><\/p>\n<p>Pha n\u01b0\u01a1\u0301c sa\u0323ch cho u\u00f4\u0301ng<br \/>\n1 g\/2 l\u00edt n\u01b0\u01a1\u0301c u\u00f4\u0301ng (ho\u1eb7c 1 g\/10 kg th\u1ec3 tr\u1ecdng), d\u00f9ng 5 ng\u00e0y li\u00ean t\u1ee5c<\/p>\n<p><strong>QUY C\u00c1CH:<\/strong><\/p>\n<p>G\u00f3i 100g, 1kg (5x200g)<\/p>\n<p><strong>S\u1ea2N XU\u1ea4T T\u1ea0I:<\/strong><\/p>\n<p>C\u00f4ng ty Medion Vi\u1ec7t Nam<\/p>\n","protected":false},"excerpt":{"rendered":"<p>\u0110\u1eb7c tr\u1ecb c\u00e1c b\u1ec7nh g\u00e2y ra b\u1edfi E.coli, th\u01b0\u01a1ng h\u00e0n, t\u1ee5 huy\u1ebft tr\u00f9ng<\/p>\n","protected":false},"featured_media":2558,"comment_status":"open","ping_status":"closed","template":"","meta":[],"dang_san_pham":[118],"product_brand":[],"product_cat":[74,59],"product_tag":[222],"class_list":{"0":"post-2557","1":"product","2":"type-product","3":"status-publish","4":"has-post-thumbnail","6":"dang_san_pham-dang-bot-tan","7":"product_cat-khang-sinh","8":"product_cat-san-pham-cho-ga","9":"product_tag-ampicol","11":"first","12":"instock","13":"shipping-taxable","14":"product-type-simple"},"acf":[],"_links":{"self":[{"href":"https:\/\/greenvet.sharecode.io.vn\/index.php?rest_route=\/wp\/v2\/product\/2557","targetHints":{"allow":["GET"]}}],"collection":[{"href":"https:\/\/greenvet.sharecode.io.vn\/index.php?rest_route=\/wp\/v2\/product"}],"about":[{"href":"https:\/\/greenvet.sharecode.io.vn\/index.php?rest_route=\/wp\/v2\/types\/product"}],"replies":[{"embeddable":true,"href":"https:\/\/greenvet.sharecode.io.vn\/index.php?rest_route=%2Fwp%2Fv2%2Fcomments&post=2557"}],"wp:featuredmedia":[{"embeddable":true,"href":"https:\/\/greenvet.sharecode.io.vn\/index.php?rest_route=\/wp\/v2\/media\/2558"}],"wp:attachment":[{"href":"https:\/\/greenvet.sharecode.io.vn\/index.php?rest_route=%2Fwp%2Fv2%2Fmedia&parent=2557"}],"wp:term":[{"taxonomy":"dang_san_pham","embeddable":true,"href":"https:\/\/greenvet.sharecode.io.vn\/index.php?rest_route=%2Fwp%2Fv2%2Fdang_san_pham&post=2557"},{"taxonomy":"product_brand","embeddable":true,"href":"https:\/\/greenvet.sharecode.io.vn\/index.php?rest_route=%2Fwp%2Fv2%2Fproduct_brand&post=2557"},{"taxonomy":"product_cat","embeddable":true,"href":"https:\/\/greenvet.sharecode.io.vn\/index.php?rest_route=%2Fwp%2Fv2%2Fproduct_cat&post=2557"},{"taxonomy":"product_tag","embeddable":true,"href":"https:\/\/greenvet.sharecode.io.vn\/index.php?rest_route=%2Fwp%2Fv2%2Fproduct_tag&post=2557"}],"curies":[{"name":"wp","href":"https:\/\/api.w.org\/{rel}","templated":true}]}}