{"id":2560,"date":"2022-11-07T23:10:54","date_gmt":"2022-11-07T16:10:54","guid":{"rendered":"https:\/\/greenvet.sharecode.io.vn\/?post_type=product&#038;p=2560"},"modified":"2022-11-11T08:58:00","modified_gmt":"2022-11-11T01:58:00","slug":"amoxitin","status":"publish","type":"product","link":"https:\/\/greenvet.sharecode.io.vn\/?product=amoxitin","title":{"rendered":"Amoxitin"},"content":{"rendered":"<p><strong>TH\u00c0NH PH\u1ea6N:<\/strong><\/p>\n<p>Trong 1 kg c\u00f3 ch\u1ee9a<br \/>\nAmoxicillin trihydrate\u2026\u2026\u2026\u2026.\u2026200 g<br \/>\nColistin sulfate\u2026\u2026\u2026\u2026800.000.000 IU<br \/>\nT\u00e1 d\u01b0\u1ee3c v\u0111\u2026\u2026\u2026\u2026\u2026\u2026..\u2026\u2026\u2026..1 kg<\/p>\n<p><strong>C\u00d4NG D\u1ee4NG:<\/strong><\/p>\n<p>\u0110\u1eb7c tr\u1ecb c\u00e1c b\u1ec7nh ti\u00eau h\u00f3a, h\u00f4 h\u1ea5p tr\u00ean heo, gia c\u1ea7m nh\u01b0 Coryza (S\u1ed5 m\u0169i truy\u1ec1n nhi\u1ec5m)<br \/>\nC\u00e1c b\u1ec7nh g\u00e2y ra b\u1edfi E.coli: Ti\u00eau ch\u1ea3y ph\u00e2n xanh nh\u1edbt, E.coli dung huy\u1ebft, vi\u00eam t\u00fai kh\u00ed, E.coli k\u00e9o m\u00e0ng gan, m\u00e0ng tim\u2026<br \/>\nC\u00e1c b\u1ec7nh g\u00e2y ra b\u1edfi Salmonella: Th\u01b0\u01a1ng h\u00e0n, ph\u00f3 th\u01b0\u01a1ng h\u00e0n, b\u1ea1ch l\u1ef5, vi\u00eam \u1ed1ng d\u1eabn tr\u1ee9ng tr\u00ean g\u00e0 \u0111\u1ebb&#8230;<\/p>\n<p><strong>C\u00c1CH D\u00d9NG:<\/strong><\/p>\n<p>Pha n\u01b0\u1edbc u\u1ed1ng.<br \/>\nLi\u1ec1u d\u00f9ng: 1 g\/ 10 kg th\u1ec3 tr\u1ecdng ho\u1eb7c 1 g\/2 l\u00edt n\u01b0\u1edbc u\u1ed1ng, li\u00ean t\u1ee5c trong 3-5 ng\u00e0y.<\/p>\n<p><strong>QUY C\u00c1CH:<\/strong><\/p>\n<p>G\u00f3i 1kg (5x200g)<\/p>\n<p><strong>S\u1ea2N XU\u1ea4T T\u1ea0I:<\/strong><\/p>\n<p>C\u00f4ng ty Medion Vi\u1ec7t Nam<\/p>\n","protected":false},"excerpt":{"rendered":"<p>\u0110\u1eb7c tr\u1ecb vi\u00eam ru\u1ed9t, ti\u00eau ch\u1ea3y, Coryza tr\u00ean gia c\u1ea7m, gia s\u00fac<\/p>\n","protected":false},"featured_media":2561,"comment_status":"open","ping_status":"closed","template":"","meta":[],"dang_san_pham":[118],"product_brand":[],"product_cat":[74,59,60,61],"product_tag":[223],"class_list":{"0":"post-2560","1":"product","2":"type-product","3":"status-publish","4":"has-post-thumbnail","6":"dang_san_pham-dang-bot-tan","7":"product_cat-khang-sinh","8":"product_cat-san-pham-cho-ga","9":"product_cat-san-pham-cho-heo","10":"product_cat-san-pham-cho-thuy-cam","11":"product_tag-amoxitin","13":"first","14":"instock","15":"shipping-taxable","16":"product-type-simple"},"acf":[],"_links":{"self":[{"href":"https:\/\/greenvet.sharecode.io.vn\/index.php?rest_route=\/wp\/v2\/product\/2560","targetHints":{"allow":["GET"]}}],"collection":[{"href":"https:\/\/greenvet.sharecode.io.vn\/index.php?rest_route=\/wp\/v2\/product"}],"about":[{"href":"https:\/\/greenvet.sharecode.io.vn\/index.php?rest_route=\/wp\/v2\/types\/product"}],"replies":[{"embeddable":true,"href":"https:\/\/greenvet.sharecode.io.vn\/index.php?rest_route=%2Fwp%2Fv2%2Fcomments&post=2560"}],"wp:featuredmedia":[{"embeddable":true,"href":"https:\/\/greenvet.sharecode.io.vn\/index.php?rest_route=\/wp\/v2\/media\/2561"}],"wp:attachment":[{"href":"https:\/\/greenvet.sharecode.io.vn\/index.php?rest_route=%2Fwp%2Fv2%2Fmedia&parent=2560"}],"wp:term":[{"taxonomy":"dang_san_pham","embeddable":true,"href":"https:\/\/greenvet.sharecode.io.vn\/index.php?rest_route=%2Fwp%2Fv2%2Fdang_san_pham&post=2560"},{"taxonomy":"product_brand","embeddable":true,"href":"https:\/\/greenvet.sharecode.io.vn\/index.php?rest_route=%2Fwp%2Fv2%2Fproduct_brand&post=2560"},{"taxonomy":"product_cat","embeddable":true,"href":"https:\/\/greenvet.sharecode.io.vn\/index.php?rest_route=%2Fwp%2Fv2%2Fproduct_cat&post=2560"},{"taxonomy":"product_tag","embeddable":true,"href":"https:\/\/greenvet.sharecode.io.vn\/index.php?rest_route=%2Fwp%2Fv2%2Fproduct_tag&post=2560"}],"curies":[{"name":"wp","href":"https:\/\/api.w.org\/{rel}","templated":true}]}}