{"id":2562,"date":"2022-11-07T23:14:41","date_gmt":"2022-11-07T16:14:41","guid":{"rendered":"https:\/\/greenvet.sharecode.io.vn\/?post_type=product&#038;p=2562"},"modified":"2022-11-11T09:06:21","modified_gmt":"2022-11-11T02:06:21","slug":"super-doxy-50","status":"publish","type":"product","link":"https:\/\/greenvet.sharecode.io.vn\/?product=super-doxy-50","title":{"rendered":"Super Doxy-50%"},"content":{"rendered":"<p><strong>TH\u00c0NH PH\u1ea6N:<\/strong><\/p>\n<p>Trong 1g c\u00f3:<br \/>\nDoxycycline hyclate \u2026\u2026\u2026&#8230;&#8230;&#8230;500 mg<\/p>\n<p><strong>C\u00d4NG D\u1ee4NG:<\/strong><\/p>\n<p>G\u00e0, v\u1ecbt, ngan, c\u00fat: Ph\u00f2ng v\u00e0 tr\u1ecb hen (CRD), hen gh\u00e9p (CCRD), vi\u00eam ph\u1ed5i h\u00f3a m\u1ee7 (ORT), ti\u00eau ch\u1ea3y ph\u00e2n xanh tr\u1eafng, ph\u00e2n tr\u1eafng, t\u1ee5 huy\u1ebft tr\u00f9ng v\u00e0 c\u00e1c nhi\u1ec5m khu\u1ea9n \u0111\u01b0\u1eddng h\u00f4 h\u1ea5p v\u00e0 ti\u00eau h\u00f3a kh\u00e1c.<br \/>\nV\u1edbi heo, b\u00ea, ngh\u00e9, d\u00ea, c\u1eebu non: \u0110\u1eb7c tr\u1ecb nhi\u1ec5m khu\u1ea9n h\u00f4 h\u1ea5p, t\u1ee5 huy\u1ebft tr\u00f9ng, vi\u00eam teo m\u0169i truy\u1ec1n nhi\u1ec5m, vi\u00eam \u0111a xoang (Glasser), nhi\u1ec5m tr\u00f9ng k\u1ebf ph\u00e1t tai xanh, ti\u00eau ch\u1ea3y do E.coli, Salmonella.<\/p>\n<p><strong>C\u00c1CH D\u00d9NG:<\/strong><\/p>\n<p>Pha n\u01b0\u1edbc u\u1ed1ng ho\u1eb7c tr\u1ed9n v\u00e0o th\u1ee9c \u0103n<br \/>\n-G\u00e0, v\u1ecbt, ngan, c\u00fat: 1 g\/5-10 l\u00edt n\u01b0\u1edbc u\u1ed1ng ho\u1eb7c 100 g\/2-2.5 t\u1ea5n TT\/ng\u00e0y, li\u00ean t\u1ee5c 3-5 ng\u00e0y.<br \/>\n-Heo, b\u00ea, ngh\u00e9, c\u1eebu, d\u00ea: 1g\/100 kg TT, 2 l\u1ea7n\/ng\u00e0y, d\u00f9ng 3-5 ng\u00e0y.<\/p>\n<p>*L\u01b0u \u00fd: ch\u1ec9 d\u00f9ng cho b\u00ea ngh\u00e9, c\u1eebu v\u00e0 d\u00ea non.<\/p>\n<p><strong>QUY C\u00c1CH:<\/strong><\/p>\n<p>G\u00f3i 1kg (10x100g)<\/p>\n<p><strong>S\u1ea2N XU\u1ea4T T\u1ea0I:<\/strong><\/p>\n<p>C\u00f4ng ty Medion Vi\u1ec7t Nam<\/p>\n","protected":false},"excerpt":{"rendered":"<p>Ph\u00f2ng v\u00e0 tr\u1ecb b\u1ec7nh h\u00f4 h\u1ea5p, ti\u00eau h\u00f3a.<\/p>\n","protected":false},"featured_media":2563,"comment_status":"open","ping_status":"closed","template":"","meta":[],"dang_san_pham":[118],"product_brand":[],"product_cat":[74,59,60,61,65],"product_tag":[226,225,224],"class_list":{"0":"post-2562","1":"product","2":"type-product","3":"status-publish","4":"has-post-thumbnail","6":"dang_san_pham-dang-bot-tan","7":"product_cat-khang-sinh","8":"product_cat-san-pham-cho-ga","9":"product_cat-san-pham-cho-heo","10":"product_cat-san-pham-cho-thuy-cam","11":"product_cat-san-pham-cho-vat-nuoi-khac","12":"product_tag-doxy","13":"product_tag-super-doxy","14":"product_tag-super-doxy-50","16":"first","17":"instock","18":"shipping-taxable","19":"product-type-simple"},"acf":[],"_links":{"self":[{"href":"https:\/\/greenvet.sharecode.io.vn\/index.php?rest_route=\/wp\/v2\/product\/2562","targetHints":{"allow":["GET"]}}],"collection":[{"href":"https:\/\/greenvet.sharecode.io.vn\/index.php?rest_route=\/wp\/v2\/product"}],"about":[{"href":"https:\/\/greenvet.sharecode.io.vn\/index.php?rest_route=\/wp\/v2\/types\/product"}],"replies":[{"embeddable":true,"href":"https:\/\/greenvet.sharecode.io.vn\/index.php?rest_route=%2Fwp%2Fv2%2Fcomments&post=2562"}],"wp:featuredmedia":[{"embeddable":true,"href":"https:\/\/greenvet.sharecode.io.vn\/index.php?rest_route=\/wp\/v2\/media\/2563"}],"wp:attachment":[{"href":"https:\/\/greenvet.sharecode.io.vn\/index.php?rest_route=%2Fwp%2Fv2%2Fmedia&parent=2562"}],"wp:term":[{"taxonomy":"dang_san_pham","embeddable":true,"href":"https:\/\/greenvet.sharecode.io.vn\/index.php?rest_route=%2Fwp%2Fv2%2Fdang_san_pham&post=2562"},{"taxonomy":"product_brand","embeddable":true,"href":"https:\/\/greenvet.sharecode.io.vn\/index.php?rest_route=%2Fwp%2Fv2%2Fproduct_brand&post=2562"},{"taxonomy":"product_cat","embeddable":true,"href":"https:\/\/greenvet.sharecode.io.vn\/index.php?rest_route=%2Fwp%2Fv2%2Fproduct_cat&post=2562"},{"taxonomy":"product_tag","embeddable":true,"href":"https:\/\/greenvet.sharecode.io.vn\/index.php?rest_route=%2Fwp%2Fv2%2Fproduct_tag&post=2562"}],"curies":[{"name":"wp","href":"https:\/\/api.w.org\/{rel}","templated":true}]}}