{"id":2564,"date":"2022-11-07T23:19:05","date_gmt":"2022-11-07T16:19:05","guid":{"rendered":"https:\/\/greenvet.sharecode.io.vn\/?post_type=product&#038;p=2564"},"modified":"2022-11-10T13:56:47","modified_gmt":"2022-11-10T06:56:47","slug":"neox-chick","status":"publish","type":"product","link":"https:\/\/greenvet.sharecode.io.vn\/?product=neox-chick","title":{"rendered":"Neox-Chick"},"content":{"rendered":"<p><strong>TH\u00c0NH PH\u1ea6N:<\/strong><\/p>\n<p>Trong 1g ch\u1ee9a: Oxytetracycline HCl 60 mg; Neomycin sulphate 40 mg; Vitamin A 7.500 UI; Vitamin D3 1.500 UI; Vitamin E 5 mg; Vitamin B1 1 mg; Vitamin B2 2 mg; Vitamin B6 2 mg; Vitamin B12 7.5 mcg; Niaciamide 15 mg; Lysine 50 mg<\/p>\n<p><strong>C\u00d4NG D\u1ee4NG:<\/strong><\/p>\n<p>Chuy\u00ean \u00fam g\u00e0, v\u1ecbt, ngan, c\u00fat hi\u1ec7u qu\u1ea3 cao, ph\u00f2ng nhi\u1ec5m khu\u1ea9n \u0111\u01b0\u1eddng h\u00f4 h\u1ea5p, ti\u00eau h\u00f3a nh\u01b0 E,coli, CRD, s\u01b0ng ph\u00f9 \u0111\u1ea7u (Coryza), t\u1ee5 huy\u1ebft tr\u00f9ng, th\u01b0\u01a1ng h\u00e0n, t\u1ee5 c\u1ea7u khu\u1ea9n, li\u00ean c\u1ea7u khu\u1ea9n<\/p>\n<p><strong>C\u00c1CH D\u00d9NG:<\/strong><\/p>\n<p>Pha n\u01b0\u01a1\u0301c u\u1ed1ng.<br \/>\nPh\u00f2ng: 1 g\/ 2 li\u0301t n\u01b0\u01a1\u0301c u\u00f4\u0301ng ho\u1eb7c 1 g\/ 10 kg th\u00ea\u0309 tro\u0323ng \/nga\u0300y, du\u0300ng trong 5-7 ng\u00e0y.<br \/>\nTr\u1ecb: 1 g\/ 1 li\u0301t n\u01b0\u01a1\u0301c u\u00f4\u0301ng ho\u1eb7c 1 g\/ 5 kg th\u00ea\u0309 tro\u0323ng \/nga\u0300y, du\u0300ng trong 5-7 ng\u00e0y.<\/p>\n<p><strong>QUY C\u00c1CH:<\/strong><\/p>\n<p>G\u00f3i 10g, 100g<\/p>\n<p><strong>S\u1ea2N XU\u1ea4T T\u1ea0I:<\/strong><\/p>\n<p>C\u00f4ng ty Medion Vi\u1ec7t Nam<\/p>\n","protected":false},"excerpt":{"rendered":"<p>Chuy\u00ean d\u00f9ng \u00fam g\u00e0, v\u1ecbt, ngan, c\u00fat<\/p>\n","protected":false},"featured_media":2565,"comment_status":"open","ping_status":"closed","template":"","meta":[],"dang_san_pham":[118],"product_brand":[],"product_cat":[74,59,61,65],"product_tag":[229,228,227],"class_list":{"0":"post-2564","1":"product","2":"type-product","3":"status-publish","4":"has-post-thumbnail","6":"dang_san_pham-dang-bot-tan","7":"product_cat-khang-sinh","8":"product_cat-san-pham-cho-ga","9":"product_cat-san-pham-cho-thuy-cam","10":"product_cat-san-pham-cho-vat-nuoi-khac","11":"product_tag-chick","12":"product_tag-neox","13":"product_tag-neox-chick","15":"first","16":"instock","17":"shipping-taxable","18":"product-type-simple"},"acf":[],"_links":{"self":[{"href":"https:\/\/greenvet.sharecode.io.vn\/index.php?rest_route=\/wp\/v2\/product\/2564","targetHints":{"allow":["GET"]}}],"collection":[{"href":"https:\/\/greenvet.sharecode.io.vn\/index.php?rest_route=\/wp\/v2\/product"}],"about":[{"href":"https:\/\/greenvet.sharecode.io.vn\/index.php?rest_route=\/wp\/v2\/types\/product"}],"replies":[{"embeddable":true,"href":"https:\/\/greenvet.sharecode.io.vn\/index.php?rest_route=%2Fwp%2Fv2%2Fcomments&post=2564"}],"wp:featuredmedia":[{"embeddable":true,"href":"https:\/\/greenvet.sharecode.io.vn\/index.php?rest_route=\/wp\/v2\/media\/2565"}],"wp:attachment":[{"href":"https:\/\/greenvet.sharecode.io.vn\/index.php?rest_route=%2Fwp%2Fv2%2Fmedia&parent=2564"}],"wp:term":[{"taxonomy":"dang_san_pham","embeddable":true,"href":"https:\/\/greenvet.sharecode.io.vn\/index.php?rest_route=%2Fwp%2Fv2%2Fdang_san_pham&post=2564"},{"taxonomy":"product_brand","embeddable":true,"href":"https:\/\/greenvet.sharecode.io.vn\/index.php?rest_route=%2Fwp%2Fv2%2Fproduct_brand&post=2564"},{"taxonomy":"product_cat","embeddable":true,"href":"https:\/\/greenvet.sharecode.io.vn\/index.php?rest_route=%2Fwp%2Fv2%2Fproduct_cat&post=2564"},{"taxonomy":"product_tag","embeddable":true,"href":"https:\/\/greenvet.sharecode.io.vn\/index.php?rest_route=%2Fwp%2Fv2%2Fproduct_tag&post=2564"}],"curies":[{"name":"wp","href":"https:\/\/api.w.org\/{rel}","templated":true}]}}