{"id":2567,"date":"2022-11-07T23:24:39","date_gmt":"2022-11-07T16:24:39","guid":{"rendered":"https:\/\/greenvet.sharecode.io.vn\/?post_type=product&#038;p=2567"},"modified":"2022-11-10T14:12:19","modified_gmt":"2022-11-10T07:12:19","slug":"g-mox-50","status":"publish","type":"product","link":"https:\/\/greenvet.sharecode.io.vn\/?product=g-mox-50","title":{"rendered":"G-mox 50%"},"content":{"rendered":"<p><strong>TH\u00c0NH PH\u1ea6N:<\/strong><\/p>\n<p>Trong 1 g c\u00f3:<br \/>\nAmoxycillin trihydrate \u2026\u2026\u2026\u2026\u2026\u2026500 mg<\/p>\n<p><strong>C\u00d4NG D\u1ee4NG:<\/strong><\/p>\n<p>-V\u1edbi g\u00e0: \u0110\u1eb7c tr\u1ecb vi\u00eam ru\u1ed9t, ph\u00e2n xanh, ph\u00e2n tr\u1eafng, ph\u00e2n nh\u1edbt, ph\u00e2n s\u1ed1ng, s\u01b0ng ph\u00f9 \u0111\u1ea7u (Coryza), t\u1ee5 huy\u1ebft tr\u00f9ng.<br \/>\n-V\u1edbi v\u1ecbt, ngan: C\u00e1c tr\u01b0\u1eddng h\u1ee3p b\u1ec7nh ti\u00eau ch\u1ea3y, ch\u1ebft \u0111\u1ed9t t\u1eed, x\u00e1c t\u00edm b\u1ea7m, t\u1ee5 huy\u1ebft tr\u00f9ng, li\u00ean c\u1ea7u khu\u1ea9n, t\u1ee5 c\u1ea7u khu\u1ea9n v\u00e0 ti\u00eau ch\u1ea3y do E.coli.<br \/>\n-V\u1edbi heo: \u0110i\u1ec1u tr\u1ecb h\u1eefu hi\u1ec7u c\u00e1c b\u1ec7nh nh\u01b0 vi\u00eam d\u1ea1 d\u00e0y ru\u1ed9t, ti\u00eau ch\u1ea3y, ph\u00f3 th\u01b0\u01a1ng h\u00e0n (Salmonella), t\u1ee5 huy\u1ebft tr\u00f9ng, vi\u00eam ph\u1ed5i &#8211; m\u00e0ng ph\u1ed5i, vi\u00eam \u0111a xoang (glasser) v\u00e0 c\u00e1c b\u1ec7nh nhi\u1ec5m tr\u00f9ng \u0111\u01b0\u1eddng h\u00f4 h\u1ea5p, ti\u00eau h\u00f3a kh\u00e1c.<\/p>\n<p><strong>C\u00c1CH D\u00d9NG:<\/strong><\/p>\n<p>Pha n\u01b0\u1edbc u\u1ed1ng ho\u1eb7c tr\u1ed9n v\u00e0o th\u1ee9c \u0103n<br \/>\n-G\u00e0, v\u1ecbt, ngan, c\u00fat: 1 g\/5 l\u00edt n\u01b0\u1edbc u\u1ed1ng\/ng\u00e0y ho\u1eb7c 1 g\/25 kg th\u1ec3 tr\u1ecdng\/ng\u00e0y, d\u00f9ng li\u00ean t\u1ee5c 3-5 ng\u00e0y.<br \/>\n-V\u1edbi heo: Tr\u1ed9n th\u1ee9c \u0103n v\u1edbi li\u1ec1u 100-150 g\/100 kg th\u1ee9c \u0103n, d\u00f9ng li\u00ean t\u1ee5c 3-5 ng\u00e0y<\/p>\n<p><strong>QUY C\u00c1CH:<\/strong><\/p>\n<p>G\u00f3i 1kg (10x100g)<\/p>\n<p><strong>S\u1ea2N XU\u1ea4T T\u1ea0I:<\/strong><\/p>\n<p>C\u00f4ng ty Medion Vi\u1ec7t Nam<\/p>\n","protected":false},"excerpt":{"rendered":"<p>Ph\u00f2ng v\u00e0 tr\u1ecb hi\u1ec7u qu\u1ea3 c\u00e1c b\u1ec7nh nhi\u1ec5m khu\u1ea9n \u0111\u01b0\u1eddng h\u00f4 h\u1ea5p, ti\u00eau h\u00f3a<\/p>\n","protected":false},"featured_media":2568,"comment_status":"open","ping_status":"closed","template":"","meta":[],"dang_san_pham":[118],"product_brand":[],"product_cat":[74,59,60,61,65],"product_tag":[231,230],"class_list":{"0":"post-2567","1":"product","2":"type-product","3":"status-publish","4":"has-post-thumbnail","6":"dang_san_pham-dang-bot-tan","7":"product_cat-khang-sinh","8":"product_cat-san-pham-cho-ga","9":"product_cat-san-pham-cho-heo","10":"product_cat-san-pham-cho-thuy-cam","11":"product_cat-san-pham-cho-vat-nuoi-khac","12":"product_tag-g-mox","13":"product_tag-g-mox-50","15":"first","16":"instock","17":"shipping-taxable","18":"product-type-simple"},"acf":[],"_links":{"self":[{"href":"https:\/\/greenvet.sharecode.io.vn\/index.php?rest_route=\/wp\/v2\/product\/2567","targetHints":{"allow":["GET"]}}],"collection":[{"href":"https:\/\/greenvet.sharecode.io.vn\/index.php?rest_route=\/wp\/v2\/product"}],"about":[{"href":"https:\/\/greenvet.sharecode.io.vn\/index.php?rest_route=\/wp\/v2\/types\/product"}],"replies":[{"embeddable":true,"href":"https:\/\/greenvet.sharecode.io.vn\/index.php?rest_route=%2Fwp%2Fv2%2Fcomments&post=2567"}],"wp:featuredmedia":[{"embeddable":true,"href":"https:\/\/greenvet.sharecode.io.vn\/index.php?rest_route=\/wp\/v2\/media\/2568"}],"wp:attachment":[{"href":"https:\/\/greenvet.sharecode.io.vn\/index.php?rest_route=%2Fwp%2Fv2%2Fmedia&parent=2567"}],"wp:term":[{"taxonomy":"dang_san_pham","embeddable":true,"href":"https:\/\/greenvet.sharecode.io.vn\/index.php?rest_route=%2Fwp%2Fv2%2Fdang_san_pham&post=2567"},{"taxonomy":"product_brand","embeddable":true,"href":"https:\/\/greenvet.sharecode.io.vn\/index.php?rest_route=%2Fwp%2Fv2%2Fproduct_brand&post=2567"},{"taxonomy":"product_cat","embeddable":true,"href":"https:\/\/greenvet.sharecode.io.vn\/index.php?rest_route=%2Fwp%2Fv2%2Fproduct_cat&post=2567"},{"taxonomy":"product_tag","embeddable":true,"href":"https:\/\/greenvet.sharecode.io.vn\/index.php?rest_route=%2Fwp%2Fv2%2Fproduct_tag&post=2567"}],"curies":[{"name":"wp","href":"https:\/\/api.w.org\/{rel}","templated":true}]}}