{"id":2569,"date":"2022-11-07T23:28:04","date_gmt":"2022-11-07T16:28:04","guid":{"rendered":"https:\/\/greenvet.sharecode.io.vn\/?post_type=product&#038;p=2569"},"modified":"2022-11-10T14:14:02","modified_gmt":"2022-11-10T07:14:02","slug":"ripcox-wsp","status":"publish","type":"product","link":"https:\/\/greenvet.sharecode.io.vn\/?product=ripcox-wsp","title":{"rendered":"Ripcox WSP"},"content":{"rendered":"<p><strong>TH\u00c0NH PH\u1ea6N:<\/strong><\/p>\n<p>Trong 1 g ch\u1ee9a:<br \/>\nAmprolium hydrochloride . . . . 200 mg<br \/>\nSulfaquinoxaline sodium . . . . . 200 mg<\/p>\n<p><strong>C\u00d4NG D\u1ee4NG:<\/strong><\/p>\n<p>\u0110\u1eb7c tr\u1ecb c\u1ea7u tr\u00f9ng m\u00e1u t\u01b0\u01a1i, ph\u00e2n s\u00e1p<\/p>\n<p><strong>C\u00c1CH D\u00d9NG:<\/strong><\/p>\n<p>Tr\u1ed9n th\u1ee9c \u0103n ho\u1eb7c pha n\u01b0\u1edbc u\u1ed1ng<br \/>\n-Li\u1ec1u ph\u00f2ng: 1 g\/4 l\u00edt n\u01b0\u1edbc u\u1ed1ng ho\u1eb7c 1 g\/20 kg th\u1ec3 tr\u1ecdng\/ng\u00e0y, d\u00f9ng 3-4 ng\u00e0y.<br \/>\n-Li\u1ec1u tr\u1ecb: 1 g\/2 l\u00edt n\u01b0\u1edbc u\u1ed1ng ho\u1eb7c 1 g\/10kg th\u1ec3 tr\u1ecdng\/ng\u00e0y. D\u00f9ng theo li\u1ec7u tr\u00ecnh: 3 ng\u00e0y d\u00f9ng &#8211; 2 ng\u00e0y ngh\u1ec9 &#8211; 3 ng\u00e0y<\/p>\n<p><strong>QUY C\u00c1CH:<\/strong><\/p>\n<p>G\u00f3i 1kg (10x100g)<\/p>\n<p><strong>S\u1ea2N XU\u1ea4T T\u1ea0I:<\/strong><\/p>\n<p>C\u00f4ng ty Medion Vi\u1ec7t Nam<\/p>\n","protected":false},"excerpt":{"rendered":"<p>\u0110\u1eb7c tr\u1ecb c\u1ea7u tr\u00f9ng m\u00e1u t\u01b0\u01a1i, ph\u00e2n s\u00e1p<\/p>\n","protected":false},"featured_media":2570,"comment_status":"open","ping_status":"closed","template":"","meta":[],"dang_san_pham":[118],"product_brand":[],"product_cat":[74,62,59,60,64,61,63,65],"product_tag":[234,233,232],"class_list":{"0":"post-2569","1":"product","2":"type-product","3":"status-publish","4":"has-post-thumbnail","6":"dang_san_pham-dang-bot-tan","7":"product_cat-khang-sinh","8":"product_cat-san-pham-cho-dai-gia-suc","9":"product_cat-san-pham-cho-ga","10":"product_cat-san-pham-cho-heo","11":"product_cat-san-pham-cho-thu-cung","12":"product_cat-san-pham-cho-thuy-cam","13":"product_cat-san-pham-cho-thuy-san","14":"product_cat-san-pham-cho-vat-nuoi-khac","15":"product_tag-ripcox","16":"product_tag-ripcox-ws","17":"product_tag-ripcox-wsp","19":"first","20":"instock","21":"shipping-taxable","22":"product-type-simple"},"acf":[],"_links":{"self":[{"href":"https:\/\/greenvet.sharecode.io.vn\/index.php?rest_route=\/wp\/v2\/product\/2569","targetHints":{"allow":["GET"]}}],"collection":[{"href":"https:\/\/greenvet.sharecode.io.vn\/index.php?rest_route=\/wp\/v2\/product"}],"about":[{"href":"https:\/\/greenvet.sharecode.io.vn\/index.php?rest_route=\/wp\/v2\/types\/product"}],"replies":[{"embeddable":true,"href":"https:\/\/greenvet.sharecode.io.vn\/index.php?rest_route=%2Fwp%2Fv2%2Fcomments&post=2569"}],"wp:featuredmedia":[{"embeddable":true,"href":"https:\/\/greenvet.sharecode.io.vn\/index.php?rest_route=\/wp\/v2\/media\/2570"}],"wp:attachment":[{"href":"https:\/\/greenvet.sharecode.io.vn\/index.php?rest_route=%2Fwp%2Fv2%2Fmedia&parent=2569"}],"wp:term":[{"taxonomy":"dang_san_pham","embeddable":true,"href":"https:\/\/greenvet.sharecode.io.vn\/index.php?rest_route=%2Fwp%2Fv2%2Fdang_san_pham&post=2569"},{"taxonomy":"product_brand","embeddable":true,"href":"https:\/\/greenvet.sharecode.io.vn\/index.php?rest_route=%2Fwp%2Fv2%2Fproduct_brand&post=2569"},{"taxonomy":"product_cat","embeddable":true,"href":"https:\/\/greenvet.sharecode.io.vn\/index.php?rest_route=%2Fwp%2Fv2%2Fproduct_cat&post=2569"},{"taxonomy":"product_tag","embeddable":true,"href":"https:\/\/greenvet.sharecode.io.vn\/index.php?rest_route=%2Fwp%2Fv2%2Fproduct_tag&post=2569"}],"curies":[{"name":"wp","href":"https:\/\/api.w.org\/{rel}","templated":true}]}}