{"id":2586,"date":"2022-11-08T09:43:02","date_gmt":"2022-11-08T02:43:02","guid":{"rendered":"https:\/\/greenvet.sharecode.io.vn\/?post_type=product&#038;p=2586"},"modified":"2022-11-11T09:12:32","modified_gmt":"2022-11-11T02:12:32","slug":"coxymax","status":"publish","type":"product","link":"https:\/\/greenvet.sharecode.io.vn\/?product=coxymax","title":{"rendered":"Coxymax"},"content":{"rendered":"<p><strong>TH\u00c0NH PH\u1ea6N:<\/strong><\/p>\n<p>Trong 1 g c\u00f3 ch\u1ee9a<br \/>\nSulphachlozine\u2026\u2026\u2026\u2026\u2026\u2026\u2026\u2026\u2026\u2026.. 300 mg<\/p>\n<p><strong>C\u00d4NG D\u1ee4NG:<\/strong><\/p>\n<p>Pho\u0300ng va\u0300 tri\u0323 b\u00ea\u0323nh c\u00e2\u0300u tru\u0300ng ph\u00e2n co\u0301 ma\u0301u, ph\u00e2n sa\u0301p va\u0300ng, sa\u0301p n\u00e2u, sa\u0301p \u0111en g\u00e2y ra b\u01a1\u0309i Eimeria spp (E.tenella, E.necatrix, E.brunetti, E.acevulina, E.maxima).<br \/>\nCoxymax chu\u0309 tri\u0323 ca\u0301c tr\u01b0\u01a1\u0300ng h\u01a1\u0323p nhi\u00ea\u0303m khu\u00e2\u0309n: Salmonella spp, E.coli, Balantidium coli g\u00e2y ra ti\u00eau cha\u0309y ph\u00e2n xanh, ph\u00e2n tr\u0103\u0301ng, th\u01b0\u01a1ng ha\u0300n, ba\u0323ch ly\u0323, tu\u0323 huy\u00ea\u0301t tru\u0300ng tr\u00ean heo, ga\u0300, vi\u0323t, ngan, cu\u0301t.<br \/>\n\u0110\u0103\u0323c bi\u00ea\u0323t hi\u00ea\u0323u qua\u0309 v\u01a1\u0301i b\u00ea\u0323nh n\u0103\u0323ng, b\u00ea\u0323nh ghe\u0301p.<\/p>\n<p><strong>C\u00c1CH D\u00d9NG:<\/strong><\/p>\n<p>Pha n\u01b0\u1ee9c s\u1ea1ch cho u\u1ed1ng<br \/>\n&#8211; G\u00e0, v\u1ecbt, ngan, c\u00fat: 1 g\/ 1 l\u00edt n\u01b0\u1edbc u\u1ed1ng ho\u1eb7c 100 g\/ 500 kg th\u1ec3 tr\u1ecdng \/ng\u00e0y, d\u00f9ng 3 ng\u00e0y ngh\u1ec9 2- d\u00f9ng ti\u1ebfp 3 ng\u00e0y<br \/>\n&#8211; Heo: 100 g\/ 500 kg th\u1ec3 tr\u1ecdng , d\u00f9ng li\u00ean t\u1ee5c 3-5 ng\u00e0y<\/p>\n<p><strong>QUY C\u00c1CH:<\/strong><\/p>\n<p>G\u00f3i 10g, 100g, 1kg (10x100g)<\/p>\n<p><strong>S\u1ea2N XU\u1ea4T T\u1ea0I:<\/strong><\/p>\n<p>C\u00f4ng ty Medion Vi\u1ec7t Nam<\/p>\n","protected":false},"excerpt":{"rendered":"<p>Ch\u1ee7 tr\u1ecb c\u1ea7u tr\u00f9ng \u2013 Tr\u1ecb ti\u00eau ch\u1ea3y do nhi\u1ec5m khu\u1ea9n \u2013 \u0110\u1eb7c bi\u1ec7t hi\u1ec7u qu\u1ea3 v\u1edbi c\u1ea7u tr\u00f9ng gh\u00e9p<\/p>\n","protected":false},"featured_media":2587,"comment_status":"open","ping_status":"closed","template":"","meta":[],"dang_san_pham":[118],"product_brand":[],"product_cat":[74,78,77,81,83,59,60,61,65],"product_tag":[241],"class_list":{"0":"post-2586","1":"product","2":"type-product","3":"status-publish","4":"has-post-thumbnail","6":"dang_san_pham-dang-bot-tan","7":"product_cat-khang-sinh","8":"product_cat-khang-sinh-cho-ga","9":"product_cat-khang-sinh-cho-heo","10":"product_cat-khang-sinh-cho-thuy-cam","11":"product_cat-khang-sinh-cho-vat-nuoi-khac","12":"product_cat-san-pham-cho-ga","13":"product_cat-san-pham-cho-heo","14":"product_cat-san-pham-cho-thuy-cam","15":"product_cat-san-pham-cho-vat-nuoi-khac","16":"product_tag-coxymax","18":"first","19":"instock","20":"shipping-taxable","21":"product-type-simple"},"acf":[],"_links":{"self":[{"href":"https:\/\/greenvet.sharecode.io.vn\/index.php?rest_route=\/wp\/v2\/product\/2586","targetHints":{"allow":["GET"]}}],"collection":[{"href":"https:\/\/greenvet.sharecode.io.vn\/index.php?rest_route=\/wp\/v2\/product"}],"about":[{"href":"https:\/\/greenvet.sharecode.io.vn\/index.php?rest_route=\/wp\/v2\/types\/product"}],"replies":[{"embeddable":true,"href":"https:\/\/greenvet.sharecode.io.vn\/index.php?rest_route=%2Fwp%2Fv2%2Fcomments&post=2586"}],"wp:featuredmedia":[{"embeddable":true,"href":"https:\/\/greenvet.sharecode.io.vn\/index.php?rest_route=\/wp\/v2\/media\/2587"}],"wp:attachment":[{"href":"https:\/\/greenvet.sharecode.io.vn\/index.php?rest_route=%2Fwp%2Fv2%2Fmedia&parent=2586"}],"wp:term":[{"taxonomy":"dang_san_pham","embeddable":true,"href":"https:\/\/greenvet.sharecode.io.vn\/index.php?rest_route=%2Fwp%2Fv2%2Fdang_san_pham&post=2586"},{"taxonomy":"product_brand","embeddable":true,"href":"https:\/\/greenvet.sharecode.io.vn\/index.php?rest_route=%2Fwp%2Fv2%2Fproduct_brand&post=2586"},{"taxonomy":"product_cat","embeddable":true,"href":"https:\/\/greenvet.sharecode.io.vn\/index.php?rest_route=%2Fwp%2Fv2%2Fproduct_cat&post=2586"},{"taxonomy":"product_tag","embeddable":true,"href":"https:\/\/greenvet.sharecode.io.vn\/index.php?rest_route=%2Fwp%2Fv2%2Fproduct_tag&post=2586"}],"curies":[{"name":"wp","href":"https:\/\/api.w.org\/{rel}","templated":true}]}}