{"id":2589,"date":"2022-11-08T09:49:25","date_gmt":"2022-11-08T02:49:25","guid":{"rendered":"https:\/\/greenvet.sharecode.io.vn\/?post_type=product&#038;p=2589"},"modified":"2022-11-11T09:13:12","modified_gmt":"2022-11-11T02:13:12","slug":"therapy","status":"publish","type":"product","link":"https:\/\/greenvet.sharecode.io.vn\/?product=therapy","title":{"rendered":"Therapy"},"content":{"rendered":"<p><strong>TH\u00c0NH PH\u1ea6N:<\/strong><\/p>\n<p>Trong 1 kg c\u00f3 ch\u1ee9a<br \/>\nOxytetracycline HCl\u2026\u2026\u2026\u2026\u2026\u2026..100 g<br \/>\nAmprolium\u2026..\u2026\u2026\u2026\u2026. 50 g<br \/>\nVitamin A\u2026\u2026\u2026..\u2026.3,750,000 IU<br \/>\nVitamin K\u2026\u2026\u2026\u2026\u2026\u2026&#8230;5 g<\/p>\n<p><strong>C\u00d4NG D\u1ee4NG:<\/strong><\/p>\n<p>\u0110\u1eb7c tr\u1ecb c\u00e1c b\u1ec7nh tr\u00ean gia c\u1ea7m nh\u01b0: C\u1ea7u tr\u00f9ng (\u0111\u1eb7c bi\u1ec7t hi\u1ec7u qu\u1ea3 khi \u0111i\u1ec1u tr\u1ecb b\u1ec7nh c\u1ea7u tr\u00f9ng gh\u00e9p vi\u00eam ru\u1ed9t ho\u1ea1i t\u1eed), t\u1ee5 huy\u1ebft tr\u00f9ng, th\u01b0\u01a1ng h\u00e0n, CRD, s\u01b0ng ph\u00f9 \u0111\u1ea7u (Coryza), vi\u00eam m\u00e0ng ho\u1ea1t d\u1ecbch.<\/p>\n<p><strong>C\u00c1CH D\u00d9NG:<\/strong><\/p>\n<p>Ph\u00f2ng b\u1ec7nh:<br \/>\n\u2022 Ph\u00f2ng b\u1ec7nh trong qu\u00e1 tr\u00ecnh stress:<br \/>\n1 g\/2 l\u00edt n\u01b0\u1edbc u\u1ed1ng ho\u1eb7c 1 g\/10 kg th\u1ec3 tr\u1ecdng, d\u00f9ng 2-3 ng\u00e0y li\u00ean t\u1ee5c<br \/>\n\u2022 Ph\u00f2ng b\u1ec7nh khi c\u00f3 d\u1ecbch b\u1ec7nh x\u1ea3y ra:<br \/>\n1 g\/2 l\u00edt n\u01b0\u1edbc u\u1ed1ng ho\u1eb7c 1 g\/10 kg th\u1ec3 tr\u1ecdng, d\u00f9ng 5-7 ng\u00e0y li\u00ean t\u1ee5c<br \/>\n\u0110i\u1ec1u tr\u1ecb:<br \/>\n1 g\/l\u00edt n\u01b0\u1edbc ho\u1eb7c 1 g\/5 kg th\u1ec3 tr\u1ecdng, d\u00f9ng 5-7 ng\u00e0y li\u00ean t\u1ee5c<\/p>\n<p><strong>QUY C\u00c1CH:<\/strong><\/p>\n<p>G\u00f3i 100g, 1kg (5x200g)<\/p>\n<p><strong>S\u1ea2N XU\u1ea4T T\u1ea0I:<\/strong><\/p>\n<p>C\u00f4ng ty Medion Vi\u1ec7t Nam<\/p>\n","protected":false},"excerpt":{"rendered":"<p>Kh\u00e1ng sinh ho\u1ea1t ph\u1ed5 r\u1ed9ng ph\u00f2ng v\u00e0 tr\u1ecb ti\u00eau ch\u1ea3y gh\u00e9p c\u1ea7u tr\u00f9ng<\/p>\n","protected":false},"featured_media":2590,"comment_status":"open","ping_status":"closed","template":"","meta":[],"dang_san_pham":[118],"product_brand":[],"product_cat":[74,78,59,61,65],"product_tag":[242],"class_list":{"0":"post-2589","1":"product","2":"type-product","3":"status-publish","4":"has-post-thumbnail","6":"dang_san_pham-dang-bot-tan","7":"product_cat-khang-sinh","8":"product_cat-khang-sinh-cho-ga","9":"product_cat-san-pham-cho-ga","10":"product_cat-san-pham-cho-thuy-cam","11":"product_cat-san-pham-cho-vat-nuoi-khac","12":"product_tag-therapy","14":"first","15":"instock","16":"shipping-taxable","17":"product-type-simple"},"acf":[],"_links":{"self":[{"href":"https:\/\/greenvet.sharecode.io.vn\/index.php?rest_route=\/wp\/v2\/product\/2589","targetHints":{"allow":["GET"]}}],"collection":[{"href":"https:\/\/greenvet.sharecode.io.vn\/index.php?rest_route=\/wp\/v2\/product"}],"about":[{"href":"https:\/\/greenvet.sharecode.io.vn\/index.php?rest_route=\/wp\/v2\/types\/product"}],"replies":[{"embeddable":true,"href":"https:\/\/greenvet.sharecode.io.vn\/index.php?rest_route=%2Fwp%2Fv2%2Fcomments&post=2589"}],"wp:featuredmedia":[{"embeddable":true,"href":"https:\/\/greenvet.sharecode.io.vn\/index.php?rest_route=\/wp\/v2\/media\/2590"}],"wp:attachment":[{"href":"https:\/\/greenvet.sharecode.io.vn\/index.php?rest_route=%2Fwp%2Fv2%2Fmedia&parent=2589"}],"wp:term":[{"taxonomy":"dang_san_pham","embeddable":true,"href":"https:\/\/greenvet.sharecode.io.vn\/index.php?rest_route=%2Fwp%2Fv2%2Fdang_san_pham&post=2589"},{"taxonomy":"product_brand","embeddable":true,"href":"https:\/\/greenvet.sharecode.io.vn\/index.php?rest_route=%2Fwp%2Fv2%2Fproduct_brand&post=2589"},{"taxonomy":"product_cat","embeddable":true,"href":"https:\/\/greenvet.sharecode.io.vn\/index.php?rest_route=%2Fwp%2Fv2%2Fproduct_cat&post=2589"},{"taxonomy":"product_tag","embeddable":true,"href":"https:\/\/greenvet.sharecode.io.vn\/index.php?rest_route=%2Fwp%2Fv2%2Fproduct_tag&post=2589"}],"curies":[{"name":"wp","href":"https:\/\/api.w.org\/{rel}","templated":true}]}}