{"id":2592,"date":"2022-11-08T09:53:14","date_gmt":"2022-11-08T02:53:14","guid":{"rendered":"https:\/\/greenvet.sharecode.io.vn\/?post_type=product&#038;p=2592"},"modified":"2022-11-10T14:26:02","modified_gmt":"2022-11-10T07:26:02","slug":"neo-statin","status":"publish","type":"product","link":"https:\/\/greenvet.sharecode.io.vn\/?product=neo-statin","title":{"rendered":"Neo statin"},"content":{"rendered":"<p><strong>TH\u00c0NH PH\u1ea6N:<\/strong><\/p>\n<p>Trong 1g c\u00f3:<br \/>\nNystatin\u2026\u2026\u2026\u2026\u2026\u2026\u2026\u2026\u2026&#8230;&#8230;150.000 UI<br \/>\nNeomycin sulfate\u2026\u2026\u2026\u2026\u2026\u2026\u2026.\u2026.20 mg<\/p>\n<p><strong>C\u00d4NG D\u1ee4NG:<\/strong><\/p>\n<p>\u0110\u1eb7c tr\u1ecb n\u1ea5m ph\u1ed5i, n\u1ea5m mi\u1ec7ng, n\u1ea5m di\u1ec1u v\u00e0 c\u00e1c tr\u01b0\u1eddng h\u1ee3p n\u1ea5m n\u1ed9i t\u1ea1ng tr\u00ean gan v\u00e0 manh tr\u00e0ng g\u00e0, v\u1ecbt, ngan, c\u00fat, chim.<br \/>\nB\u1ec7nh vi\u00eam ph\u1ed5i c\u1ea5p t\u00ednh tr\u00ean heo, tr\u00e2u, b\u00f2, b\u00ea, ngh\u00e9, d\u00ea, c\u1eebu do n\u1ea5m, m\u1ed1c trong th\u1ee9c \u0103n.<br \/>\nC\u00e1c tr\u01b0\u1eddng h\u1ee3p vi\u00eam ph\u1ed5i b\u1ed9i nhi\u1ec5m n\u1ea5m, r\u1ed1i lo\u1ea1n ti\u00eau h\u00f3a, ti\u00eau ch\u1ea3y do d\u00f9ng kh\u00e1ng sinh ph\u1ed5 r\u1ed9ng, d\u00e0i ng\u00e0y.<\/p>\n<p><strong>C\u00c1CH D\u00d9NG:<\/strong><\/p>\n<p>Tr\u1ed9n th\u1ee9c \u0103n ho\u1eb7c pha n\u01b0\u1edbc u\u1ed1ng<br \/>\n-Tr\u1ecb b\u1ec7nh: B\u1ec7nh n\u1ea5m ph\u1ed5i, n\u1ea5m ph\u1ee7 t\u1ea1ng: 100 g\/250 &#8211; 500 kg th\u1ec3 tr\u1ecdng\/ng\u00e0y, d\u00f9ng li\u00ean t\u1ee5c t\u1eeb 3 &#8211; 4 ng\u00e0y.<br \/>\nB\u1ec7nh n\u1ea5m \u1edf mi\u1ec7ng, di\u1ec1u, th\u1ef1c qu\u1ea3n, d\u1ea1 d\u00e0y, ru\u1ed9t: 100 g\/500 kg &#8211; 1 t\u1ea5n TT \/ng\u00e0y, d\u00f9ng li\u00ean t\u1ee5c 4-6 ng\u00e0y.<br \/>\n-V\u1edbi tr\u01b0\u1eddng h\u1ee3p b\u1ec7nh n\u1eb7ng: C\u00f3 th\u1ec3 t\u0103ng li\u1ec1u.<\/p>\n<p>-Ph\u00f2ng b\u1ec7nh: D\u00f9ng 1\/5 li\u1ec1u \u0111i\u1ec1u tr\u1ecb, s\u1eed d\u1ee5ng th\u01b0\u1eddng xuy\u00ean.<\/p>\n<p><strong>QUY C\u00c1CH:<\/strong><\/p>\n<p>G\u00f3i 1kg (10x100g)<\/p>\n<p><strong>S\u1ea2N XU\u1ea4T T\u1ea0I:<\/strong><\/p>\n<p>C\u00f4ng ty Medion Vi\u1ec7t Nam<\/p>\n","protected":false},"excerpt":{"rendered":"<p>\u0110\u1eb7c tr\u1ecb n\u1ea5m di\u1ec1u, n\u1ea5m ph\u1ed5i, n\u1ea5m n\u1ed9i t\u1ea1ng<\/p>\n","protected":false},"featured_media":2593,"comment_status":"open","ping_status":"closed","template":"","meta":[],"dang_san_pham":[118],"product_brand":[],"product_cat":[74,79,78,77,81,83,62,59,60,61,65],"product_tag":[243],"class_list":{"0":"post-2592","1":"product","2":"type-product","3":"status-publish","4":"has-post-thumbnail","6":"dang_san_pham-dang-bot-tan","7":"product_cat-khang-sinh","8":"product_cat-khang-sinh-cho-dai-gia-suc","9":"product_cat-khang-sinh-cho-ga","10":"product_cat-khang-sinh-cho-heo","11":"product_cat-khang-sinh-cho-thuy-cam","12":"product_cat-khang-sinh-cho-vat-nuoi-khac","13":"product_cat-san-pham-cho-dai-gia-suc","14":"product_cat-san-pham-cho-ga","15":"product_cat-san-pham-cho-heo","16":"product_cat-san-pham-cho-thuy-cam","17":"product_cat-san-pham-cho-vat-nuoi-khac","18":"product_tag-neo-statin","20":"first","21":"instock","22":"shipping-taxable","23":"product-type-simple"},"acf":[],"_links":{"self":[{"href":"https:\/\/greenvet.sharecode.io.vn\/index.php?rest_route=\/wp\/v2\/product\/2592","targetHints":{"allow":["GET"]}}],"collection":[{"href":"https:\/\/greenvet.sharecode.io.vn\/index.php?rest_route=\/wp\/v2\/product"}],"about":[{"href":"https:\/\/greenvet.sharecode.io.vn\/index.php?rest_route=\/wp\/v2\/types\/product"}],"replies":[{"embeddable":true,"href":"https:\/\/greenvet.sharecode.io.vn\/index.php?rest_route=%2Fwp%2Fv2%2Fcomments&post=2592"}],"wp:featuredmedia":[{"embeddable":true,"href":"https:\/\/greenvet.sharecode.io.vn\/index.php?rest_route=\/wp\/v2\/media\/2593"}],"wp:attachment":[{"href":"https:\/\/greenvet.sharecode.io.vn\/index.php?rest_route=%2Fwp%2Fv2%2Fmedia&parent=2592"}],"wp:term":[{"taxonomy":"dang_san_pham","embeddable":true,"href":"https:\/\/greenvet.sharecode.io.vn\/index.php?rest_route=%2Fwp%2Fv2%2Fdang_san_pham&post=2592"},{"taxonomy":"product_brand","embeddable":true,"href":"https:\/\/greenvet.sharecode.io.vn\/index.php?rest_route=%2Fwp%2Fv2%2Fproduct_brand&post=2592"},{"taxonomy":"product_cat","embeddable":true,"href":"https:\/\/greenvet.sharecode.io.vn\/index.php?rest_route=%2Fwp%2Fv2%2Fproduct_cat&post=2592"},{"taxonomy":"product_tag","embeddable":true,"href":"https:\/\/greenvet.sharecode.io.vn\/index.php?rest_route=%2Fwp%2Fv2%2Fproduct_tag&post=2592"}],"curies":[{"name":"wp","href":"https:\/\/api.w.org\/{rel}","templated":true}]}}