{"id":2594,"date":"2022-11-08T09:57:47","date_gmt":"2022-11-08T02:57:47","guid":{"rendered":"https:\/\/greenvet.sharecode.io.vn\/?post_type=product&#038;p=2594"},"modified":"2022-11-11T09:15:58","modified_gmt":"2022-11-11T02:15:58","slug":"g-mox-max","status":"publish","type":"product","link":"https:\/\/greenvet.sharecode.io.vn\/?product=g-mox-max","title":{"rendered":"G-mox max"},"content":{"rendered":"<p><strong>TH\u00c0NH PH\u1ea6N:<\/strong><\/p>\n<ul>\n<li>Trong 1 g c\u00f3 ch\u1ee9a: Amoxicillin (d\u1ea1ng trihydrate) \u2026&#8230;.\u2026\u2026..700 mg<\/li>\n<\/ul>\n<p><strong>C\u00d4NG D\u1ee4NG:<\/strong><\/p>\n<ul>\n<li>V\u1edbi heo: \u0110\u1eb7c tr\u1ecb h\u1eefu hi\u1ec7u c\u00e1c b\u1ec7nh: vi\u00eam d\u1ea1 d\u00e0y ru\u1ed9t, ti\u00eau ch\u1ea3y, ph\u00f3 th\u01b0\u01a1ng h\u00e0n (Salmonellosis), t\u1ee5 huy\u1ebft tr\u00f9ng, vi\u00eam ph\u1ed5i m\u00e0ng ph\u1ed5i, vi\u00eam \u0111a xoang (Glasser) v\u00e0 c\u00e1c b\u1ec7nh nhi\u1ec5m tr\u00f9ng \u0111\u01b0\u1eddng h\u00f4 h\u1ea5p, ti\u00eau h\u00f3a kh\u00e1c.<\/li>\n<li>V\u1edbi gia c\u1ea7m: \u0110\u1eb7c tr\u1ecb vi\u00eam ru\u1ed9t, ph\u00e2n xanh, ph\u00e2n tr\u1eafng, ph\u00e2n nh\u1edbt, ph\u00e2n s\u1ed1ng, S\u1ed5 m\u0169i truy\u1ec1n nhi\u1ec5m &#8211; S\u01b0ng ph\u00f9 \u0111\u1ea7u (Coryza), t\u1ee5 huy\u1ebft tr\u00f9ng, li\u00ean c\u1ea7u khu\u1ea9n, t\u1ee5 c\u1ea7u khu\u1ea9n v\u00e0 ti\u00eau ch\u1ea3y do E.coli. Kh\u00e1ng sinh h\u00e0m l\u01b0\u1ee3ng cao, an to\u00e0n, d\u00f9ng trong ph\u00f2ng b\u1ec7nh \u0111\u1ecbnh k\u1ef3.<\/li>\n<\/ul>\n<p><strong>C\u00c1CH D\u00d9NG:<\/strong><\/p>\n<p>Pha n\u01b0\u1edbc u\u1ed1ng ho\u1eb7c tr\u1ed9n th\u1ee9c \u0103n.<\/p>\n<ul>\n<li>Heo: 1 g\/3 l\u00edt n\u01b0\u1edbc u\u1ed1ng ho\u1eb7c 70-100 g\/100 kg th\u1ee9c \u0103n, d\u00f9ng trong 3-5 ng\u00e0y li\u00ean t\u1ee5c.<\/li>\n<li>Gia c\u1ea7m: 1 g\/6 l\u00edt n\u01b0\u1edbc u\u1ed1ng ho\u1eb7c 1 g\/30 kg th\u1ec3 tr\u1ecdng\/ng\u00e0y, d\u00f9ng trong 5 ng\u00e0y li\u00ean t\u1ee5c.<\/li>\n<\/ul>\n<p><strong>QUY C\u00c1CH:<\/strong><\/p>\n<p>G\u00f3i 1kg (10x100g)<\/p>\n<p><strong>S\u1ea2N XU\u1ea4T T\u1ea0I:<\/strong><\/p>\n<p>C\u00f4ng ty Medion Vi\u1ec7t Nam<\/p>\n","protected":false},"excerpt":{"rendered":"<p>Kh\u00e1ng sinh l\u00e0m l\u01b0\u01a1ng cao, an to\u00e0n. \u0110\u1eb7c tr\u1ecb ti\u00eau ch\u1ea3y v\u00e0 c\u00e1c b\u1ec7nh h\u00f4 h\u1ea5p tr\u00ean gia s\u00fac gia c\u1ea7m<\/p>\n","protected":false},"featured_media":2595,"comment_status":"open","ping_status":"closed","template":"","meta":[],"dang_san_pham":[118],"product_brand":[],"product_cat":[74,78,77,81,83,59,60,61,65],"product_tag":[231,244],"class_list":{"0":"post-2594","1":"product","2":"type-product","3":"status-publish","4":"has-post-thumbnail","6":"dang_san_pham-dang-bot-tan","7":"product_cat-khang-sinh","8":"product_cat-khang-sinh-cho-ga","9":"product_cat-khang-sinh-cho-heo","10":"product_cat-khang-sinh-cho-thuy-cam","11":"product_cat-khang-sinh-cho-vat-nuoi-khac","12":"product_cat-san-pham-cho-ga","13":"product_cat-san-pham-cho-heo","14":"product_cat-san-pham-cho-thuy-cam","15":"product_cat-san-pham-cho-vat-nuoi-khac","16":"product_tag-g-mox","17":"product_tag-g-mox-max","19":"first","20":"instock","21":"shipping-taxable","22":"product-type-simple"},"acf":[],"_links":{"self":[{"href":"https:\/\/greenvet.sharecode.io.vn\/index.php?rest_route=\/wp\/v2\/product\/2594","targetHints":{"allow":["GET"]}}],"collection":[{"href":"https:\/\/greenvet.sharecode.io.vn\/index.php?rest_route=\/wp\/v2\/product"}],"about":[{"href":"https:\/\/greenvet.sharecode.io.vn\/index.php?rest_route=\/wp\/v2\/types\/product"}],"replies":[{"embeddable":true,"href":"https:\/\/greenvet.sharecode.io.vn\/index.php?rest_route=%2Fwp%2Fv2%2Fcomments&post=2594"}],"wp:featuredmedia":[{"embeddable":true,"href":"https:\/\/greenvet.sharecode.io.vn\/index.php?rest_route=\/wp\/v2\/media\/2595"}],"wp:attachment":[{"href":"https:\/\/greenvet.sharecode.io.vn\/index.php?rest_route=%2Fwp%2Fv2%2Fmedia&parent=2594"}],"wp:term":[{"taxonomy":"dang_san_pham","embeddable":true,"href":"https:\/\/greenvet.sharecode.io.vn\/index.php?rest_route=%2Fwp%2Fv2%2Fdang_san_pham&post=2594"},{"taxonomy":"product_brand","embeddable":true,"href":"https:\/\/greenvet.sharecode.io.vn\/index.php?rest_route=%2Fwp%2Fv2%2Fproduct_brand&post=2594"},{"taxonomy":"product_cat","embeddable":true,"href":"https:\/\/greenvet.sharecode.io.vn\/index.php?rest_route=%2Fwp%2Fv2%2Fproduct_cat&post=2594"},{"taxonomy":"product_tag","embeddable":true,"href":"https:\/\/greenvet.sharecode.io.vn\/index.php?rest_route=%2Fwp%2Fv2%2Fproduct_tag&post=2594"}],"curies":[{"name":"wp","href":"https:\/\/api.w.org\/{rel}","templated":true}]}}