{"id":2598,"date":"2022-11-08T10:13:43","date_gmt":"2022-11-08T03:13:43","guid":{"rendered":"https:\/\/greenvet.sharecode.io.vn\/?post_type=product&#038;p=2598"},"modified":"2022-11-11T10:00:07","modified_gmt":"2022-11-11T03:00:07","slug":"tylomax","status":"publish","type":"product","link":"https:\/\/greenvet.sharecode.io.vn\/?product=tylomax","title":{"rendered":"Tylomax"},"content":{"rendered":"<p><strong>TH\u00c0NH PH\u1ea6N:<\/strong><\/p>\n<ul>\n<li>Trong 1 g c\u00f3 ch\u1ee9a: Tylosin tartrate\u2026\u2026\u2026\u2026\u2026\u2026\u2026\u2026750 mg<\/li>\n<\/ul>\n<p><strong>C\u00d4NG D\u1ee4NG:<\/strong><\/p>\n<ul>\n<li>G\u00e0, v\u1ecbt, ngan, c\u00fat: Ph\u00f2ng v\u00e0 tr\u1ecb c\u00e1c nhi\u1ec5m khu\u1ea9n \u0111\u01b0\u1eddng h\u00f4 h\u1ea5p g\u00e2y ra b\u1edfi Mycoplasma nh\u01b0: CRD, CCRD, hen, vi\u00eam xoang, vi\u00eam kh\u1edbp, tr\u1ee9ng v\u1ecf k\u00ednh (tr\u1ee9ng s\u1ea1m m\u00e0u, v\u1ecf m\u1ecfng, nh\u00e1m \u1edf \u0111\u1ea7u, d\u1ec5 d\u1eadp v\u1ee1), v\u1ea9y m\u1ecf, s\u01b0ng ph\u00f9 \u0111\u1ea7u, kh\u1eb9c v\u1ecbt<\/li>\n<li>Heo: \u0110\u1eb7c tr\u1ecb suy\u1ec5n, vi\u00eam ph\u1ed5i, vi\u00eam ph\u1ed5i-m\u00e0ng ph\u1ed5i (APP), h\u1ed3ng l\u1ef5, vi\u00eam ru\u1ed9t ho\u1ea1i t\u1eed, ti\u00eau ch\u1ea3y, vi\u00eam \u0111a kh\u1edbp ho\u1eb7c c\u00e1c nhi\u1ec5m tr\u00f9ng kh\u00e1c<\/li>\n<\/ul>\n<p><strong>C\u00c1CH D\u00d9NG:<\/strong><\/p>\n<p>Pha n\u01b0\u1edbc u\u1ed1ng ho\u1eb7c tr\u1ed9n th\u1ee9c \u0103n<\/p>\n<ul>\n<li>G\u00e0, v\u1ecbt, ngan, c\u00fat: 1 g\/3- 6 l\u00edt n\u01b0\u1edbc u\u1ed1ng ho\u1eb7c 1g\/15-30 kg th\u1ec3 tr\u1ecdng, d\u00f9ng li\u00ean t\u1ee5c 3-5 ng\u00e0y<\/li>\n<li>Heo: Tr\u1ed9n th\u1ee9c \u0103n, li\u1ec1u 1 kg\/1,5 t\u1ea5n th\u1ee9c \u0103n<\/li>\n<\/ul>\n<p><strong>QUY C\u00c1CH:<\/strong><\/p>\n<p>G\u00f3i 1kg (10x100g)<\/p>\n<p><strong>S\u1ea2N XU\u1ea4T T\u1ea0I:<\/strong><\/p>\n<p>C\u00f4ng ty Medion Vi\u1ec7t Nam<\/p>\n","protected":false},"excerpt":{"rendered":"<p>Kh\u00e1ng sinh l\u00e0m l\u01b0\u01a1ng cao, \u0111\u1eb7c tr\u1ecb hen g\u00e0, suy\u1ec5n heo v\u00e0 b\u1ec7nh h\u00f4 h\u1ea5p<\/p>\n","protected":false},"featured_media":2599,"comment_status":"open","ping_status":"closed","template":"","meta":[],"dang_san_pham":[118],"product_brand":[],"product_cat":[74,78,77,81,83,59,60,61,65],"product_tag":[249,248,247],"class_list":{"0":"post-2598","1":"product","2":"type-product","3":"status-publish","4":"has-post-thumbnail","6":"dang_san_pham-dang-bot-tan","7":"product_cat-khang-sinh","8":"product_cat-khang-sinh-cho-ga","9":"product_cat-khang-sinh-cho-heo","10":"product_cat-khang-sinh-cho-thuy-cam","11":"product_cat-khang-sinh-cho-vat-nuoi-khac","12":"product_cat-san-pham-cho-ga","13":"product_cat-san-pham-cho-heo","14":"product_cat-san-pham-cho-thuy-cam","15":"product_cat-san-pham-cho-vat-nuoi-khac","16":"product_tag-tylomax","17":"product_tag-tylomax-1kg","18":"product_tag-tylomax-1kg-10x1","20":"first","21":"instock","22":"shipping-taxable","23":"product-type-simple"},"acf":[],"_links":{"self":[{"href":"https:\/\/greenvet.sharecode.io.vn\/index.php?rest_route=\/wp\/v2\/product\/2598","targetHints":{"allow":["GET"]}}],"collection":[{"href":"https:\/\/greenvet.sharecode.io.vn\/index.php?rest_route=\/wp\/v2\/product"}],"about":[{"href":"https:\/\/greenvet.sharecode.io.vn\/index.php?rest_route=\/wp\/v2\/types\/product"}],"replies":[{"embeddable":true,"href":"https:\/\/greenvet.sharecode.io.vn\/index.php?rest_route=%2Fwp%2Fv2%2Fcomments&post=2598"}],"wp:featuredmedia":[{"embeddable":true,"href":"https:\/\/greenvet.sharecode.io.vn\/index.php?rest_route=\/wp\/v2\/media\/2599"}],"wp:attachment":[{"href":"https:\/\/greenvet.sharecode.io.vn\/index.php?rest_route=%2Fwp%2Fv2%2Fmedia&parent=2598"}],"wp:term":[{"taxonomy":"dang_san_pham","embeddable":true,"href":"https:\/\/greenvet.sharecode.io.vn\/index.php?rest_route=%2Fwp%2Fv2%2Fdang_san_pham&post=2598"},{"taxonomy":"product_brand","embeddable":true,"href":"https:\/\/greenvet.sharecode.io.vn\/index.php?rest_route=%2Fwp%2Fv2%2Fproduct_brand&post=2598"},{"taxonomy":"product_cat","embeddable":true,"href":"https:\/\/greenvet.sharecode.io.vn\/index.php?rest_route=%2Fwp%2Fv2%2Fproduct_cat&post=2598"},{"taxonomy":"product_tag","embeddable":true,"href":"https:\/\/greenvet.sharecode.io.vn\/index.php?rest_route=%2Fwp%2Fv2%2Fproduct_tag&post=2598"}],"curies":[{"name":"wp","href":"https:\/\/api.w.org\/{rel}","templated":true}]}}