{"id":2600,"date":"2022-11-08T10:18:52","date_gmt":"2022-11-08T03:18:52","guid":{"rendered":"https:\/\/greenvet.sharecode.io.vn\/?post_type=product&#038;p=2600"},"modified":"2022-11-11T11:27:40","modified_gmt":"2022-11-11T04:27:40","slug":"bacipro-bmd-50","status":"publish","type":"product","link":"https:\/\/greenvet.sharecode.io.vn\/?product=bacipro-bmd-50","title":{"rendered":"Bacipro BMD 50%"},"content":{"rendered":"<p><strong>TH\u00c0NH PH\u1ea6N:<\/strong><\/p>\n<p>Trong 1g c\u00f3 ch\u1ee9a: Bacitracin methylene disalicylate\u2026&#8230;. 500 mg<\/p>\n<p><strong>C\u00d4NG D\u1ee4NG:<\/strong><\/p>\n<ul>\n<li>G\u00e0, v\u1ecbt, ngan, c\u00fat: Ph\u00f2ng v\u00e0 tr\u1ecb vi\u00eam ru\u1ed9t ho\u1ea1i t\u1eed, ti\u00eau ch\u1ea3y ph\u00e2n nh\u00e0y, nh\u1edbt, c\u00f3 b\u1ecdt kh\u00ed, ph\u00e2n c\u00e0 chua, c\u00f3 l\u1eabn m\u00e1u ho\u1eb7c ch\u1ebft \u0111\u1ed9t t\u1eed, s\u00ecnh ru\u1ed9t, s\u1ed1t cao, g\u00e2y ra b\u1edfi Clostridium spp, \u0111\u1eb7c bi\u1ec7t hi\u1ec7u qu\u1ea3 trong nh\u1eefng tr\u01b0\u1eddng h\u1ee3p gh\u00e9p v\u1edbi c\u1ea7u tr\u00f9ng.<\/li>\n<li>Heo: \u0110\u1eb7c tr\u1ecb vi\u00eam ru\u1ed9t hoai t\u1eed, ti\u00eau ch\u1ea3y m\u00e3n t\u00ednh kh\u00f4ng r\u00f5 nguy\u00ean nh\u00e2n, h\u1ed3ng l\u1ef5, ph\u00e2n b\u00f9n, ph\u00e2n m\u00e1u \u1edf heo. \u0110\u1eb7c bi\u1ec7t hi\u1ec7u qu\u1ea3 khi d\u00f9ng cho n\u00e1i gi\u00fap ph\u00f2ng hi\u1ec7n t\u01b0\u1ee3ng ph\u00ecnh ru\u1ed9t, ho\u1ea1i t\u1eed ru\u1ed9t, ch\u1ebft \u0111\u1ed9t t\u1eed \u1edf heo con theo m\u1eb9.<\/li>\n<\/ul>\n<p><strong>C\u00c1CH D\u00d9NG:<\/strong><\/p>\n<ul>\n<li>Pha n\u01b0\u1edbc u\u1ed1ng ho\u1eb7c tr\u1ed9n th\u1ee9c \u0103n<br \/>\nG\u00e0, v\u1ecbt, ngan, c\u00fat: Li\u1ec1u ph\u00f2ng: 1 g\/20 l\u00edt n\u01b0\u1edbc u\u1ed1ng (1 g\/100 kg TT\/ng\u00e0y) d\u00f9ng li\u00ean t\u1ee5c 5-7 ng\u00e0y. Li\u1ec1u tr\u1ecb: 1 g\/5-10 l\u00edt n\u01b0\u1edbc u\u1ed1ng, 1 g\/25 kg TT\/ng\u00e0y d\u00f9ng li\u00ean t\u1ee5c 5 ng\u00e0y.<\/li>\n<li>Heo: 1 g\/2 l\u00edt n\u01b0\u1edbc u\u1ed1ng ho\u1eb7c 40-60 g\/t\u1ea5n th\u1ee9c \u0103n.<\/li>\n<li>N\u00e1i mang thai: 500 g\/t\u1ea5n th\u1ee9c \u0103m (D\u00f9ng 14 ng\u00e0y tr\u01b0\u1edbc sinh v\u00e0 21 ng\u00e0y sau sinh)<\/li>\n<\/ul>\n<p><strong>QUY C\u00c1CH:<\/strong><\/p>\n<p>G\u00f3i 100g<\/p>\n<p><strong>S\u1ea2N XU\u1ea4T T\u1ea0I:<\/strong><\/p>\n<p>C\u00f4ng ty Medion Vi\u1ec7t Nam<\/p>\n","protected":false},"excerpt":{"rendered":"<p>\u0110\u1eb7c tr\u1ecb vi\u00eam ru\u1ed9t ho\u1ea1i t\u1eed, ti\u00eau ch\u1ea3y m\u00e3n t\u00ednh, h\u1ed3ng l\u1ef5 tr\u00ean gia c\u1ea7m v\u00e0 heo<\/p>\n","protected":false},"featured_media":2601,"comment_status":"open","ping_status":"closed","template":"","meta":[],"dang_san_pham":[118],"product_brand":[],"product_cat":[74,78,77,81,83,59,60,61,65],"product_tag":[252,251,250],"class_list":{"0":"post-2600","1":"product","2":"type-product","3":"status-publish","4":"has-post-thumbnail","6":"dang_san_pham-dang-bot-tan","7":"product_cat-khang-sinh","8":"product_cat-khang-sinh-cho-ga","9":"product_cat-khang-sinh-cho-heo","10":"product_cat-khang-sinh-cho-thuy-cam","11":"product_cat-khang-sinh-cho-vat-nuoi-khac","12":"product_cat-san-pham-cho-ga","13":"product_cat-san-pham-cho-heo","14":"product_cat-san-pham-cho-thuy-cam","15":"product_cat-san-pham-cho-vat-nuoi-khac","16":"product_tag-bacipro","17":"product_tag-bacipro-bmd","18":"product_tag-bacipro-bmd-50-100g","20":"first","21":"instock","22":"shipping-taxable","23":"product-type-simple"},"acf":[],"_links":{"self":[{"href":"https:\/\/greenvet.sharecode.io.vn\/index.php?rest_route=\/wp\/v2\/product\/2600","targetHints":{"allow":["GET"]}}],"collection":[{"href":"https:\/\/greenvet.sharecode.io.vn\/index.php?rest_route=\/wp\/v2\/product"}],"about":[{"href":"https:\/\/greenvet.sharecode.io.vn\/index.php?rest_route=\/wp\/v2\/types\/product"}],"replies":[{"embeddable":true,"href":"https:\/\/greenvet.sharecode.io.vn\/index.php?rest_route=%2Fwp%2Fv2%2Fcomments&post=2600"}],"wp:featuredmedia":[{"embeddable":true,"href":"https:\/\/greenvet.sharecode.io.vn\/index.php?rest_route=\/wp\/v2\/media\/2601"}],"wp:attachment":[{"href":"https:\/\/greenvet.sharecode.io.vn\/index.php?rest_route=%2Fwp%2Fv2%2Fmedia&parent=2600"}],"wp:term":[{"taxonomy":"dang_san_pham","embeddable":true,"href":"https:\/\/greenvet.sharecode.io.vn\/index.php?rest_route=%2Fwp%2Fv2%2Fdang_san_pham&post=2600"},{"taxonomy":"product_brand","embeddable":true,"href":"https:\/\/greenvet.sharecode.io.vn\/index.php?rest_route=%2Fwp%2Fv2%2Fproduct_brand&post=2600"},{"taxonomy":"product_cat","embeddable":true,"href":"https:\/\/greenvet.sharecode.io.vn\/index.php?rest_route=%2Fwp%2Fv2%2Fproduct_cat&post=2600"},{"taxonomy":"product_tag","embeddable":true,"href":"https:\/\/greenvet.sharecode.io.vn\/index.php?rest_route=%2Fwp%2Fv2%2Fproduct_tag&post=2600"}],"curies":[{"name":"wp","href":"https:\/\/api.w.org\/{rel}","templated":true}]}}