{"id":2603,"date":"2022-11-08T10:23:16","date_gmt":"2022-11-08T03:23:16","guid":{"rendered":"https:\/\/greenvet.sharecode.io.vn\/?post_type=product&#038;p=2603"},"modified":"2022-11-11T11:29:24","modified_gmt":"2022-11-11T04:29:24","slug":"amoxycol-ws","status":"publish","type":"product","link":"https:\/\/greenvet.sharecode.io.vn\/?product=amoxycol-ws","title":{"rendered":"Amoxycol &#8211; WS"},"content":{"rendered":"<p><strong>TH\u00c0NH PH\u1ea6N:<\/strong><\/p>\n<p>Trong 1g c\u00f3 ch\u1ee9a:<\/p>\n<ul>\n<li>Amoxycillin trihydrate\u2026..200 mg<\/li>\n<li>Colistin sulphate\u2026\u2026&#8230;1.200.000 UI<\/li>\n<li>T\u00e1 d\u01b0\u1ee3c v\u01b0\u0300a \u0111u\u0309\u2026\u2026\u2026\u2026..\u2026.\u20261 g<\/li>\n<\/ul>\n<p><strong>C\u00d4NG D\u1ee4NG:<\/strong><\/p>\n<ul>\n<li>G\u00e0, v\u1ecbt, ngan, c\u00fat: \u0110\u1eb7c tr\u1ecb b\u1ec7nh ph\u00e2n xanh, ph\u00e2n tr\u1eafng do E.coli, vi\u00eam ru\u1ed9t ho\u1ea1i t\u1eed, t\u1ee5 huy\u1ebft tr\u00f9ng, th\u01b0\u01a1ng h\u00e0n, b\u1ea1ch l\u1ef5, s\u01b0ng ph\u00f9 \u0111\u1ea7u (Coryza).<\/li>\n<li>B\u00ea, ngh\u00e9, d\u00ea, c\u1eebu, heo: \u0110i\u1ec1u tr\u1ecb b\u1ec7nh vi\u00eam ru\u1ed9t ho\u1ea1i t\u1eed, b\u1ec7nh \u0111\u00f3ng d\u1ea5u, vi\u00eam \u0111a xoang do Glasser, t\u1ee5 huy\u1ebft tr\u00f9ng, ph\u00f3 th\u01b0\u01a1ng h\u00e0n, t\u1ee5 c\u1ea7u khu\u1ea9n, li\u00ean c\u1ea7u khu\u1ea9n.<\/li>\n<\/ul>\n<p><strong>C\u00c1CH D\u00d9NG:<\/strong><\/p>\n<p>Pha n\u01b0\u01a1\u0301c u\u00f4\u0301ng, du\u0300ng 3-5 nga\u0300y<\/p>\n<ul>\n<li>Heo, ga\u0300, vi\u0323t, ngan, cu\u0301t: 1 g\/ 2 li\u0301t n\u01b0\u01a1\u0301c u\u00f4\u0301ng, t\u01b0\u01a1ng \u0111\u01b0\u01a1ng 1 g\/ 10 kg th\u00ea\u0309 tro\u0323ng\/nga\u0300y, d\u00f9ng li\u00ean t\u1ee5c 3-5 ng\u00e0y.<\/li>\n<li>B\u00ea, nghe\u0301, d\u00ea, c\u01b0\u0300u: Cho u\u1ed1ng 2 l\u1ea7n\/ng\u00e0y v\u1edbi li\u1ec1u 5 g\/100 kg th\u1ec3 tr\u1ecdng\/nga\u0300y, d\u00f9ng 3-5 ng\u00e0y<\/li>\n<\/ul>\n<p>*L\u01b0u \u00fd v\u1edbi lo\u00e0i nhai l\u1ea1i ch\u1ec9 d\u00f9ng cho b\u00ea, ngh\u00e9, d\u00ea, c\u1eebu non<\/p>\n<p><strong>QUY C\u00c1CH:<\/strong><\/p>\n<p>T\u00fai 1 kg<\/p>\n<p><strong>S\u1ea2N XU\u1ea4T T\u1ea0I:<\/strong><\/p>\n<p>C\u00f4ng ty Medion Vi\u1ec7t Nam<\/p>\n","protected":false},"excerpt":{"rendered":"<p>\u0110\u1eb7c tr\u1ecb vi\u00eam ru\u1ed9t gh\u00e9p<\/p>\n","protected":false},"featured_media":2604,"comment_status":"open","ping_status":"closed","template":"","meta":[],"dang_san_pham":[118],"product_brand":[],"product_cat":[74,79,78,77,80,81,83,62,59,60,64,61,65],"product_tag":[254,253],"class_list":{"0":"post-2603","1":"product","2":"type-product","3":"status-publish","4":"has-post-thumbnail","6":"dang_san_pham-dang-bot-tan","7":"product_cat-khang-sinh","8":"product_cat-khang-sinh-cho-dai-gia-suc","9":"product_cat-khang-sinh-cho-ga","10":"product_cat-khang-sinh-cho-heo","11":"product_cat-khang-sinh-cho-thu-cung","12":"product_cat-khang-sinh-cho-thuy-cam","13":"product_cat-khang-sinh-cho-vat-nuoi-khac","14":"product_cat-san-pham-cho-dai-gia-suc","15":"product_cat-san-pham-cho-ga","16":"product_cat-san-pham-cho-heo","17":"product_cat-san-pham-cho-thu-cung","18":"product_cat-san-pham-cho-thuy-cam","19":"product_cat-san-pham-cho-vat-nuoi-khac","20":"product_tag-amoxycol","21":"product_tag-amoxycol-ws","23":"first","24":"instock","25":"shipping-taxable","26":"product-type-simple"},"acf":[],"_links":{"self":[{"href":"https:\/\/greenvet.sharecode.io.vn\/index.php?rest_route=\/wp\/v2\/product\/2603","targetHints":{"allow":["GET"]}}],"collection":[{"href":"https:\/\/greenvet.sharecode.io.vn\/index.php?rest_route=\/wp\/v2\/product"}],"about":[{"href":"https:\/\/greenvet.sharecode.io.vn\/index.php?rest_route=\/wp\/v2\/types\/product"}],"replies":[{"embeddable":true,"href":"https:\/\/greenvet.sharecode.io.vn\/index.php?rest_route=%2Fwp%2Fv2%2Fcomments&post=2603"}],"wp:featuredmedia":[{"embeddable":true,"href":"https:\/\/greenvet.sharecode.io.vn\/index.php?rest_route=\/wp\/v2\/media\/2604"}],"wp:attachment":[{"href":"https:\/\/greenvet.sharecode.io.vn\/index.php?rest_route=%2Fwp%2Fv2%2Fmedia&parent=2603"}],"wp:term":[{"taxonomy":"dang_san_pham","embeddable":true,"href":"https:\/\/greenvet.sharecode.io.vn\/index.php?rest_route=%2Fwp%2Fv2%2Fdang_san_pham&post=2603"},{"taxonomy":"product_brand","embeddable":true,"href":"https:\/\/greenvet.sharecode.io.vn\/index.php?rest_route=%2Fwp%2Fv2%2Fproduct_brand&post=2603"},{"taxonomy":"product_cat","embeddable":true,"href":"https:\/\/greenvet.sharecode.io.vn\/index.php?rest_route=%2Fwp%2Fv2%2Fproduct_cat&post=2603"},{"taxonomy":"product_tag","embeddable":true,"href":"https:\/\/greenvet.sharecode.io.vn\/index.php?rest_route=%2Fwp%2Fv2%2Fproduct_tag&post=2603"}],"curies":[{"name":"wp","href":"https:\/\/api.w.org\/{rel}","templated":true}]}}