{"id":2607,"date":"2022-11-08T10:34:05","date_gmt":"2022-11-08T03:34:05","guid":{"rendered":"https:\/\/greenvet.sharecode.io.vn\/?post_type=product&#038;p=2607"},"modified":"2022-11-11T11:31:21","modified_gmt":"2022-11-11T04:31:21","slug":"amogen-powder","status":"publish","type":"product","link":"https:\/\/greenvet.sharecode.io.vn\/?product=amogen-powder","title":{"rendered":"Amogen Powder"},"content":{"rendered":"<p><strong>TH\u00c0NH PH\u1ea6N:<\/strong><\/p>\n<p>Trong 1 g c\u00f3 ch\u1ee9a<\/p>\n<ul>\n<li>Amoxicillin trihydrate\u2026\u2026\u2026\u2026\u2026\u2026\u2026200 mg<\/li>\n<li>Gentamicin sulphate\u2026\u2026\u2026\u2026\u2026\u2026&#8230;&#8230;.100 mg<\/li>\n<\/ul>\n<p><strong>C\u00d4NG D\u1ee4NG:<\/strong><\/p>\n<ul>\n<li>Ga\u0300, vi\u0323t, ngan, cu\u0301t: \u0110\u0103\u0323c tri\u0323 hen ga\u0300 (CRD), hen ghe\u0301p (CCRD), khe\u0323c vi\u0323t , hen ng\u00e1p (ORT), s\u01b0ng phu\u0300 \u0111\u00e2\u0300u (Coryza), tu\u0323 huy\u00ea\u0301t tru\u0300ng, ti\u00eau cha\u0309y, ph\u00e2n xanh, ph\u00e2n tr\u0103\u0301ng, ph\u00e2n nh\u01a1\u0301t va\u0300ng, th\u01b0\u01a1ng ha\u0300n, vi\u00eam ru\u00f4\u0323t hoa\u0323i t\u01b0\u0309<\/li>\n<li>Heo, b\u00ea, nghe\u0301: \u0110i\u00ea\u0300u tri\u0323 hi\u00ea\u0323u qua\u0309 ti\u00eau cha\u0309y, vi\u00eam ru\u00f4\u0323t, ph\u00e2n tr\u0103\u0301ng heo con, pho\u0301 th\u01b0\u01a1ng ha\u0300n, suy\u00ea\u0303n heo, vi\u00eam ph\u00f4\u0309i, APP, vi\u00eam \u0111a xoang, vi\u00eam r\u00f4\u0301n, vi\u00eam kh\u01a1\u0301p.<\/li>\n<\/ul>\n<p><strong>C\u00c1CH D\u00d9NG:<\/strong><\/p>\n<p>Pha n\u01b0\u01a1\u0301c u\u00f4\u0301ng, du\u0300ng 3-5 nga\u0300y<\/p>\n<ul>\n<li>Ga\u0300, vi\u0323t, ngan, cu\u0301t: 1 g\/ 2,5-4 li\u0301t n\u01b0\u01a1\u0301c u\u00f4\u0301ng, t\u01b0\u01a1ng \u0111\u01b0\u01a1ng 1 g\/ 12,5-20 kg th\u00ea\u0309 tro\u0323ng\/nga\u0300y.<\/li>\n<li>Heo, b\u00ea, nghe\u0301, d\u00ea, c\u01b0\u0300u: 1g\/10 kg th\u00ea\u0309 tro\u0323ng\/nga\u0300y<\/li>\n<\/ul>\n<p><strong>QUY C\u00c1CH:<\/strong><\/p>\n<p>G\u00f3i 1kg (10x100g)<\/p>\n<p><strong>S\u1ea2N XU\u1ea4T T\u1ea0I:<\/strong><\/p>\n<p>C\u00f4ng ty Medion Vi\u1ec7t Nam<\/p>\n","protected":false},"excerpt":{"rendered":"<p>\u0110\u1eb7c tr\u1ecb hen g\u00e0- kh\u1eb9c v\u1ecbt &#8211; suy\u1ec5n heo, S\u01b0ng \u0111\u1ea7u- ph\u00f9 m\u1eb7t \u2013 ORT \u2013 Vi\u00eam ru\u1ed9t ho\u1ea1i t\u1eed<\/p>\n","protected":false},"featured_media":2608,"comment_status":"open","ping_status":"closed","template":"","meta":[],"dang_san_pham":[118],"product_brand":[],"product_cat":[74,79,78,77,81,83,62,59,60,61,65],"product_tag":[259,258],"class_list":{"0":"post-2607","1":"product","2":"type-product","3":"status-publish","4":"has-post-thumbnail","6":"dang_san_pham-dang-bot-tan","7":"product_cat-khang-sinh","8":"product_cat-khang-sinh-cho-dai-gia-suc","9":"product_cat-khang-sinh-cho-ga","10":"product_cat-khang-sinh-cho-heo","11":"product_cat-khang-sinh-cho-thuy-cam","12":"product_cat-khang-sinh-cho-vat-nuoi-khac","13":"product_cat-san-pham-cho-dai-gia-suc","14":"product_cat-san-pham-cho-ga","15":"product_cat-san-pham-cho-heo","16":"product_cat-san-pham-cho-thuy-cam","17":"product_cat-san-pham-cho-vat-nuoi-khac","18":"product_tag-amogen","19":"product_tag-amogen-powder","21":"first","22":"instock","23":"shipping-taxable","24":"product-type-simple"},"acf":[],"_links":{"self":[{"href":"https:\/\/greenvet.sharecode.io.vn\/index.php?rest_route=\/wp\/v2\/product\/2607","targetHints":{"allow":["GET"]}}],"collection":[{"href":"https:\/\/greenvet.sharecode.io.vn\/index.php?rest_route=\/wp\/v2\/product"}],"about":[{"href":"https:\/\/greenvet.sharecode.io.vn\/index.php?rest_route=\/wp\/v2\/types\/product"}],"replies":[{"embeddable":true,"href":"https:\/\/greenvet.sharecode.io.vn\/index.php?rest_route=%2Fwp%2Fv2%2Fcomments&post=2607"}],"wp:featuredmedia":[{"embeddable":true,"href":"https:\/\/greenvet.sharecode.io.vn\/index.php?rest_route=\/wp\/v2\/media\/2608"}],"wp:attachment":[{"href":"https:\/\/greenvet.sharecode.io.vn\/index.php?rest_route=%2Fwp%2Fv2%2Fmedia&parent=2607"}],"wp:term":[{"taxonomy":"dang_san_pham","embeddable":true,"href":"https:\/\/greenvet.sharecode.io.vn\/index.php?rest_route=%2Fwp%2Fv2%2Fdang_san_pham&post=2607"},{"taxonomy":"product_brand","embeddable":true,"href":"https:\/\/greenvet.sharecode.io.vn\/index.php?rest_route=%2Fwp%2Fv2%2Fproduct_brand&post=2607"},{"taxonomy":"product_cat","embeddable":true,"href":"https:\/\/greenvet.sharecode.io.vn\/index.php?rest_route=%2Fwp%2Fv2%2Fproduct_cat&post=2607"},{"taxonomy":"product_tag","embeddable":true,"href":"https:\/\/greenvet.sharecode.io.vn\/index.php?rest_route=%2Fwp%2Fv2%2Fproduct_tag&post=2607"}],"curies":[{"name":"wp","href":"https:\/\/api.w.org\/{rel}","templated":true}]}}