{"id":2611,"date":"2022-11-08T11:00:46","date_gmt":"2022-11-08T04:00:46","guid":{"rendered":"https:\/\/greenvet.sharecode.io.vn\/?post_type=product&#038;p=2611"},"modified":"2022-11-11T11:40:32","modified_gmt":"2022-11-11T04:40:32","slug":"f-100-premix","status":"publish","type":"product","link":"https:\/\/greenvet.sharecode.io.vn\/?product=f-100-premix","title":{"rendered":"F-100 Premix"},"content":{"rendered":"<p><strong>TH\u00c0NH PH\u1ea6N:<\/strong><\/p>\n<p>Trong 1g c\u00f3: Florfenicol\u2026\u2026\u2026\u2026\u2026\u2026\u2026\u2026\u2026&#8230;100 mg<\/p>\n<p><strong>C\u00d4NG D\u1ee4NG:<\/strong><\/p>\n<p>Kh\u00e1ng sinh tr\u1ed9n th\u1ee9c \u0103n ph\u00f2ng, tr\u1ecb b\u1ec7nh nhi\u1ec5m khu\u1ea9n h\u00f4 h\u1ea5p, ti\u00eau h\u00f3a nh\u01b0 vi\u00eam ph\u00f4\u0309i &#8211; ma\u0300ng ph\u00f4\u0309i (APP), tu\u0323 huy\u00ea\u0301t tru\u0300ng, li\u00ean c\u00e2\u0300u khu\u00e2\u0309n va\u0300 ca\u0301c b\u00ea\u0323nh h\u00f4 h\u00e2\u0301p kha\u0301c v\u00e0 vi\u00eam ru\u00f4\u0323t, th\u01b0\u01a1ng ha\u0300n do Salmonella cho gia s\u00fac, gia c\u1ea7m.<\/p>\n<p><strong>C\u00c1CH D\u00d9NG:<\/strong><\/p>\n<p>Tr\u1ed9n th\u1ee9c \u0103n.<\/p>\n<ul>\n<li>Li\u1ec1u ph\u00f2ng: 1 kg\/5 t\u1ea5n th\u1ee9c \u0103n, d\u00f9ng trong 7-10 ng\u00e0y li\u00ean ti\u1ebfp.<\/li>\n<li>Li\u1ec1u tr\u1ecb: 1 kg\/2,5 t\u1ea5n th\u1ee9c \u0103n, d\u00f9ng trong 3-5 ng\u00e0y.<\/li>\n<\/ul>\n<p><strong>QUY C\u00c1CH:<\/strong><\/p>\n<p>G\u00f3i 1kg (10x100g)<\/p>\n<p><strong>S\u1ea2N XU\u1ea4T T\u1ea0I:<\/strong><\/p>\n<p>C\u00f4ng ty Medion Vi\u1ec7t Nam<\/p>\n","protected":false},"excerpt":{"rendered":"<p>Ch\u1ee7 tr\u1ecb c\u00e1c b\u1ec7nh nhi\u1ec5m khu\u1ea9n \u0111\u01b0\u1eddng h\u00f4 h\u1ea5p, ti\u00eau h\u00f3a<\/p>\n","protected":false},"featured_media":2617,"comment_status":"open","ping_status":"closed","template":"","meta":[],"dang_san_pham":[120],"product_brand":[],"product_cat":[74,62,59,60,61,65],"product_tag":[264,263,262],"class_list":{"0":"post-2611","1":"product","2":"type-product","3":"status-publish","4":"has-post-thumbnail","6":"dang_san_pham-dang-bot-tron-thuc-an","7":"product_cat-khang-sinh","8":"product_cat-san-pham-cho-dai-gia-suc","9":"product_cat-san-pham-cho-ga","10":"product_cat-san-pham-cho-heo","11":"product_cat-san-pham-cho-thuy-cam","12":"product_cat-san-pham-cho-vat-nuoi-khac","13":"product_tag-f-100","14":"product_tag-f-100-premix","15":"product_tag-f-100-premix-1kg","17":"first","18":"instock","19":"shipping-taxable","20":"product-type-simple"},"acf":[],"_links":{"self":[{"href":"https:\/\/greenvet.sharecode.io.vn\/index.php?rest_route=\/wp\/v2\/product\/2611","targetHints":{"allow":["GET"]}}],"collection":[{"href":"https:\/\/greenvet.sharecode.io.vn\/index.php?rest_route=\/wp\/v2\/product"}],"about":[{"href":"https:\/\/greenvet.sharecode.io.vn\/index.php?rest_route=\/wp\/v2\/types\/product"}],"replies":[{"embeddable":true,"href":"https:\/\/greenvet.sharecode.io.vn\/index.php?rest_route=%2Fwp%2Fv2%2Fcomments&post=2611"}],"wp:featuredmedia":[{"embeddable":true,"href":"https:\/\/greenvet.sharecode.io.vn\/index.php?rest_route=\/wp\/v2\/media\/2617"}],"wp:attachment":[{"href":"https:\/\/greenvet.sharecode.io.vn\/index.php?rest_route=%2Fwp%2Fv2%2Fmedia&parent=2611"}],"wp:term":[{"taxonomy":"dang_san_pham","embeddable":true,"href":"https:\/\/greenvet.sharecode.io.vn\/index.php?rest_route=%2Fwp%2Fv2%2Fdang_san_pham&post=2611"},{"taxonomy":"product_brand","embeddable":true,"href":"https:\/\/greenvet.sharecode.io.vn\/index.php?rest_route=%2Fwp%2Fv2%2Fproduct_brand&post=2611"},{"taxonomy":"product_cat","embeddable":true,"href":"https:\/\/greenvet.sharecode.io.vn\/index.php?rest_route=%2Fwp%2Fv2%2Fproduct_cat&post=2611"},{"taxonomy":"product_tag","embeddable":true,"href":"https:\/\/greenvet.sharecode.io.vn\/index.php?rest_route=%2Fwp%2Fv2%2Fproduct_tag&post=2611"}],"curies":[{"name":"wp","href":"https:\/\/api.w.org\/{rel}","templated":true}]}}