{"id":2612,"date":"2022-11-08T11:14:11","date_gmt":"2022-11-08T04:14:11","guid":{"rendered":"https:\/\/greenvet.sharecode.io.vn\/?post_type=product&#038;p=2612"},"modified":"2022-11-11T11:46:32","modified_gmt":"2022-11-11T04:46:32","slug":"clos-bmd","status":"publish","type":"product","link":"https:\/\/greenvet.sharecode.io.vn\/?product=clos-bmd","title":{"rendered":"Clos-BMD"},"content":{"rendered":"<p><strong>TH\u00c0NH PH\u1ea6N:<\/strong><\/p>\n<p>Trong 1 g c\u00f3: Bacitracin methylene disalicylate \u2026\u2026.100 mg<\/p>\n<p><strong>C\u00d4NG D\u1ee4NG:<\/strong><\/p>\n<ul>\n<li>G\u00e0, c\u00fat th\u1ecbt v\u00e0 \u0111\u1ebb: \u0110\u1eb7c tr\u1ecb vi\u00eam ru\u1ed9t ho\u1ea1i t\u1eed, ch\u1ebft \u0111\u1ed9t t\u1eed, t\u00edm m\u00e0o, s\u1ed1t cao do Clostridium spp, t\u1ee5 huy\u1ebft tr\u00f9ng, v\u00e0 c\u00e1c b\u1ec7nh nhi\u1ec5m khu\u1ea9n kh\u00e1c tr\u00ean gia c\u1ea7m<\/li>\n<li>Heo: \u0110\u1eb7c tr\u1ecb v\u00e0 ki\u1ec3m so\u00e1t hi\u1ec7u qu\u1ea3 b\u1ec7nh vi\u00eam ru\u1ed9t ho\u1ea1i t\u1eed, heo ch\u1ebft \u0111\u1ed9t t\u1eed, ti\u00eau ch\u1ea3y m\u1ea1n t\u00ednh, c\u00f3 m\u00e1u, ph\u00e2n b\u00f9n, h\u1ed3ng l\u1ef5 \u1edf heo<\/li>\n<li>Kh\u00e1ng sinh an to\u00e0n, ph\u1ed5 r\u1ed9ng, t\u0103ng t\u1ef7 l\u1ec7 \u0111\u1ebb, k\u00edch th\u00edch sinh tr\u01b0\u1edfng, gia t\u0103ng hi\u1ec7u qu\u1ea3 s\u1eed d\u1ee5ng th\u1ee9c \u0103n, gi\u1ea3m FCR, t\u0103ng ch\u1ea5t l\u01b0\u1ee3ng th\u00e2n th\u1ecbt.<\/li>\n<\/ul>\n<p><strong>C\u00c1CH D\u00d9NG:<\/strong><\/p>\n<p>Tr\u1ed9n v\u00e0o th\u1ee9c \u0103n<\/p>\n<p>G\u00e0 th\u1ecbt:<br \/>\n+ Li\u1ec1u ph\u00f2ng: 300-500 g\/t\u1ea5n th\u1ee9c \u0103n, d\u00f9ng 5-7 ng\u00e0y<br \/>\n+ Li\u1ec1u tr\u1ecb: 2 kg\/t\u1ea5n th\u1ee9c \u0103n h\u1ed7n h\u1ee3p, d\u00f9ng 5-7 ng\u00e0y<br \/>\n&#8211; G\u00e0 h\u1eadu b\u1ecb, \u0111\u1ebb, g\u00e0 gi\u1ed1ng: 1 kg\/t\u1ea5n th\u1ee9c \u0103n<br \/>\n&#8211; Chim c\u00fat: 2,2 kg\/t\u1ea5n th\u1ee9c \u0103n<\/p>\n<p>Heo th\u1ecbt, heo choai:<br \/>\n+ Ph\u00f2ng vi\u00eam ru\u1ed9t ti\u00eau ch\u1ea3y, vi\u00eam ru\u1ed9t ho\u1ea1i t\u1eed: 200-300 g\/t\u1ea5n.<br \/>\n+ Ph\u00f2ng h\u1ed3ng l\u1ef5: 2,5 kg\/t\u1ea5n th\u1ee9c \u0103n.<\/p>\n<p>N\u00e1i mang thai (gi\u00fap heo con ph\u00f2ng ch\u1ebft \u0111\u1ed9t t\u1eed, ph\u00ecnh ru\u1ed9t, ho\u1ea1i t\u1eed ru\u1ed9t): 2,5 kg\/t\u1ea5n d\u00f9ng 14 ng\u00e0y tr\u01b0\u1edbc sinh<br \/>\nv\u00e0 d\u00f9ng t\u1edbi 21 ng\u00e0y sau sinh (trong su\u1ed1t giai \u0111o\u1ea1n nu\u00f4i con).<\/p>\n<p><strong>QUY C\u00c1CH:<\/strong><\/p>\n<p>G\u00f3i 1kg (10x100g)<\/p>\n<p><strong>S\u1ea2N XU\u1ea4T T\u1ea0I:<\/strong><\/p>\n<p>C\u00f4ng ty Medion Vi\u1ec7t Nam<\/p>\n","protected":false},"excerpt":{"rendered":"<p>\u0110\u1eb7c tr\u1ecb vi\u00eam ru\u1ed9t ho\u1ea1i t\u1eed tr\u00ean gia c\u1ea7m v\u00e0 heo, k\u00edch th\u00edch sinh tr\u01b0\u1edfng, t\u0103ng hi\u1ec7u qu\u1ea3 s\u1eed d\u1ee5ng th\u1ee9c \u0103n<\/p>\n","protected":false},"featured_media":2613,"comment_status":"open","ping_status":"closed","template":"","meta":[],"dang_san_pham":[120],"product_brand":[],"product_cat":[74,78,77,59,60],"product_tag":[265,266],"class_list":{"0":"post-2612","1":"product","2":"type-product","3":"status-publish","4":"has-post-thumbnail","6":"dang_san_pham-dang-bot-tron-thuc-an","7":"product_cat-khang-sinh","8":"product_cat-khang-sinh-cho-ga","9":"product_cat-khang-sinh-cho-heo","10":"product_cat-san-pham-cho-ga","11":"product_cat-san-pham-cho-heo","12":"product_tag-clos-bmd","13":"product_tag-clos-bmd-1kg","15":"first","16":"instock","17":"shipping-taxable","18":"product-type-simple"},"acf":[],"_links":{"self":[{"href":"https:\/\/greenvet.sharecode.io.vn\/index.php?rest_route=\/wp\/v2\/product\/2612","targetHints":{"allow":["GET"]}}],"collection":[{"href":"https:\/\/greenvet.sharecode.io.vn\/index.php?rest_route=\/wp\/v2\/product"}],"about":[{"href":"https:\/\/greenvet.sharecode.io.vn\/index.php?rest_route=\/wp\/v2\/types\/product"}],"replies":[{"embeddable":true,"href":"https:\/\/greenvet.sharecode.io.vn\/index.php?rest_route=%2Fwp%2Fv2%2Fcomments&post=2612"}],"wp:featuredmedia":[{"embeddable":true,"href":"https:\/\/greenvet.sharecode.io.vn\/index.php?rest_route=\/wp\/v2\/media\/2613"}],"wp:attachment":[{"href":"https:\/\/greenvet.sharecode.io.vn\/index.php?rest_route=%2Fwp%2Fv2%2Fmedia&parent=2612"}],"wp:term":[{"taxonomy":"dang_san_pham","embeddable":true,"href":"https:\/\/greenvet.sharecode.io.vn\/index.php?rest_route=%2Fwp%2Fv2%2Fdang_san_pham&post=2612"},{"taxonomy":"product_brand","embeddable":true,"href":"https:\/\/greenvet.sharecode.io.vn\/index.php?rest_route=%2Fwp%2Fv2%2Fproduct_brand&post=2612"},{"taxonomy":"product_cat","embeddable":true,"href":"https:\/\/greenvet.sharecode.io.vn\/index.php?rest_route=%2Fwp%2Fv2%2Fproduct_cat&post=2612"},{"taxonomy":"product_tag","embeddable":true,"href":"https:\/\/greenvet.sharecode.io.vn\/index.php?rest_route=%2Fwp%2Fv2%2Fproduct_tag&post=2612"}],"curies":[{"name":"wp","href":"https:\/\/api.w.org\/{rel}","templated":true}]}}