{"id":2616,"date":"2022-11-08T11:33:07","date_gmt":"2022-11-08T04:33:07","guid":{"rendered":"https:\/\/greenvet.sharecode.io.vn\/?post_type=product&#038;p=2616"},"modified":"2022-11-11T11:48:16","modified_gmt":"2022-11-11T04:48:16","slug":"fendox-oral-solution","status":"publish","type":"product","link":"https:\/\/greenvet.sharecode.io.vn\/?product=fendox-oral-solution","title":{"rendered":"FENDOX Oral solution"},"content":{"rendered":"<p><strong>TH\u00c0NH PH\u1ea6N:<\/strong><\/p>\n<p>Trong 1ml c\u00f3:<\/p>\n<ul>\n<li>Florphenicol \u2026\u2026\u2026\u2026..\u2026&#8230;&#8230;&#8230;&#8230;&#8230;200 mg<\/li>\n<li>Doxycycline&#8230;&#8230;&#8230;&#8230;&#8230;&#8230;&#8230;&#8230;&#8230;..100 mg<\/li>\n<\/ul>\n<p><strong>C\u00d4NG D\u1ee4NG:<\/strong><\/p>\n<p>\u0110\u1eb7c tr\u1ecb ORT, th\u01b0\u01a1ng h\u00e0n, hen, hen gh\u00e9p, s\u01b0ng phu\u0300 \u0111\u00e2\u0300u (Coryza), ti\u00eau cha\u0309y, vi\u00eam ru\u00f4\u0323t, th\u01b0\u01a1ng ha\u0300n, ba\u0323ch ly\u0323, tu\u0323 huy\u00ea\u0301t tru\u0300ng va\u0300 ca\u0301c tr\u01b0\u01a1\u0300ng h\u01a1\u0323p cha\u0309y n\u01b0\u01a1\u0301c m\u0103\u0301t, n\u01b0\u01a1\u0301c mu\u0303i kh\u00f4ng ro\u0303 nguy\u00ean nh\u00e2n, k\u00ea\u0301 pha\u0301t sau ORT, coryza, ca\u0301c b\u00ea\u0323nh do virus.<\/p>\n<p><strong>C\u00c1CH D\u00d9NG:<\/strong><\/p>\n<p>Ga\u0300, vi\u0323t, ngan, cu\u0301t, heo: Pha 1 ml\/2-3 l\u00edt n\u01b0\u1edbc u\u1ed1ng, (100 ml\/ 1 t\u00e2\u0301n th\u00ea\u0309 tro\u0323ng\/nga\u0300y), d\u00f9ng li\u00ean tu\u0323c trong 5-7 ng\u00e0y.<\/p>\n<p><strong>QUY C\u00c1CH:<\/strong><\/p>\n<p>Chai 100ml, 1 lit<\/p>\n<p><strong>S\u1ea2N XU\u1ea4T T\u1ea0I:<\/strong><\/p>\n<p>C\u00f4ng ty Medion Vi\u1ec7t Nam<\/p>\n","protected":false},"excerpt":{"rendered":"<p>\u0110\u1eb7c tr\u1ecb ORT, th\u01b0\u01a1ng h\u00e0n, hen, hen gh\u00e9p, s\u01b0ng phu\u0300 \u0111\u00e2\u0300u (Coryza), ti\u00eau cha\u0309y, vi\u00eam ru\u00f4\u0323t, th\u01b0\u01a1ng ha\u0300n, ba\u0323ch ly\u0323&#8230;<\/p>\n","protected":false},"featured_media":2618,"comment_status":"open","ping_status":"closed","template":"","meta":[],"dang_san_pham":[117],"product_brand":[],"product_cat":[74,78,77,81,83,59,60,61,65],"product_tag":[213,268,269],"class_list":{"0":"post-2616","1":"product","2":"type-product","3":"status-publish","4":"has-post-thumbnail","6":"dang_san_pham-dang-dung-dich","7":"product_cat-khang-sinh","8":"product_cat-khang-sinh-cho-ga","9":"product_cat-khang-sinh-cho-heo","10":"product_cat-khang-sinh-cho-thuy-cam","11":"product_cat-khang-sinh-cho-vat-nuoi-khac","12":"product_cat-san-pham-cho-ga","13":"product_cat-san-pham-cho-heo","14":"product_cat-san-pham-cho-thuy-cam","15":"product_cat-san-pham-cho-vat-nuoi-khac","16":"product_tag-fendox","17":"product_tag-fendox-oral-solution","18":"product_tag-oral-solution","20":"first","21":"instock","22":"shipping-taxable","23":"product-type-simple"},"acf":[],"_links":{"self":[{"href":"https:\/\/greenvet.sharecode.io.vn\/index.php?rest_route=\/wp\/v2\/product\/2616","targetHints":{"allow":["GET"]}}],"collection":[{"href":"https:\/\/greenvet.sharecode.io.vn\/index.php?rest_route=\/wp\/v2\/product"}],"about":[{"href":"https:\/\/greenvet.sharecode.io.vn\/index.php?rest_route=\/wp\/v2\/types\/product"}],"replies":[{"embeddable":true,"href":"https:\/\/greenvet.sharecode.io.vn\/index.php?rest_route=%2Fwp%2Fv2%2Fcomments&post=2616"}],"wp:featuredmedia":[{"embeddable":true,"href":"https:\/\/greenvet.sharecode.io.vn\/index.php?rest_route=\/wp\/v2\/media\/2618"}],"wp:attachment":[{"href":"https:\/\/greenvet.sharecode.io.vn\/index.php?rest_route=%2Fwp%2Fv2%2Fmedia&parent=2616"}],"wp:term":[{"taxonomy":"dang_san_pham","embeddable":true,"href":"https:\/\/greenvet.sharecode.io.vn\/index.php?rest_route=%2Fwp%2Fv2%2Fdang_san_pham&post=2616"},{"taxonomy":"product_brand","embeddable":true,"href":"https:\/\/greenvet.sharecode.io.vn\/index.php?rest_route=%2Fwp%2Fv2%2Fproduct_brand&post=2616"},{"taxonomy":"product_cat","embeddable":true,"href":"https:\/\/greenvet.sharecode.io.vn\/index.php?rest_route=%2Fwp%2Fv2%2Fproduct_cat&post=2616"},{"taxonomy":"product_tag","embeddable":true,"href":"https:\/\/greenvet.sharecode.io.vn\/index.php?rest_route=%2Fwp%2Fv2%2Fproduct_tag&post=2616"}],"curies":[{"name":"wp","href":"https:\/\/api.w.org\/{rel}","templated":true}]}}