{"id":2619,"date":"2022-11-08T11:38:39","date_gmt":"2022-11-08T04:38:39","guid":{"rendered":"https:\/\/greenvet.sharecode.io.vn\/?post_type=product&#038;p=2619"},"modified":"2022-11-11T11:49:04","modified_gmt":"2022-11-11T04:49:04","slug":"lincosol","status":"publish","type":"product","link":"https:\/\/greenvet.sharecode.io.vn\/?product=lincosol","title":{"rendered":"\u00a0Lincosol"},"content":{"rendered":"<p><strong>TH\u00c0NH PH\u1ea6N:<\/strong><\/p>\n<p>Trong 1 ml c\u00f3 ch\u1ee9a:<\/p>\n<ul>\n<li>Lincomycin . . . . . . . . . . . . . . . . . .. . . . . 100 mg<\/li>\n<li>Colistine sulphate . . . . . . .. . . . . . 2.000.000 UI<\/li>\n<\/ul>\n<p><strong>C\u00d4NG D\u1ee4NG:<\/strong><\/p>\n<p>Ph\u00f2ng v\u00e0 tr\u1ecb c\u00e1c b\u1ec7nh nh\u1ea1y c\u1ea3m v\u1edbi colistine v\u00e0 lincomycin nh\u01b0 E. coli, Salmonella g\u00e2y vi\u00eam ru\u1ed9t, ti\u00eau ch\u1ea3y, t\u1ee5 huy\u1ebft tr\u00f9ng, t\u1ee5 c\u1ea7u khu\u1ea9n (c\u1ea3 c\u00e1c ch\u1ee7ng \u0111\u00e3 kh\u00e1ng penicillin), li\u00ean c\u1ea7u khu\u1ea9n, Clostridium g\u00e2y vi\u00eam ru\u1ed9t ho\u1ea1i t\u1eed, Mycoplasma g\u00e2y b\u1ec7nh h\u00f4 h\u1ea5p v\u00e0 vi\u00eam kh\u1edbp tr\u00ean g\u00e0, b\u1ec7nh suy\u1ec5n heo.<\/p>\n<p><strong>C\u00c1CH D\u00d9NG:<\/strong><\/p>\n<p>Pha n\u01b0\u1edbc u\u1ed1ng ho\u1eb7c tr\u1ed9n th\u1ee9c \u0103n:<\/p>\n<ul>\n<li>Gia c\u1ea7m: 0,5 &#8211; 1 ml\/1 l\u00edt n\u01b0\u1edbc u\u1ed1ng\/ng\u00e0y, trong 3 &#8211; 5 ng\u00e0y.<\/li>\n<li>Heo: 0,5 &#8211; 1 ml\/1 l\u00edt n\u01b0\u1edbc u\u1ed1ng\/ng\u00e0y ho\u1eb7c 0,5 &#8211; 1 ml\/10 kg th\u1ec3 tr\u1ecdng<br \/>\ntrong 5 &#8211; 7 ng\u00e0y<\/li>\n<\/ul>\n<p><strong>QUY C\u00c1CH:<\/strong><\/p>\n<p>Chai 1 l\u00edt<\/p>\n<p><strong>S\u1ea2N XU\u1ea4T T\u1ea0I:<\/strong><\/p>\n<p>C\u00f4ng ty Medion Vi\u1ec7t Nam<\/p>\n","protected":false},"excerpt":{"rendered":"<p>\u0110\u1eb7c tr\u1ecb vi\u00eam ru\u1ed9t ho\u1ea1i t\u1eed, ti\u00eau ch\u1ea3y<\/p>\n","protected":false},"featured_media":2620,"comment_status":"open","ping_status":"closed","template":"","meta":[],"dang_san_pham":[117],"product_brand":[],"product_cat":[74,78,77,81,83,59,60,61,65],"product_tag":[270],"class_list":{"0":"post-2619","1":"product","2":"type-product","3":"status-publish","4":"has-post-thumbnail","6":"dang_san_pham-dang-dung-dich","7":"product_cat-khang-sinh","8":"product_cat-khang-sinh-cho-ga","9":"product_cat-khang-sinh-cho-heo","10":"product_cat-khang-sinh-cho-thuy-cam","11":"product_cat-khang-sinh-cho-vat-nuoi-khac","12":"product_cat-san-pham-cho-ga","13":"product_cat-san-pham-cho-heo","14":"product_cat-san-pham-cho-thuy-cam","15":"product_cat-san-pham-cho-vat-nuoi-khac","16":"product_tag-lincosol","18":"first","19":"instock","20":"shipping-taxable","21":"product-type-simple"},"acf":[],"_links":{"self":[{"href":"https:\/\/greenvet.sharecode.io.vn\/index.php?rest_route=\/wp\/v2\/product\/2619","targetHints":{"allow":["GET"]}}],"collection":[{"href":"https:\/\/greenvet.sharecode.io.vn\/index.php?rest_route=\/wp\/v2\/product"}],"about":[{"href":"https:\/\/greenvet.sharecode.io.vn\/index.php?rest_route=\/wp\/v2\/types\/product"}],"replies":[{"embeddable":true,"href":"https:\/\/greenvet.sharecode.io.vn\/index.php?rest_route=%2Fwp%2Fv2%2Fcomments&post=2619"}],"wp:featuredmedia":[{"embeddable":true,"href":"https:\/\/greenvet.sharecode.io.vn\/index.php?rest_route=\/wp\/v2\/media\/2620"}],"wp:attachment":[{"href":"https:\/\/greenvet.sharecode.io.vn\/index.php?rest_route=%2Fwp%2Fv2%2Fmedia&parent=2619"}],"wp:term":[{"taxonomy":"dang_san_pham","embeddable":true,"href":"https:\/\/greenvet.sharecode.io.vn\/index.php?rest_route=%2Fwp%2Fv2%2Fdang_san_pham&post=2619"},{"taxonomy":"product_brand","embeddable":true,"href":"https:\/\/greenvet.sharecode.io.vn\/index.php?rest_route=%2Fwp%2Fv2%2Fproduct_brand&post=2619"},{"taxonomy":"product_cat","embeddable":true,"href":"https:\/\/greenvet.sharecode.io.vn\/index.php?rest_route=%2Fwp%2Fv2%2Fproduct_cat&post=2619"},{"taxonomy":"product_tag","embeddable":true,"href":"https:\/\/greenvet.sharecode.io.vn\/index.php?rest_route=%2Fwp%2Fv2%2Fproduct_tag&post=2619"}],"curies":[{"name":"wp","href":"https:\/\/api.w.org\/{rel}","templated":true}]}}