{"id":2623,"date":"2022-11-08T11:52:32","date_gmt":"2022-11-08T04:52:32","guid":{"rendered":"https:\/\/greenvet.sharecode.io.vn\/?post_type=product&#038;p=2623"},"modified":"2022-11-11T11:50:28","modified_gmt":"2022-11-11T04:50:28","slug":"daimenton-plus-liquid","status":"publish","type":"product","link":"https:\/\/greenvet.sharecode.io.vn\/?product=daimenton-plus-liquid","title":{"rendered":"Daimenton plus Liquid"},"content":{"rendered":"<p><strong>TH\u00c0NH PH\u1ea6N:<\/strong><\/p>\n<p>Trong 1 ml c\u00f3:<\/p>\n<ul>\n<li>Sulfamonomethoxine\u2026\u2026\u2026\u2026\u2026\u2026\u2026\u2026. 400 mg<\/li>\n<li>Trimethoprim\u2026\u2026\u2026\u2026\u2026&#8230;..\u2026\u2026\u2026\u2026\u2026\u202680 mg<\/li>\n<\/ul>\n<p><strong>C\u00d4NG D\u1ee4NG:<\/strong><\/p>\n<p>\u0110\u1eb7c tr\u1ecb \u0111\u1ea7u \u0111en, k\u00fd sinh tr\u00f9ng \u0111\u01b0\u1eddng m\u00e1u, c\u1ea7u tr\u00f9ng gh\u00e9p ti\u00eau ch\u1ea3y do E.coli, th\u01b0\u01a1ng h\u00e0n (Salmonela), t\u1ee5 huy\u1ebft tr\u00f9ng, b\u1ea1i huy\u1ebft,coryza.<\/p>\n<p><strong>C\u00c1CH D\u00d9NG:<\/strong><\/p>\n<p>&#8211;<\/p>\n<ul>\n<li>Gia c\u1ea7m: Li\u1ec1u chung: 1 ml\/32 kg th\u1ec3 tr\u1ecdng\/ng\u00e0y.<\/li>\n<li>\u0110i\u1ec1u tr\u1ecb c\u1ea7u tr\u00f9ng: 1 ml\/1 l\u00edt n\u01b0\u1edbc u\u1ed1ng, d\u00f9ng 3-5 ng\u00e0y<\/li>\n<li>Heo, b\u00ea, ngh\u00e9, d\u00ea, c\u1eebu: 2 ml\/32 kg th\u1ec3 tr\u1ecdng (ho\u1eb7c 1 ml\/25-50 ml n\u01b0\u1edbc u\u1ed1ng), d\u00f9ng li\u00ean t\u1ee5c 5 ng\u00e0y.<\/li>\n<li>Th\u1ecf: 1 ml\/1 l\u00edt n\u01b0\u1edbc u\u1ed1ng, d\u00f9ng 5 ng\u00e0y.<\/li>\n<\/ul>\n<p><strong>QUY C\u00c1CH:<\/strong><\/p>\n<p>Chai 100ml, 1lit<\/p>\n<p><strong>S\u1ea2N XU\u1ea4T T\u1ea0I:<\/strong><\/p>\n<p>C\u00f4ng ty Medion Vi\u1ec7t Nam<\/p>\n","protected":false},"excerpt":{"rendered":"<p>\u0110\u1eb7c tr\u1ecb \u0111\u1ea7u \u0111en, k\u00fd sinh tr\u00f9ng \u0111\u01b0\u1eddng m\u00e1u, c\u1ea7u tr\u00f9ng gh\u00e9p ti\u00eau ch\u1ea3y do&#8230;<\/p>\n","protected":false},"featured_media":2624,"comment_status":"open","ping_status":"closed","template":"","meta":[],"dang_san_pham":[117],"product_brand":[],"product_cat":[62,59,60,61,65,114,76,102,106,104],"product_tag":[240,239,238],"class_list":{"0":"post-2623","1":"product","2":"type-product","3":"status-publish","4":"has-post-thumbnail","6":"dang_san_pham-dang-dung-dich","7":"product_cat-san-pham-cho-dai-gia-suc","8":"product_cat-san-pham-cho-ga","9":"product_cat-san-pham-cho-heo","10":"product_cat-san-pham-cho-thuy-cam","11":"product_cat-san-pham-cho-vat-nuoi-khac","12":"product_cat-thuoc-thu-y","13":"product_cat-tri-ky-sinh-trung","14":"product_cat-tri-ky-sinh-trung-cho-ga","15":"product_cat-tri-ky-sinh-trung-cho-thuy-san-tri-ky-sinh-trung","16":"product_cat-tri-ky-sinh-trung-cho-vat-nuoi-khac","17":"product_tag-daimenton","18":"product_tag-daimenton-plus","19":"product_tag-daimenton-plus-liquid","21":"first","22":"instock","23":"shipping-taxable","24":"product-type-simple"},"acf":[],"_links":{"self":[{"href":"https:\/\/greenvet.sharecode.io.vn\/index.php?rest_route=\/wp\/v2\/product\/2623","targetHints":{"allow":["GET"]}}],"collection":[{"href":"https:\/\/greenvet.sharecode.io.vn\/index.php?rest_route=\/wp\/v2\/product"}],"about":[{"href":"https:\/\/greenvet.sharecode.io.vn\/index.php?rest_route=\/wp\/v2\/types\/product"}],"replies":[{"embeddable":true,"href":"https:\/\/greenvet.sharecode.io.vn\/index.php?rest_route=%2Fwp%2Fv2%2Fcomments&post=2623"}],"wp:featuredmedia":[{"embeddable":true,"href":"https:\/\/greenvet.sharecode.io.vn\/index.php?rest_route=\/wp\/v2\/media\/2624"}],"wp:attachment":[{"href":"https:\/\/greenvet.sharecode.io.vn\/index.php?rest_route=%2Fwp%2Fv2%2Fmedia&parent=2623"}],"wp:term":[{"taxonomy":"dang_san_pham","embeddable":true,"href":"https:\/\/greenvet.sharecode.io.vn\/index.php?rest_route=%2Fwp%2Fv2%2Fdang_san_pham&post=2623"},{"taxonomy":"product_brand","embeddable":true,"href":"https:\/\/greenvet.sharecode.io.vn\/index.php?rest_route=%2Fwp%2Fv2%2Fproduct_brand&post=2623"},{"taxonomy":"product_cat","embeddable":true,"href":"https:\/\/greenvet.sharecode.io.vn\/index.php?rest_route=%2Fwp%2Fv2%2Fproduct_cat&post=2623"},{"taxonomy":"product_tag","embeddable":true,"href":"https:\/\/greenvet.sharecode.io.vn\/index.php?rest_route=%2Fwp%2Fv2%2Fproduct_tag&post=2623"}],"curies":[{"name":"wp","href":"https:\/\/api.w.org\/{rel}","templated":true}]}}