{"id":2626,"date":"2022-11-08T13:30:06","date_gmt":"2022-11-08T06:30:06","guid":{"rendered":"https:\/\/greenvet.sharecode.io.vn\/?post_type=product&#038;p=2626"},"modified":"2022-11-11T11:51:35","modified_gmt":"2022-11-11T04:51:35","slug":"pigcox-5","status":"publish","type":"product","link":"https:\/\/greenvet.sharecode.io.vn\/?product=pigcox-5","title":{"rendered":"Pigcox 5%"},"content":{"rendered":"<p><strong>TH\u00c0NH PH\u1ea6N:<\/strong><\/p>\n<p>M\u1ed7i ml ch\u1ee9a: Toltrazuril \u2026\u2026\u2026\u2026\u2026\u2026\u2026\u2026\u2026\u2026.50 mg<\/p>\n<p><strong>C\u00d4NG D\u1ee4NG:<\/strong><\/p>\n<p>Ch\u1ec9 \u0111\u1ecbnh, ph\u00f2ng, \u0111i\u1ec1u tr\u1ecb vi\u00eam ru\u1ed9t , ti\u00eau ch\u1ea3y do c\u1ea7u tr\u00f9ng Eimeria spp, Isospora spp v\u00e0 l\u00e0m gi\u1ea3m nhi\u1ec5m tr\u00f9ng \u0111\u01b0\u1eddng ru\u1ed9t tr\u00ean heo, b\u00ea, ngh\u00e9, d\u00ea, c\u1eebu non.<\/p>\n<p><strong>C\u00c1CH D\u00d9NG:<\/strong><\/p>\n<p>B\u01a1m v\u00e0o mi\u1ec7ng heo, gia s\u00fac.<\/p>\n<ul>\n<li>Heo con: 1 ml\/2,5 kg th\u1ec3 tr\u1ecdng\/ng\u00e0y (1 chai 10 ml d\u00f9ng cho 10 heo con), ph\u00f2ng ch\u1ec9 c\u1ea7n d\u00f9ng 1 l\u1ea7n duy nh\u1ea5t l\u00fac 3-5<br \/>\nng\u00e0y tu\u1ed5i, tr\u1ecb b\u1ec7nh d\u00f9ng 2 ng\u00e0y li\u00ean ti\u1ebfp (l\u1eb7p l\u1ea1i n\u1ebfu c\u1ea7n thi\u1ebft).<\/li>\n<li>B\u00ea, ngh\u00e9, d\u00ea, c\u1eebu non: 3 ml\/10 kg th\u1ec3 tr\u1ecdng, d\u00f9ng 1 l\u1ea7n duy nh\u1ea5t \u1edf 5-6 tu\u1ea7n tu\u1ed5i (Tr\u01b0\u1edbc khi b\u1eaft \u0111\u1ea7u \u0103n c\u1ecf).<\/li>\n<\/ul>\n<p><strong>QUY C\u00c1CH:<\/strong><\/p>\n<p>Chai 100ml<\/p>\n<p><strong>S\u1ea2N XU\u1ea4T T\u1ea0I:<\/strong><\/p>\n<p>Nh\u00e0 m\u00e1y MEDION VIETNAM<\/p>\n","protected":false},"excerpt":{"rendered":"<p>\u0110\u1eb7c tr\u1ecb c\u1ea7u tr\u00f9ng tr\u00ean heo<\/p>\n","protected":false},"featured_media":2627,"comment_status":"open","ping_status":"closed","template":"","meta":[],"dang_san_pham":[119],"product_brand":[],"product_cat":[62,60,114,76],"product_tag":[273,272],"class_list":{"0":"post-2626","1":"product","2":"type-product","3":"status-publish","4":"has-post-thumbnail","6":"dang_san_pham-dang-tiem","7":"product_cat-san-pham-cho-dai-gia-suc","8":"product_cat-san-pham-cho-heo","9":"product_cat-thuoc-thu-y","10":"product_cat-tri-ky-sinh-trung","11":"product_tag-pigcox","12":"product_tag-pigcox-5","14":"first","15":"instock","16":"shipping-taxable","17":"product-type-simple"},"acf":[],"_links":{"self":[{"href":"https:\/\/greenvet.sharecode.io.vn\/index.php?rest_route=\/wp\/v2\/product\/2626","targetHints":{"allow":["GET"]}}],"collection":[{"href":"https:\/\/greenvet.sharecode.io.vn\/index.php?rest_route=\/wp\/v2\/product"}],"about":[{"href":"https:\/\/greenvet.sharecode.io.vn\/index.php?rest_route=\/wp\/v2\/types\/product"}],"replies":[{"embeddable":true,"href":"https:\/\/greenvet.sharecode.io.vn\/index.php?rest_route=%2Fwp%2Fv2%2Fcomments&post=2626"}],"wp:featuredmedia":[{"embeddable":true,"href":"https:\/\/greenvet.sharecode.io.vn\/index.php?rest_route=\/wp\/v2\/media\/2627"}],"wp:attachment":[{"href":"https:\/\/greenvet.sharecode.io.vn\/index.php?rest_route=%2Fwp%2Fv2%2Fmedia&parent=2626"}],"wp:term":[{"taxonomy":"dang_san_pham","embeddable":true,"href":"https:\/\/greenvet.sharecode.io.vn\/index.php?rest_route=%2Fwp%2Fv2%2Fdang_san_pham&post=2626"},{"taxonomy":"product_brand","embeddable":true,"href":"https:\/\/greenvet.sharecode.io.vn\/index.php?rest_route=%2Fwp%2Fv2%2Fproduct_brand&post=2626"},{"taxonomy":"product_cat","embeddable":true,"href":"https:\/\/greenvet.sharecode.io.vn\/index.php?rest_route=%2Fwp%2Fv2%2Fproduct_cat&post=2626"},{"taxonomy":"product_tag","embeddable":true,"href":"https:\/\/greenvet.sharecode.io.vn\/index.php?rest_route=%2Fwp%2Fv2%2Fproduct_tag&post=2626"}],"curies":[{"name":"wp","href":"https:\/\/api.w.org\/{rel}","templated":true}]}}