{"id":2633,"date":"2022-11-08T14:28:29","date_gmt":"2022-11-08T07:28:29","guid":{"rendered":"https:\/\/greenvet.sharecode.io.vn\/?post_type=product&#038;p=2633"},"modified":"2022-11-10T11:13:58","modified_gmt":"2022-11-10T04:13:58","slug":"f-pin-inj","status":"publish","type":"product","link":"https:\/\/greenvet.sharecode.io.vn\/?product=f-pin-inj","title":{"rendered":"F-PIN inj"},"content":{"rendered":"<p><strong>TH\u00c0NH PH\u1ea6N:<\/strong><\/p>\n<p>Trong 1ml c\u00f3:<br \/>\nFlunixin \u2026\u2026\u2026\u2026\u2026\u2026\u2026\u2026\u2026..\u2026\u2026.50mg<\/p>\n<p><strong>C\u00d4NG D\u1ee4NG:<\/strong><\/p>\n<p>Kh\u00e1ng vi\u00eam, gi\u1ea3m \u0111au, h\u1ea1 s\u1ed1t, ti\u00eau \u0111\u1ed9c, an th\u1ea7n, ch\u1ed1ng co gi\u1eadt trong tr\u01b0\u1eddng h\u1ee3p s\u1ed1t cao, nhi\u1ec5m tr\u00f9ng huy\u1ebft, vi\u00eam c\u00f3 m\u1ee7,<br \/>\ns\u01b0ng, \u0111au nh\u01b0: S\u01b0ng ph\u00f9 \u0111\u1ea7u, ti\u00eau ch\u1ea3y sau cai s\u1eefa, vi\u00eam \u0111\u01b0\u1eddng h\u00f4 h\u1ea5p c\u1ea5p t\u00ednh, vi\u00eam t\u1eed cung, vi\u00eam v\u00fa, m\u1ea5t s\u1eefa (MMA),<br \/>\ntai xanh gh\u00e9p, vi\u00eam kh\u1edbp, g\u00e3y x\u01b0\u01a1ng, \u0111i\u1ec1u tr\u1ecb h\u1eadu ph\u1eabu, s\u1ed1t b\u1ecf \u0103n kh\u00f4ng r\u00f5 nguy\u00ean nh\u00e2n<\/p>\n<p><strong>C\u00c1CH D\u00d9NG:<\/strong><\/p>\n<p>Heo: Ch\u00edch b\u1eafp c\u1ed5.<br \/>\nLi\u1ec1u d\u00f9ng: 2ml\/45kg th\u1ec3 tr\u1ecdng\/ng\u00e0y, d\u00f9ng trong 3-5 ng\u00e0y.<\/p>\n<p><strong>QUY C\u00c1CH:<\/strong><\/p>\n<p>Chai 20ml, 100ml<\/p>\n<p><strong>S\u1ea2N XU\u1ea4T T\u1ea0I:<\/strong><\/p>\n<p>C\u00f4ng ty Medion Vi\u1ec7t Nam<\/p>\n","protected":false},"excerpt":{"rendered":"<p>Kh\u00e1ng vi\u00eam, h\u1ea1 s\u1ed1t, gi\u1ea3m \u0111au tr\u00ean gia s\u00fac<\/p>\n","protected":false},"featured_media":2635,"comment_status":"open","ping_status":"closed","template":"","meta":[],"dang_san_pham":[119],"product_brand":[],"product_cat":[116,75,62,60,114],"product_tag":[281,280],"class_list":{"0":"post-2633","1":"product","2":"type-product","3":"status-publish","4":"has-post-thumbnail","6":"dang_san_pham-dang-tiem","7":"product_cat-ho-tro-dieu-tri","8":"product_cat-san-pham-bo-tro","9":"product_cat-san-pham-cho-dai-gia-suc","10":"product_cat-san-pham-cho-heo","11":"product_cat-thuoc-thu-y","12":"product_tag-f-pin","13":"product_tag-f-pin-inj","15":"first","16":"instock","17":"shipping-taxable","18":"product-type-simple"},"acf":[],"_links":{"self":[{"href":"https:\/\/greenvet.sharecode.io.vn\/index.php?rest_route=\/wp\/v2\/product\/2633","targetHints":{"allow":["GET"]}}],"collection":[{"href":"https:\/\/greenvet.sharecode.io.vn\/index.php?rest_route=\/wp\/v2\/product"}],"about":[{"href":"https:\/\/greenvet.sharecode.io.vn\/index.php?rest_route=\/wp\/v2\/types\/product"}],"replies":[{"embeddable":true,"href":"https:\/\/greenvet.sharecode.io.vn\/index.php?rest_route=%2Fwp%2Fv2%2Fcomments&post=2633"}],"wp:featuredmedia":[{"embeddable":true,"href":"https:\/\/greenvet.sharecode.io.vn\/index.php?rest_route=\/wp\/v2\/media\/2635"}],"wp:attachment":[{"href":"https:\/\/greenvet.sharecode.io.vn\/index.php?rest_route=%2Fwp%2Fv2%2Fmedia&parent=2633"}],"wp:term":[{"taxonomy":"dang_san_pham","embeddable":true,"href":"https:\/\/greenvet.sharecode.io.vn\/index.php?rest_route=%2Fwp%2Fv2%2Fdang_san_pham&post=2633"},{"taxonomy":"product_brand","embeddable":true,"href":"https:\/\/greenvet.sharecode.io.vn\/index.php?rest_route=%2Fwp%2Fv2%2Fproduct_brand&post=2633"},{"taxonomy":"product_cat","embeddable":true,"href":"https:\/\/greenvet.sharecode.io.vn\/index.php?rest_route=%2Fwp%2Fv2%2Fproduct_cat&post=2633"},{"taxonomy":"product_tag","embeddable":true,"href":"https:\/\/greenvet.sharecode.io.vn\/index.php?rest_route=%2Fwp%2Fv2%2Fproduct_tag&post=2633"}],"curies":[{"name":"wp","href":"https:\/\/api.w.org\/{rel}","templated":true}]}}