{"id":2643,"date":"2022-11-08T15:08:24","date_gmt":"2022-11-08T08:08:24","guid":{"rendered":"https:\/\/greenvet.sharecode.io.vn\/?post_type=product&#038;p=2643"},"modified":"2022-11-10T11:09:40","modified_gmt":"2022-11-10T04:09:40","slug":"ade-pro","status":"publish","type":"product","link":"https:\/\/greenvet.sharecode.io.vn\/?product=ade-pro","title":{"rendered":"ADE Pro"},"content":{"rendered":"<p><strong>TH\u00c0NH PH\u1ea6N:<\/strong><\/p>\n<p>Trong 1 g c\u00f3 ch\u1ee9a:<br \/>\nVitamin A (min) 9.000.000 UI; Vitamin D3 (min) 10.000.000 UI; Vitamin E (min) 2.500 mg;<br \/>\nVitamin K3 (min) 300 mg; Vitamin B1(min) 100 mg; Vitamin B2 (min) 1.000 mg; Vitamin B6 (min) 200 mg; Vitamin B5(min) 1.500 mg; Vitamin B3(min) 3.000 mg; Vitamin B12(min) 2.000 mcg; Vitamin C(min) 7.500 mg; Biotin (min) 15.000 mcg; Acid folic 450 mg; L. Acidophilus (min) 107 CFU; B.subtillis b\u00e0o t\u1eed (min) 107 CFU; B.clausii b\u00e0o t\u1eed (min) 107 CFU<\/p>\n<p><strong>C\u00d4NG D\u1ee4NG:<\/strong><\/p>\n<p>B\u1ed5 sung vitamin gi\u00fap:<br \/>\nGia c\u1ea7m \u0111\u1ebb v\u00e0 h\u1eadu b\u1ecb: T\u0103ng kh\u1ea3 n\u0103ng ph\u00e1t d\u1ee5c, nhanh l\u00ean m\u00e0o, ddort t\u00edch, \u0111\u1ebb kh\u1ecfe, \u0111\u1ebb b\u1ec1n, k\u00e9o d\u00e0i th\u1eddi gian khai th\u00e1c tr\u1ee9ng, t\u0103ng t\u1ef7 l\u1ec7 ph\u00f4i v\u00e0 t\u1ef7 l\u1ec7 \u1ea5p n\u1edf.<br \/>\nHeo, tr\u00e2u b\u00f2: n\u00e1i mau l\u00ean gi\u1ed1ng, tang kh\u1ea3 n\u0103ng sinh s\u1ea3n, t\u0103ng ti\u1ebft s\u1eefa. Gi\u00fap t\u0103ng kh\u1ea3 n\u0103ng s\u1ea3n xu\u1ea5t tinh v\u00e0 ch\u1ea5t l\u01b0\u1ee3ng tinh tr\u00ean \u0111\u1ef1c gi\u1ed1ng<\/p>\n<p><strong>C\u00c1CH D\u00d9NG:<\/strong><\/p>\n<p>Pha n\u01b0\u1edbc u\u1ed1ng ho\u1eb7c tr\u1ed9n th\u1ee9c \u0103n.<br \/>\nLi\u1ec1u chung \u0111\u1ed1i v\u1edbi tr\u00e2u, b\u00f2, heo, g\u00e0, v\u1ecbt, ngan, c\u00fat:<br \/>\nPha n\u01b0\u1edbc u\u1ed1ng v\u1edbi li\u1ec1u: 1 g\/2 l\u00edt n\u01b0\u1edbc u\u1ed1ng.<br \/>\nTr\u1ed9n th\u1ee9c \u0103n v\u1edbi li\u1ec1u: 100 g\/100-200 kg th\u1ee9c \u0103n h\u1ed7n h\u1ee3p.<\/p>\n<p><strong>QUY C\u00c1CH:<\/strong><\/p>\n<p>G\u00f3i 1kg (10x100g)<\/p>\n<p><strong>S\u1ea2N XU\u1ea4T T\u1ea0I:<\/strong><\/p>\n<p>C\u00f4ng ty Medion Vi\u1ec7t Nam<\/p>\n","protected":false},"excerpt":{"rendered":"<p>T\u0103ng kh\u1ea3 n\u0103ng ph\u00e1t d\u1ee5c, nhanh l\u00ean m\u00e0o, \u0111\u1ecf t\u00edch, \u0111\u1ebb kh\u1ecfe, \u0111\u1ebb b\u1ec1n&#8230;<\/p>\n","protected":false},"featured_media":2645,"comment_status":"open","ping_status":"closed","template":"","meta":[],"dang_san_pham":[118],"product_brand":[],"product_cat":[75,62,59,60,61,65,114],"product_tag":[286,285],"class_list":{"0":"post-2643","1":"product","2":"type-product","3":"status-publish","4":"has-post-thumbnail","6":"dang_san_pham-dang-bot-tan","7":"product_cat-san-pham-bo-tro","8":"product_cat-san-pham-cho-dai-gia-suc","9":"product_cat-san-pham-cho-ga","10":"product_cat-san-pham-cho-heo","11":"product_cat-san-pham-cho-thuy-cam","12":"product_cat-san-pham-cho-vat-nuoi-khac","13":"product_cat-thuoc-thu-y","14":"product_tag-ade","15":"product_tag-ade-pro","17":"first","18":"instock","19":"shipping-taxable","20":"product-type-simple"},"acf":[],"_links":{"self":[{"href":"https:\/\/greenvet.sharecode.io.vn\/index.php?rest_route=\/wp\/v2\/product\/2643","targetHints":{"allow":["GET"]}}],"collection":[{"href":"https:\/\/greenvet.sharecode.io.vn\/index.php?rest_route=\/wp\/v2\/product"}],"about":[{"href":"https:\/\/greenvet.sharecode.io.vn\/index.php?rest_route=\/wp\/v2\/types\/product"}],"replies":[{"embeddable":true,"href":"https:\/\/greenvet.sharecode.io.vn\/index.php?rest_route=%2Fwp%2Fv2%2Fcomments&post=2643"}],"wp:featuredmedia":[{"embeddable":true,"href":"https:\/\/greenvet.sharecode.io.vn\/index.php?rest_route=\/wp\/v2\/media\/2645"}],"wp:attachment":[{"href":"https:\/\/greenvet.sharecode.io.vn\/index.php?rest_route=%2Fwp%2Fv2%2Fmedia&parent=2643"}],"wp:term":[{"taxonomy":"dang_san_pham","embeddable":true,"href":"https:\/\/greenvet.sharecode.io.vn\/index.php?rest_route=%2Fwp%2Fv2%2Fdang_san_pham&post=2643"},{"taxonomy":"product_brand","embeddable":true,"href":"https:\/\/greenvet.sharecode.io.vn\/index.php?rest_route=%2Fwp%2Fv2%2Fproduct_brand&post=2643"},{"taxonomy":"product_cat","embeddable":true,"href":"https:\/\/greenvet.sharecode.io.vn\/index.php?rest_route=%2Fwp%2Fv2%2Fproduct_cat&post=2643"},{"taxonomy":"product_tag","embeddable":true,"href":"https:\/\/greenvet.sharecode.io.vn\/index.php?rest_route=%2Fwp%2Fv2%2Fproduct_tag&post=2643"}],"curies":[{"name":"wp","href":"https:\/\/api.w.org\/{rel}","templated":true}]}}