{"id":2648,"date":"2022-11-08T15:36:04","date_gmt":"2022-11-08T08:36:04","guid":{"rendered":"https:\/\/greenvet.sharecode.io.vn\/?post_type=product&#038;p=2648"},"modified":"2022-11-10T11:08:49","modified_gmt":"2022-11-10T04:08:49","slug":"unilyte-vit-c","status":"publish","type":"product","link":"https:\/\/greenvet.sharecode.io.vn\/?product=unilyte-vit-c","title":{"rendered":"Unilyte Vit-C"},"content":{"rendered":"<p><strong>TH\u00c0NH PH\u1ea6N:<\/strong><\/p>\n<p>Trong 1kg c\u00f3:<br \/>\nVitamin A (min) 80.000 UI; Vitamin D3 (min) 20.000 UI; Vitamin E (min) 160 mg; Vitamin C (min) 820 mg; Vitamin B1 (min) 165 mg; Vitamin B2 (min) 160 mg; Vitamin K3 (min) 760 mg; Na+ (min-max) 60-70 g; K+ (min-max) 25-80 g<\/p>\n<p><strong>C\u00d4NG D\u1ee4NG:<\/strong><\/p>\n<p>Cung c\u1ea5p n\u0103ng l\u01b0\u1ee3ng, \u0111i\u1ec7n gi\u1ea3i v\u00e0 vitamin gi\u00fap gia s\u00fac, gia c\u1ea7m:<br \/>\n&#8211; Ch\u1ed1ng n\u00f3ng, ch\u1ed1ng m\u1ea5t n\u01b0\u1edbc, gi\u1ea3i nhi\u1ec7t<br \/>\n&#8211; B\u1ed5 sung n\u0103ng l\u01b0\u1ee3ng, n\u00e2ng cao s\u1ee9c \u0111\u1ec1 kh\u00e1ng gi\u00fap con v\u1eadt nhanh ch\u00f3ng h\u1ed3i ph\u1ee5c s\u1ee9c kh\u1ecfe trong qu\u00e1 tr\u00ecnh m\u1eafc b\u1ec7nh<br \/>\n&#8211; Ch\u1ed1ng stress sau khi c\u1eaft m\u1ecf, chuy\u1ec3n chu\u1ed3ng, l\u00e0m vaccine, thay \u0111\u1ed5i th\u1eddi ti\u1ebft \u2026<br \/>\n&#8211; Gi\u1ea3i \u0111\u1ed9c, ch\u1ed1ng xu\u1ea5t huy\u1ebft<br \/>\n&#8211; T\u0103ng t\u1ef7 l\u1ec7 \u0111\u1ebb, t\u1ef7 l\u1ec7 ph\u00f4i v\u00e0 t\u1ef7 l\u1ec7 \u1ea5p n\u1edf<br \/>\n&#8211; Gi\u00fap nhanh ti\u00eau t\u00fai l\u00f2ng \u0111\u1ecf \u1edf g\u00e0, v\u1ecbt, ngan, c\u00fat.<\/p>\n<p><strong>C\u00c1CH D\u00d9NG:<\/strong><\/p>\n<p>Tr\u1ed9n th\u1ee9c \u0103n ho\u1eb7c pha n\u01b0\u1edbc u\u1ed1ng:<br \/>\nLi\u1ec1u chung: 2-3 g\/1 l\u00edt n\u01b0\u1edbc u\u1ed1ng ho\u1eb7c 1 kg\/200-300 kg th\u1ee9c \u0103n , cho u\u1ed1ng \u0111\u1ee7 n\u01b0\u1edbc.<\/p>\n<p><strong>QUY C\u00c1CH:<\/strong><\/p>\n<p>G\u00f3i 200g, 1kg (5x200g)<\/p>\n<p><strong>S\u1ea2N XU\u1ea4T T\u1ea0I:<\/strong><\/p>\n<p>C\u00f4ng ty Medion Vi\u1ec7t Nam<\/p>\n","protected":false},"excerpt":{"rendered":"<p>Cung c\u1ea5p n\u0103ng l\u01b0\u1ee3ng, \u0111i\u1ec7n gi\u1ea3i v\u00e0 vitamin, ch\u1ed1ng n\u00f3ng, ch\u1ed1ng m\u1ea5t n\u01b0\u1edbc, gi\u1ea3i nhi\u1ec7t&#8230;.<\/p>\n","protected":false},"featured_media":2652,"comment_status":"open","ping_status":"closed","template":"","meta":[],"dang_san_pham":[118],"product_brand":[],"product_cat":[75,62,59,60,64,61,63,65,114],"product_tag":[290,289],"class_list":{"0":"post-2648","1":"product","2":"type-product","3":"status-publish","4":"has-post-thumbnail","6":"dang_san_pham-dang-bot-tan","7":"product_cat-san-pham-bo-tro","8":"product_cat-san-pham-cho-dai-gia-suc","9":"product_cat-san-pham-cho-ga","10":"product_cat-san-pham-cho-heo","11":"product_cat-san-pham-cho-thu-cung","12":"product_cat-san-pham-cho-thuy-cam","13":"product_cat-san-pham-cho-thuy-san","14":"product_cat-san-pham-cho-vat-nuoi-khac","15":"product_cat-thuoc-thu-y","16":"product_tag-unilyte","17":"product_tag-unilyte-vit-c","19":"first","20":"instock","21":"shipping-taxable","22":"product-type-simple"},"acf":[],"_links":{"self":[{"href":"https:\/\/greenvet.sharecode.io.vn\/index.php?rest_route=\/wp\/v2\/product\/2648","targetHints":{"allow":["GET"]}}],"collection":[{"href":"https:\/\/greenvet.sharecode.io.vn\/index.php?rest_route=\/wp\/v2\/product"}],"about":[{"href":"https:\/\/greenvet.sharecode.io.vn\/index.php?rest_route=\/wp\/v2\/types\/product"}],"replies":[{"embeddable":true,"href":"https:\/\/greenvet.sharecode.io.vn\/index.php?rest_route=%2Fwp%2Fv2%2Fcomments&post=2648"}],"wp:featuredmedia":[{"embeddable":true,"href":"https:\/\/greenvet.sharecode.io.vn\/index.php?rest_route=\/wp\/v2\/media\/2652"}],"wp:attachment":[{"href":"https:\/\/greenvet.sharecode.io.vn\/index.php?rest_route=%2Fwp%2Fv2%2Fmedia&parent=2648"}],"wp:term":[{"taxonomy":"dang_san_pham","embeddable":true,"href":"https:\/\/greenvet.sharecode.io.vn\/index.php?rest_route=%2Fwp%2Fv2%2Fdang_san_pham&post=2648"},{"taxonomy":"product_brand","embeddable":true,"href":"https:\/\/greenvet.sharecode.io.vn\/index.php?rest_route=%2Fwp%2Fv2%2Fproduct_brand&post=2648"},{"taxonomy":"product_cat","embeddable":true,"href":"https:\/\/greenvet.sharecode.io.vn\/index.php?rest_route=%2Fwp%2Fv2%2Fproduct_cat&post=2648"},{"taxonomy":"product_tag","embeddable":true,"href":"https:\/\/greenvet.sharecode.io.vn\/index.php?rest_route=%2Fwp%2Fv2%2Fproduct_tag&post=2648"}],"curies":[{"name":"wp","href":"https:\/\/api.w.org\/{rel}","templated":true}]}}