{"id":2663,"date":"2022-11-08T16:00:00","date_gmt":"2022-11-08T09:00:00","guid":{"rendered":"https:\/\/greenvet.sharecode.io.vn\/?post_type=product&#038;p=2663"},"modified":"2022-11-10T11:06:15","modified_gmt":"2022-11-10T04:06:15","slug":"promilk","status":"publish","type":"product","link":"https:\/\/greenvet.sharecode.io.vn\/?product=promilk","title":{"rendered":"Promilk"},"content":{"rendered":"<p><strong>TH\u00c0NH PH\u1ea6N:<\/strong><\/p>\n<p>Trong 1 kg c\u00f3:<br \/>\nProtein th\u00f4 (min) 22 %; Beo th\u00f4 (min) 14%; Lactose (min) 44 %; Canxi (min-max) 0,5-1,2 %, Ph\u00f4t pho (min-max) 0,5-1,2 %, Vitamin A (min) 40,000 UI, Vitamin D3 (min) 4,000 UI<\/p>\n<p><strong>C\u00d4NG D\u1ee4NG:<\/strong><\/p>\n<p>Promilk la\u0300 s\u01b0\u0303a non chuy\u00ean du\u0300ng thay th\u00ea\u0301 s\u01b0\u0303a me\u0323. N\u00ean du\u0300ng cho heo con t\u01b0\u0300 1 nga\u0300y tu\u00f4\u0309i \u0111\u00ea\u0301n sau cai s\u01b0\u0303a , giu\u0301p heo the\u0300m \u0103n, \u0103n nhi\u00ea\u0300u, nhanh l\u01a1\u0301n, kho\u0309e ma\u0323nh , h\u00f4\u0300ng ha\u0300o, \u0111\u00f4\u0323 \u0111\u00f4\u0300ng \u0111\u00ea\u0300u cao<br \/>\nN\u00ean du\u0300ng trong ca\u0301c tr\u01b0\u01a1\u0300ng h\u01a1\u0323p sau:<br \/>\n&#8211; Heo me\u0323 \u0111\u00f4ng con, i\u0301t s\u01b0\u0303a, ch\u00e2\u0301t l\u01b0\u01a1\u0323ng s\u01b0\u0303a heo me\u0323 ke\u0301m. Heo con co\u0300i co\u0323c, ke\u0301m \u0103n.<br \/>\n&#8211; \u0110\u0103\u0323c bi\u00ea\u0323t c\u00e2\u0300n thi\u00ea\u0301t khi heo con kh\u00f4ng co\u0301 heo me\u0323, heo me\u0323 m\u00e2\u0301t s\u01b0\u0303a ho\u0103\u0323c heo me\u0323 bi\u0323 b\u00ea\u0323nh<\/p>\n<p><strong>C\u00c1CH D\u00d9NG:<\/strong><\/p>\n<p>H\u00f2a tan \u0111\u1ec1u 150 g\/ 1 lit n\u01b0\u1edbc \u1ea5m cho heo con u\u1ed1ng<br \/>\nTr\u01b0\u1edbc khi cai s\u1eefa: Cho u\u1ed1ng theo nhu c\u1ea7u<br \/>\nSau khi cai s\u01b0a: Cho u\u1ed1ng ho\u1eb7c tr\u1ed9n th\u1ee9c \u0103n v\u1edbi li\u1ec1u 30-50 g\/ heo\/ ng\u00e0y<br \/>\nTr\u01b0\u1eddng h\u1ee3p heo con kh\u00f4ng m\u1eb9, b\u00ea, ngh\u00e9, d\u00ea, c\u1eebu, \u0111\u1ed9ng v\u1eadt non kh\u00e1c: B\u01b0\u1edbc \u0111\u1ea7u d\u00f9ng Promilk cho u\u1ed1ng t\u1eebng it m\u1ed9t , cho u\u1ed1ng nhi\u1ec1u l\u1ea7n (T\u1ed1i thi\u1ec3u 5 l\u1ea7n\/ng\u00e0y), d\u1ea7n d\u1ea7n t\u0103ng l\u00ean cho u\u1ed1ng theo nhu c\u1ea7u.<\/p>\n<p><strong>QUY C\u00c1CH:<\/strong><\/p>\n<p>G\u00f3i 500g, 1 kg<\/p>\n<p><strong>S\u1ea2N XU\u1ea4T T\u1ea0I:<\/strong><\/p>\n<p>Nh\u00e0 m\u00e1y MEDION VIETNAM<\/p>\n","protected":false},"excerpt":{"rendered":"<p>S\u01b0\u0303a non thay th\u00ea\u0301 s\u01b0\u0303a me\u0323<\/p>\n","protected":false},"featured_media":2664,"comment_status":"open","ping_status":"closed","template":"","meta":[],"dang_san_pham":[118],"product_brand":[],"product_cat":[75,60,65],"product_tag":[294,296,295],"class_list":{"0":"post-2663","1":"product","2":"type-product","3":"status-publish","4":"has-post-thumbnail","6":"dang_san_pham-dang-bot-tan","7":"product_cat-san-pham-bo-tro","8":"product_cat-san-pham-cho-heo","9":"product_cat-san-pham-cho-vat-nuoi-khac","10":"product_tag-promilk","11":"product_tag-promilk-1kg","12":"product_tag-promilk-500g","14":"first","15":"instock","16":"shipping-taxable","17":"product-type-simple"},"acf":[],"_links":{"self":[{"href":"https:\/\/greenvet.sharecode.io.vn\/index.php?rest_route=\/wp\/v2\/product\/2663","targetHints":{"allow":["GET"]}}],"collection":[{"href":"https:\/\/greenvet.sharecode.io.vn\/index.php?rest_route=\/wp\/v2\/product"}],"about":[{"href":"https:\/\/greenvet.sharecode.io.vn\/index.php?rest_route=\/wp\/v2\/types\/product"}],"replies":[{"embeddable":true,"href":"https:\/\/greenvet.sharecode.io.vn\/index.php?rest_route=%2Fwp%2Fv2%2Fcomments&post=2663"}],"wp:featuredmedia":[{"embeddable":true,"href":"https:\/\/greenvet.sharecode.io.vn\/index.php?rest_route=\/wp\/v2\/media\/2664"}],"wp:attachment":[{"href":"https:\/\/greenvet.sharecode.io.vn\/index.php?rest_route=%2Fwp%2Fv2%2Fmedia&parent=2663"}],"wp:term":[{"taxonomy":"dang_san_pham","embeddable":true,"href":"https:\/\/greenvet.sharecode.io.vn\/index.php?rest_route=%2Fwp%2Fv2%2Fdang_san_pham&post=2663"},{"taxonomy":"product_brand","embeddable":true,"href":"https:\/\/greenvet.sharecode.io.vn\/index.php?rest_route=%2Fwp%2Fv2%2Fproduct_brand&post=2663"},{"taxonomy":"product_cat","embeddable":true,"href":"https:\/\/greenvet.sharecode.io.vn\/index.php?rest_route=%2Fwp%2Fv2%2Fproduct_cat&post=2663"},{"taxonomy":"product_tag","embeddable":true,"href":"https:\/\/greenvet.sharecode.io.vn\/index.php?rest_route=%2Fwp%2Fv2%2Fproduct_tag&post=2663"}],"curies":[{"name":"wp","href":"https:\/\/api.w.org\/{rel}","templated":true}]}}