{"id":2665,"date":"2022-11-08T16:20:09","date_gmt":"2022-11-08T09:20:09","guid":{"rendered":"https:\/\/greenvet.sharecode.io.vn\/?post_type=product&#038;p=2665"},"modified":"2022-11-09T16:49:16","modified_gmt":"2022-11-09T09:49:16","slug":"paravet","status":"publish","type":"product","link":"https:\/\/greenvet.sharecode.io.vn\/?product=paravet","title":{"rendered":"Paravet"},"content":{"rendered":"<p><strong>TH\u00c0NH PH\u1ea6N:<\/strong><\/p>\n<p>M\u1ed7i g ch\u1ee9a<br \/>\nParacetamol \u2026\u2026\u2026\u2026\u2026.100 mg<\/p>\n<p><strong>C\u00d4NG D\u1ee4NG:<\/strong><\/p>\n<p>Gi\u1ea3m \u0111au, h\u1ea1 s\u1ed1t, h\u1ed7 tr\u1ee3 \u0111i\u1ec1u tr\u1ecb hi\u1ec7u qu\u1ea3 c\u00e1c b\u1ec7nh nhi\u1ec5m tr\u00f9ng, s\u1ed1t cao do virus.<br \/>\nTr\u1ee3 s\u1ee9c, tr\u1ee3 l\u1ef1c, gi\u1ea3m thi\u1ec3u c\u00e1c tri\u1ec7u ch\u1ee9ng c\u1ea3m n\u1eafng, stress khi th\u1eddi ti\u1ebft n\u00f3ng b\u1ee9c, chuy\u1ec3n \u0111\u00e0n, chuy\u1ec3n chu\u1ed3ng, m\u1eadt \u0111\u1ed9 nu\u00f4i cao<br \/>\nH\u1ec7 t\u00e1 d\u01b0\u1ee3c \u0111\u1eb7c bi\u1ec7t l\u00e0m t\u0103ng c\u01b0\u1eddng hi\u1ec7u qu\u1ea3 c\u1ee7a thu\u1ed1c. Gi\u00fap h\u1ea1 s\u1ed1t nhanh, an th\u1ea7n, t\u0103ng s\u1ee9c ch\u1ed1ng ch\u1ecbu, \u0111\u1eb7c bi\u1ec7t trong c\u00e1c tr\u01b0\u1eddng h\u1ee3p nh\u01b0 Gumboro, S\u1ed1t \u0111\u1ecf &#8211; PRRS, vi\u00eam \u0111\u01b0\u1eddng h\u00f4 h\u1ea5p c\u1ea5p<\/p>\n<p><strong>C\u00c1CH D\u00d9NG:<\/strong><\/p>\n<p>Ho\u00e0 n\u01b0\u1edbc u\u1ed1ng ho\u1eb7c tr\u1ed9n th\u1ee9c \u0103n.<br \/>\nG\u00e0, v\u1ecbt, ngan, c\u00fat: Pha 100 g\/100 l\u00edt n\u01b0\u1edbc u\u1ed1ng\/ng\u00e0y, d\u00f9ng li\u00ean t\u1ee5c 3-5 ng\u00e0y.<br \/>\nHeo: Pha 100 g\/80 l\u00edt n\u01b0\u1edbc u\u1ed1ng d\u00f9ng cho 400 kg th\u1ec3 tr\u1ecdng\/ng\u00e0y, li\u00ean t\u1ee5c 5 ng\u00e0y.<\/p>\n<p><strong>QUY C\u00c1CH:<\/strong><\/p>\n<p>G\u00f3i 1kg (10x100g)<\/p>\n<p><strong>S\u1ea2N XU\u1ea4T T\u1ea0I:<\/strong><\/p>\n<p>Nh\u00e0 m\u00e1y MEDION VIETNAM<\/p>\n","protected":false},"excerpt":{"rendered":"<p>Gi\u1ea3m \u0111au, h\u1ea1 s\u1ed1t<\/p>\n","protected":false},"featured_media":2666,"comment_status":"open","ping_status":"closed","template":"","meta":[],"dang_san_pham":[118],"product_brand":[],"product_cat":[75,59,60,61,65,114],"product_tag":[298,297],"class_list":{"0":"post-2665","1":"product","2":"type-product","3":"status-publish","4":"has-post-thumbnail","6":"dang_san_pham-dang-bot-tan","7":"product_cat-san-pham-bo-tro","8":"product_cat-san-pham-cho-ga","9":"product_cat-san-pham-cho-heo","10":"product_cat-san-pham-cho-thuy-cam","11":"product_cat-san-pham-cho-vat-nuoi-khac","12":"product_cat-thuoc-thu-y","13":"product_tag-paravet","14":"product_tag-paravet-1kg","16":"first","17":"instock","18":"shipping-taxable","19":"product-type-simple"},"acf":[],"_links":{"self":[{"href":"https:\/\/greenvet.sharecode.io.vn\/index.php?rest_route=\/wp\/v2\/product\/2665","targetHints":{"allow":["GET"]}}],"collection":[{"href":"https:\/\/greenvet.sharecode.io.vn\/index.php?rest_route=\/wp\/v2\/product"}],"about":[{"href":"https:\/\/greenvet.sharecode.io.vn\/index.php?rest_route=\/wp\/v2\/types\/product"}],"replies":[{"embeddable":true,"href":"https:\/\/greenvet.sharecode.io.vn\/index.php?rest_route=%2Fwp%2Fv2%2Fcomments&post=2665"}],"wp:featuredmedia":[{"embeddable":true,"href":"https:\/\/greenvet.sharecode.io.vn\/index.php?rest_route=\/wp\/v2\/media\/2666"}],"wp:attachment":[{"href":"https:\/\/greenvet.sharecode.io.vn\/index.php?rest_route=%2Fwp%2Fv2%2Fmedia&parent=2665"}],"wp:term":[{"taxonomy":"dang_san_pham","embeddable":true,"href":"https:\/\/greenvet.sharecode.io.vn\/index.php?rest_route=%2Fwp%2Fv2%2Fdang_san_pham&post=2665"},{"taxonomy":"product_brand","embeddable":true,"href":"https:\/\/greenvet.sharecode.io.vn\/index.php?rest_route=%2Fwp%2Fv2%2Fproduct_brand&post=2665"},{"taxonomy":"product_cat","embeddable":true,"href":"https:\/\/greenvet.sharecode.io.vn\/index.php?rest_route=%2Fwp%2Fv2%2Fproduct_cat&post=2665"},{"taxonomy":"product_tag","embeddable":true,"href":"https:\/\/greenvet.sharecode.io.vn\/index.php?rest_route=%2Fwp%2Fv2%2Fproduct_tag&post=2665"}],"curies":[{"name":"wp","href":"https:\/\/api.w.org\/{rel}","templated":true}]}}