{"id":2671,"date":"2022-11-08T16:59:38","date_gmt":"2022-11-08T09:59:38","guid":{"rendered":"https:\/\/greenvet.sharecode.io.vn\/?post_type=product&#038;p=2671"},"modified":"2022-11-08T16:59:39","modified_gmt":"2022-11-08T09:59:39","slug":"allipro","status":"publish","type":"product","link":"https:\/\/greenvet.sharecode.io.vn\/?product=allipro","title":{"rendered":"Allipro"},"content":{"rendered":"<p><strong>TH\u00c0NH PH\u1ea6N:<\/strong><\/p>\n<p>Trong 1 kg c\u00f3 ch\u1ee9a:<br \/>\nBacillus spp (min) 10^9 CFU; Saccharomyces spp (min) 10^8 CFU; Protease (min) 50.000 UI, Amylase (min) 40.000 UI; Xylanase (min) 35.000 UI, Phytase (min) 50.000 UI, Beta glucan (min) 15g<\/p>\n<p><strong>C\u00d4NG D\u1ee4NG:<\/strong><\/p>\n<p>K\u00edch th\u00edch h\u1ec7 mi\u1ec5n d\u1ecbch, t\u0103ng c\u01b0\u1eddng ho\u1ea1t \u0111\u1ed9ng<br \/>\nc\u1ee7a \u0111\u1ea1i th\u1ef1c b\u00e0o, h\u1ed7 tr\u1ee3 \u0111i\u1ec1u tr\u1ecb c\u00e1c b\u1ec7nh virus<br \/>\nch\u01b0a r\u00f5 nguy\u00ean nh\u00e2n, C\u00fam, vi\u00eam ph\u1ebf qu\u1ea3n&#8230;.<br \/>\nKi\u1ec3m so\u00e1t, \u1ee9c ch\u1ebf c\u00e1c vi khu\u1ea9n, n\u1ea5m g\u00e2y c\u00e1c<br \/>\nb\u1ec7nh \u0111\u01b0\u1eddng ti\u00eau h\u00f3a, \u0111\u01b0\u1eddng h\u00f4 h\u1ea5p nh\u01b0 ti\u00eau<br \/>\nch\u1ea3y, hen, kh\u1eb9c,..<br \/>\nH\u1ea5p th\u1ee5 \u0111\u1ed9c t\u1ed1 n\u1ea5m m\u1ed1c, \u0111\u1ed9c t\u1ed1 n\u1ed9i sinh, t\u0103ng<br \/>\ns\u1ee9c ch\u1ed1ng ch\u1ecbu, h\u1ea1n ch\u1ebf hao h\u1ee5t.<br \/>\nT\u0103ng c\u01b0\u1eddng ti\u00eau h\u00f3a, t\u0103ng h\u1ea5p thu dinh d\u01b0\u1ee1ng, gi\u1ea3m<br \/>\nFCR, gi\u00fap ph\u00e2n kh\u00f4, gi\u1ea3m m\u00f9i h\u00f4i chu\u1ed3ng nu\u00f4i.<br \/>\nS\u1eed d\u1ee5ng \u0111\u1ecbnh k\u1ef3 v\u00e0o c\u00e1c th\u1eddi \u0111i\u1ec3m th\u1eddi ti\u1ebft b\u1ea5t<br \/>\nl\u1ee3i, v\u00f9ng \u00e1p l\u1ef1c m\u1ea7m b\u1ec7nh cao<\/p>\n<p><strong>C\u00c1CH D\u00d9NG:<\/strong><\/p>\n<p>Tr\u1ed9n th\u1ee9c \u0103n ho\u1eb7c pha n\u01b0\u1edbc u\u1ed1ng.<br \/>\nTr\u1ed9n th\u1ee9c \u0103n: 1 kg\/ 300 kg th\u1ee9c \u0103n h\u1ed7n h\u1ee3p.<br \/>\nPha n\u01b0\u1edbc u\u1ed1ng: 1 g\/ 1 l\u00edt n\u01b0\u1edbc u\u1ed1ng.<\/p>\n<p><strong>QUY C\u00c1CH:<\/strong><\/p>\n<p>G\u00f3i 1kg (10x100g)<\/p>\n<p><strong>S\u1ea2N XU\u1ea4T T\u1ea0I:<\/strong><\/p>\n<p>Nh\u00e0 m\u00e1y MEDION VIETNAM<\/p>\n","protected":false},"excerpt":{"rendered":"<p>Men s\u1ed1ng cao t\u1ecfi k\u00edch th\u00edch h\u1ec7 mi\u1ec5n d\u1ecbch, h\u1ed7 tr\u1ee3 \u0111i\u1ec1u tr\u1ecb c\u00e1c b\u1ec7nh virus&#8230;<\/p>\n","protected":false},"featured_media":2672,"comment_status":"open","ping_status":"closed","template":"","meta":[],"dang_san_pham":[118],"product_brand":[],"product_cat":[75,62,59,60,64,61,63,65,114],"product_tag":[305],"class_list":{"0":"post-2671","1":"product","2":"type-product","3":"status-publish","4":"has-post-thumbnail","6":"dang_san_pham-dang-bot-tan","7":"product_cat-san-pham-bo-tro","8":"product_cat-san-pham-cho-dai-gia-suc","9":"product_cat-san-pham-cho-ga","10":"product_cat-san-pham-cho-heo","11":"product_cat-san-pham-cho-thu-cung","12":"product_cat-san-pham-cho-thuy-cam","13":"product_cat-san-pham-cho-thuy-san","14":"product_cat-san-pham-cho-vat-nuoi-khac","15":"product_cat-thuoc-thu-y","16":"product_tag-allipro","18":"first","19":"instock","20":"shipping-taxable","21":"product-type-simple"},"acf":[],"_links":{"self":[{"href":"https:\/\/greenvet.sharecode.io.vn\/index.php?rest_route=\/wp\/v2\/product\/2671","targetHints":{"allow":["GET"]}}],"collection":[{"href":"https:\/\/greenvet.sharecode.io.vn\/index.php?rest_route=\/wp\/v2\/product"}],"about":[{"href":"https:\/\/greenvet.sharecode.io.vn\/index.php?rest_route=\/wp\/v2\/types\/product"}],"replies":[{"embeddable":true,"href":"https:\/\/greenvet.sharecode.io.vn\/index.php?rest_route=%2Fwp%2Fv2%2Fcomments&post=2671"}],"wp:featuredmedia":[{"embeddable":true,"href":"https:\/\/greenvet.sharecode.io.vn\/index.php?rest_route=\/wp\/v2\/media\/2672"}],"wp:attachment":[{"href":"https:\/\/greenvet.sharecode.io.vn\/index.php?rest_route=%2Fwp%2Fv2%2Fmedia&parent=2671"}],"wp:term":[{"taxonomy":"dang_san_pham","embeddable":true,"href":"https:\/\/greenvet.sharecode.io.vn\/index.php?rest_route=%2Fwp%2Fv2%2Fdang_san_pham&post=2671"},{"taxonomy":"product_brand","embeddable":true,"href":"https:\/\/greenvet.sharecode.io.vn\/index.php?rest_route=%2Fwp%2Fv2%2Fproduct_brand&post=2671"},{"taxonomy":"product_cat","embeddable":true,"href":"https:\/\/greenvet.sharecode.io.vn\/index.php?rest_route=%2Fwp%2Fv2%2Fproduct_cat&post=2671"},{"taxonomy":"product_tag","embeddable":true,"href":"https:\/\/greenvet.sharecode.io.vn\/index.php?rest_route=%2Fwp%2Fv2%2Fproduct_tag&post=2671"}],"curies":[{"name":"wp","href":"https:\/\/api.w.org\/{rel}","templated":true}]}}