{"id":2680,"date":"2022-11-08T17:32:18","date_gmt":"2022-11-08T10:32:18","guid":{"rendered":"https:\/\/greenvet.sharecode.io.vn\/?post_type=product&#038;p=2680"},"modified":"2022-11-08T17:32:18","modified_gmt":"2022-11-08T10:32:18","slug":"miakick","status":"publish","type":"product","link":"https:\/\/greenvet.sharecode.io.vn\/?product=miakick","title":{"rendered":"MiaKick"},"content":{"rendered":"<p><strong>TH\u00c0NH PH\u1ea6N:<\/strong><\/p>\n<p>Vitamin A ; Vitamin E ; Butylhydroxytoluol (BHT) ; Butylhydroxyanisol (BHA) ; Propygallate; Bacillus licheniformis (DSM 5749), Bacillus subtilis (DSM 5750).<\/p>\n<p><strong>C\u00d4NG D\u1ee4NG:<\/strong><\/p>\n<p>Cung c\u1ea5p ngu\u1ed3n n\u0103ng l\u01b0\u1ee3ng nhanh ch\u00f3ng cho heo con gi\u00fap heo con tr\u00e1nh gi\u1ea3m th\u00e2n nhi\u1ec7t v\u00e0 k\u00edch th\u00edch h\u1ea5p thu s\u1eefa \u0111\u1ea7u nhanh ch\u00f3ng.<br \/>\n\u1ed4n \u0111\u1ecbnh h\u1ec7 vi sinh v\u1eadt \u0111\u01b0\u1eddng ru\u1ed9t gi\u00fap ph\u00f2ng ng\u1eeba r\u1ed1i lo\u1ea1n ti\u00eau h\u00f3a, ti\u00eau ch\u1ea3y s\u1edbm \u1edf heo con<br \/>\nN\u00e2ng cao h\u1ec7 mi\u1ec5n dich, t\u0103ng c\u01b0\u1eddng s\u1ee9c s\u1ed1ng cho heo con<\/p>\n<p><strong>C\u00c1CH D\u00d9NG:<\/strong><\/p>\n<p>B\u01a1m tr\u1ef1c ti\u1ebfp v\u00e0o mi\u1ec7ng.<br \/>\n&#8211; Li\u1ec1u: 2-4 ml (1-2 l\u1ea7n b\u01a1m) sau khi sinh<br \/>\n&#8211; \u0110\u1ed1i v\u1edbi heo con y\u1ebfu: 2 ml (1-2 l\u1ea7n b\u01a1m) sau sinh + 2 ml (1 l\u1ea7n b\u01a1m ) \u1edf ng\u00e0y th\u1ee9 2 sau sinh<br \/>\nC\u00f3 th\u1ec3 s\u1eed d\u1ee5ng cho heo d\u01b0\u1edbi 35 kg<\/p>\n<p><strong>QUY C\u00c1CH:<\/strong><\/p>\n<p>Chai 250ml, 100ml<\/p>\n<p><strong>S\u1ea2N XU\u1ea4T T\u1ea0I:<\/strong><\/p>\n<p>Nh\u00e0 m\u00e1y MIAVIT<\/p>\n","protected":false},"excerpt":{"rendered":"<p>Th\u1ee9c \u0103n b\u1ed5 sung dinh d\u01b0\u1ee1ng cho heo con<\/p>\n","protected":false},"featured_media":2681,"comment_status":"open","ping_status":"closed","template":"","meta":[],"dang_san_pham":[117],"product_brand":[],"product_cat":[75,60],"product_tag":[315],"class_list":{"0":"post-2680","1":"product","2":"type-product","3":"status-publish","4":"has-post-thumbnail","6":"dang_san_pham-dang-dung-dich","7":"product_cat-san-pham-bo-tro","8":"product_cat-san-pham-cho-heo","9":"product_tag-miakick","11":"first","12":"instock","13":"shipping-taxable","14":"product-type-simple"},"acf":[],"_links":{"self":[{"href":"https:\/\/greenvet.sharecode.io.vn\/index.php?rest_route=\/wp\/v2\/product\/2680","targetHints":{"allow":["GET"]}}],"collection":[{"href":"https:\/\/greenvet.sharecode.io.vn\/index.php?rest_route=\/wp\/v2\/product"}],"about":[{"href":"https:\/\/greenvet.sharecode.io.vn\/index.php?rest_route=\/wp\/v2\/types\/product"}],"replies":[{"embeddable":true,"href":"https:\/\/greenvet.sharecode.io.vn\/index.php?rest_route=%2Fwp%2Fv2%2Fcomments&post=2680"}],"wp:featuredmedia":[{"embeddable":true,"href":"https:\/\/greenvet.sharecode.io.vn\/index.php?rest_route=\/wp\/v2\/media\/2681"}],"wp:attachment":[{"href":"https:\/\/greenvet.sharecode.io.vn\/index.php?rest_route=%2Fwp%2Fv2%2Fmedia&parent=2680"}],"wp:term":[{"taxonomy":"dang_san_pham","embeddable":true,"href":"https:\/\/greenvet.sharecode.io.vn\/index.php?rest_route=%2Fwp%2Fv2%2Fdang_san_pham&post=2680"},{"taxonomy":"product_brand","embeddable":true,"href":"https:\/\/greenvet.sharecode.io.vn\/index.php?rest_route=%2Fwp%2Fv2%2Fproduct_brand&post=2680"},{"taxonomy":"product_cat","embeddable":true,"href":"https:\/\/greenvet.sharecode.io.vn\/index.php?rest_route=%2Fwp%2Fv2%2Fproduct_cat&post=2680"},{"taxonomy":"product_tag","embeddable":true,"href":"https:\/\/greenvet.sharecode.io.vn\/index.php?rest_route=%2Fwp%2Fv2%2Fproduct_tag&post=2680"}],"curies":[{"name":"wp","href":"https:\/\/api.w.org\/{rel}","templated":true}]}}